{"id":3099,"date":"2014-12-15T10:14:11","date_gmt":"2014-12-15T09:14:11","guid":{"rendered":"http:\/\/muzeumpapiernictwa.pl\/?page_id=3099"},"modified":"2025-09-23T08:29:53","modified_gmt":"2025-09-23T06:29:53","slug":"sponsorzy-i-darczyncy","status":"publish","type":"page","link":"https:\/\/muzeumpapiernictwa.pl\/cz\/sponzorum-a-darcum\/","title":{"rendered":"Sponzor\u016fm a d\u00e1rc\u016fm"},"content":{"rendered":"<p><\/p>\n<h3><strong>Obsah se p\u0159ipravuje.<\/strong><\/h3>\n<h3><strong>Omlouv\u00e1me se a vra\u0165te se brzy zp\u011bt.<\/strong><\/h3>\n<\/p>\n<p><\/p>","protected":false},"excerpt":{"rendered":"<p>Obsah se p\u0159ipravuje. Omlouv\u00e1me se a vra\u0165te se brzy zp\u011bt.<\/p>\n","protected":false},"author":1,"featured_media":0,"parent":0,"menu_order":912,"comment_status":"open","ping_status":"open","template":"","meta":{"_acf_changed":false,"ngg_post_thumbnail":0,"footnotes":""},"class_list":["post-3099","page","type-page","status-publish","hentry"],"acf":[],"_links":{"self":[{"href":"https:\/\/muzeumpapiernictwa.pl\/cz\/wp-json\/wp\/v2\/pages\/3099","targetHints":{"allow":["GET"]}}],"collection":[{"href":"https:\/\/muzeumpapiernictwa.pl\/cz\/wp-json\/wp\/v2\/pages"}],"about":[{"href":"https:\/\/muzeumpapiernictwa.pl\/cz\/wp-json\/wp\/v2\/types\/page"}],"author":[{"embeddable":true,"href":"https:\/\/muzeumpapiernictwa.pl\/cz\/wp-json\/wp\/v2\/users\/1"}],"replies":[{"embeddable":true,"href":"https:\/\/muzeumpapiernictwa.pl\/cz\/wp-json\/wp\/v2\/comments?post=3099"}],"version-history":[{"count":7,"href":"https:\/\/muzeumpapiernictwa.pl\/cz\/wp-json\/wp\/v2\/pages\/3099\/revisions"}],"predecessor-version":[{"id":24784,"href":"https:\/\/muzeumpapiernictwa.pl\/cz\/wp-json\/wp\/v2\/pages\/3099\/revisions\/24784"}],"wp:attachment":[{"href":"https:\/\/muzeumpapiernictwa.pl\/cz\/wp-json\/wp\/v2\/media?parent=3099"}],"curies":[{"name":"wp","href":"https:\/\/api.w.org\/{rel}","templated":true}]}}