{"id":303,"date":"2014-11-21T12:17:18","date_gmt":"2014-11-21T11:17:18","guid":{"rendered":"http:\/\/muzeumpapiernictwa.pl\/?page_id=303"},"modified":"2017-08-29T10:07:53","modified_gmt":"2017-08-29T08:07:53","slug":"wystawy-czasowe","status":"publish","type":"page","link":"https:\/\/muzeumpapiernictwa.pl\/cz\/zive-muzeum\/vystavy\/kratkodobe-vystavy\/","title":{"rendered":"Kr\u00e1tkodob\u00e9 v\u00fdstavy"},"content":{"rendered":"<p><\/p>\n<p>Velice d\u016fle\u017eitou sou\u010d\u00e1st\u00ed kulturn\u00ed \u010dinnosti Muzea jsou kr\u00e1tkodob\u00e9 v\u00fdstavy. V\u011bt\u0161inou jsou spojeny s pap\u00edrem \u2013 nej\u010dast\u011bji se jedn\u00e1 o v\u00fdstavy um\u011bn\u00ed pap\u00edru, \u010d\u00e1st v\u00fdstav je v\u011bnov\u00e1na um\u011bleck\u00fdm prac\u00edm vznikaj\u00edc\u00edm na pap\u00edru (grafika, mal\u00ed\u0159stv\u00ed), dal\u0161\u00edm pap\u00edrensk\u00fdm a tiska\u0159sk\u00fdm technik\u00e1m nebo prezentuj\u00ed skupiny pap\u00edrov\u00fdch v\u00fdrobku (bankovky, z\u00e1stupn\u00e9 pen\u00edze, cestovn\u00ed pasy).<\/p>\n<p>Historick\u00e9 expozice, kter\u00e9 jsou v muzeu k vid\u011bn\u00ed, se t\u00fdkaj\u00ed p\u0159edev\u0161\u00edm obce Duszniki-Zdr\u00f3j, Kladska a Doln\u00edho Slezska. N\u011bkter\u00e9 v\u00fdstavy jsou spojeny s fungov\u00e1n\u00ed Muzea v lok\u00e1ln\u00edm kontextu \u2013 t\u00fdkaj\u00ed se m\u00edstn\u00edch tv\u016frc\u016f, v\u010detn\u011b t\u011bch nejmlad\u0161\u00edch.<\/p>\n<p>Organizujeme 10-12 kr\u00e1tkodob\u00fdch v\u00fdstav ro\u010dn\u011b, d\u00e1le pak um\u011bleck\u00e9 plen\u00e9ry a mnoh\u00e9 slavnosti. Pr\u016fm\u011brn\u00e1 doba trvan\u00ed v\u00fdstavy je p\u0159ibli\u017en\u011b m\u011bs\u00edc. \u010casto v\u00fdstavy doprov\u00e1z\u00ed vyd\u00e1n\u00ed katalogu. V\u00fdstavy jsou \u0161iroce propagov\u00e1ny, hlavn\u011b na internetov\u00fdch str\u00e1nk\u00e1ch, soci\u00e1ln\u00edch s\u00edt\u00edch a v m\u00edstn\u00edm tisku.<\/p>\n<p>V\u00fdstavy se konaj\u00ed v galerii, kter\u00e1 se nach\u00e1z\u00ed v p\u016fvodn\u00edch letn\u00edch obytn\u00fdch pokoj\u00edch hlavn\u00ed budovy pap\u00edrny. Aby mohlo roz\u0161\u00ed\u0159it svou \u010dinnost, v roce 2008 Muzeum p\u0159izp\u016fsobilo p\u0159ilehlou m\u00edstnost, vyu\u017e\u00edvanou d\u0159\u00edve k su\u0161en\u00ed \u010derpan\u00e9ho pap\u00edru, a za\u0159\u00eddilo v n\u00ed v\u00fdstavn\u00ed prostor. Ale b\u011bhem roku 2012, po zah\u00e1jen\u00ed projektu p\u0159estavby a adaptace budovy su\u0161\u00edrny, bylo nutn\u00e9 vyst\u011bhovat kancel\u00e1\u0159e na obdob\u00ed veden\u00ed prac\u00ed. Z d\u016fvodu nedostatku jin\u00fdch m\u00edstnost\u00ed musely b\u00fdt um\u00edst\u011bny v nov\u00e9m v\u00fdstavn\u00edm s\u00e1le. Teprve zakon\u010den\u00ed projektu p\u0159estavby a p\u0159izp\u016fsoben\u00ed budovy su\u0161\u00edrny navr\u00e1t\u00ed tuto m\u00edstnost jej\u00edmu um\u011bleck\u00e9mu \u00fa\u010delu.<\/p>\n<\/p>\n<p><\/p>","protected":false},"excerpt":{"rendered":"<p>Velice d\u016fle\u017eitou sou\u010d\u00e1st\u00ed kulturn\u00ed \u010dinnosti Muzea jsou kr\u00e1tkodob\u00e9 v\u00fdstavy. V\u011bt\u0161inou jsou spojeny s pap\u00edrem \u2013 nej\u010dast\u011bji se jedn\u00e1 o v\u00fdstavy um\u011bn\u00ed pap\u00edru, \u010d\u00e1st v\u00fdstav je v\u011bnov\u00e1na um\u011bleck\u00fdm prac\u00edm vznikaj\u00edc\u00edm na pap\u00edru (grafika, mal\u00ed\u0159stv\u00ed), dal\u0161\u00edm pap\u00edrensk\u00fdm a tiska\u0159sk\u00fdm technik\u00e1m nebo prezentuj\u00ed skupiny pap\u00edrov\u00fdch v\u00fdrobku (bankovky, z\u00e1stupn\u00e9 pen\u00edze, cestovn\u00ed pasy). Historick\u00e9 expozice, kter\u00e9 jsou v muzeu k [&hellip;]<\/p>\n","protected":false},"author":1,"featured_media":0,"parent":89,"menu_order":1023,"comment_status":"open","ping_status":"open","template":"","meta":{"_acf_changed":false,"ngg_post_thumbnail":0,"footnotes":""},"class_list":["post-303","page","type-page","status-publish","hentry"],"acf":[],"_links":{"self":[{"href":"https:\/\/muzeumpapiernictwa.pl\/cz\/wp-json\/wp\/v2\/pages\/303","targetHints":{"allow":["GET"]}}],"collection":[{"href":"https:\/\/muzeumpapiernictwa.pl\/cz\/wp-json\/wp\/v2\/pages"}],"about":[{"href":"https:\/\/muzeumpapiernictwa.pl\/cz\/wp-json\/wp\/v2\/types\/page"}],"author":[{"embeddable":true,"href":"https:\/\/muzeumpapiernictwa.pl\/cz\/wp-json\/wp\/v2\/users\/1"}],"replies":[{"embeddable":true,"href":"https:\/\/muzeumpapiernictwa.pl\/cz\/wp-json\/wp\/v2\/comments?post=303"}],"version-history":[{"count":11,"href":"https:\/\/muzeumpapiernictwa.pl\/cz\/wp-json\/wp\/v2\/pages\/303\/revisions"}],"predecessor-version":[{"id":9937,"href":"https:\/\/muzeumpapiernictwa.pl\/cz\/wp-json\/wp\/v2\/pages\/303\/revisions\/9937"}],"up":[{"embeddable":true,"href":"https:\/\/muzeumpapiernictwa.pl\/cz\/wp-json\/wp\/v2\/pages\/89"}],"wp:attachment":[{"href":"https:\/\/muzeumpapiernictwa.pl\/cz\/wp-json\/wp\/v2\/media?parent=303"}],"curies":[{"name":"wp","href":"https:\/\/api.w.org\/{rel}","templated":true}]}}