{"id":2513,"date":"2014-12-08T14:07:41","date_gmt":"2014-12-08T13:07:41","guid":{"rendered":"http:\/\/muzeumpapiernictwa.pl\/?page_id=2513"},"modified":"2025-03-11T08:56:13","modified_gmt":"2025-03-11T07:56:13","slug":"kontakt","status":"publish","type":"page","link":"https:\/\/muzeumpapiernictwa.pl\/cz\/kontakt\/","title":{"rendered":"Kontakt"},"content":{"rendered":"<p><\/p>\n<h3><strong>MUZEUM PAP\u00cdRENSTV\u00cd V\u00a0DUSZNIK\u00c1CH ZDROJI<\/strong><\/h3>\n<p>ul. K\u0142odzka 42, 57-340 Duszniki Zdr\u00f3j<\/p>\n<p>tel: <strong>074 862 74 00<\/strong><\/p>\n<p>fax: <strong>074 862 74 10<\/strong><\/p>\n<p>e-mail: <span id=\"cloak49156\"><a title=\"[GMCP] Compose a new mail to biuro@muzpap.pl\" href=\"mailto:biuro@muzpap.pl\" rel=\"noreferrer\" class=\"clean\">biuro@muzpap.pl<\/a><\/span><\/p>\n<p><iframe loading=\"lazy\" style=\"border: 0;\" src=\"https:\/\/www.google.com\/maps\/embed?pb=!1m14!1m8!1m3!1d5085.922903365292!2d16.395592!3d50.40455599999997!3m2!1i1024!2i768!4f13.1!3m3!1m2!1s0x470e6cef863f9d33%3A0x402c878f9fdc11fb!2sMuzeum+Papiernictwa+w+Dusznikach+Zdroju!5e0!3m2!1spl!2spl!4v1418045493740\" width=\"100%\" height=\"350px\" frameborder=\"0\"><\/iframe><\/p>\n<h3><strong>Kdo je kdo?<\/strong><\/h3>\n<p><strong>\u0158editel Muzea pap\u00edrenstv\u00ed v Dusznik\u00e1ch Zdroji<\/strong><\/p>\n<p>Maciej Szymczyk<\/p>\n<p><span id=\"cloak40349\"><a title=\"[GMCP] Compose a new mail to mszymczy@muzpap.pl\" href=\"mailto:mszymczy@muzpap.pl\" rel=\"noreferrer\" class=\"clean\">mszymczy@muzpap.pl<\/a><\/span><\/p>\n<p><strong>Z\u00e1stupce \u0159editele Muzea pap\u00edrenstv\u00ed v\u00a0Dusznik\u00e1ch Zdroji<\/strong><\/p>\n<p>Joanna Seredy\u0144ska<\/p>\n<p><span id=\"cloak32208\"><a title=\"[GMCP] Compose a new mail to jseredyn@muzpap.pl\" href=\"mailto:jseredyn@muzpap.pl\" rel=\"noreferrer\" class=\"clean\">jseredyn@muzpap.pl<\/a><\/span><\/p>\n<p><strong>Odd\u011blen\u00ed v\u00fdroby ru\u010dn\u00edho pap\u00edru<\/strong><\/p>\n<p>Vedouc\u00ed<\/p>\n<p>Agata Daniel<\/p>\n<p><span id=\"cloak79026\"><a title=\"[GMCP] Compose a new mail to adaniel@muzpap.pl\" href=\"mailto:adaniel@muzpap.pl\" rel=\"noreferrer\" class=\"clean\">adaniel@muzpap.pl<\/a><\/span><\/p>\n<p><strong>Prodej a marketing<\/strong><\/p>\n<p>Ilona Midura<\/p>\n<p><span id=\"cloak33187\"><a title=\"[GMCP] Compose a new mail to imidura@muzpap.pl\" href=\"mailto:imidura@muzpap.pl\" rel=\"noreferrer\" class=\"clean\">imidura@muzpap.pl<\/a><\/span><\/p>\n<p><strong>Hlavn\u00ed \u00fa\u010detn\u00ed<\/strong><\/p>\n<p>Janusz Janiszewski<\/p>\n<p><span id=\"cloak27064\"><a title=\"[GMCP] Compose a new mail to jjanisze@muzpap.pl\" href=\"mailto:jjanisze@muzpap.pl\" rel=\"noreferrer\" class=\"clean\">jjanisze@muzpap.pl<\/a><\/span><\/p>\n<p><strong>Sekretari\u00e1t<\/strong><\/p>\n<p>Regina Mierzewska<\/p>\n<p><span id=\"cloak5242\"><a title=\"[GMCP] Compose a new mail to biuro@muzpap.pl\" href=\"mailto:biuro@muzpap.pl\" rel=\"noreferrer\" class=\"clean\">biuro@muzpap.pl<\/a><\/span><\/p>\n<p><strong>Organiza\u010dn\u00ed pracovn\u00edci<\/strong><\/p>\n<p>Katarzyna Skowron<\/p>\n<p><span id=\"cloak34570\"><a title=\"[GMCP] Compose a new mail to kskowron@muzpap.pl\" href=\"mailto:kskowron@muzpap.pl\" rel=\"noreferrer\" class=\"clean\">kskowron@muzpap.pl<\/a><\/span><\/p>\n<p>Agnieszka Chudziak<\/p>\n<p><span id=\"cloak80647\"><a title=\"[GMCP] Compose a new mail to achudzia@muzpap.pl\" href=\"mailto:achudzia@muzpap.pl\" rel=\"noreferrer\" class=\"clean\">achudzia@muzpap.pl<\/a><\/span><\/p>\n<p>Karolina Wo\u0142oszyn-Cymbalista<\/p>\n<p><a title=\"[GMCP] Compose a new mail to achudzia@muzpap.pl\" href=\"mailto:achudzia@muzpap.pl\" rel=\"noreferrer\" class=\"clean\">achudzia@muzpap.pl<\/a><\/p>\n<p><strong>Odd\u011blen\u00ed d\u011bjin pap\u00edrenstv\u00ed<\/strong><\/p>\n<p>Vedouc\u00ed<\/p>\n<p>Teresa Windyka<\/p>\n<p><span id=\"cloak58158\"><a title=\"[GMCP] Compose a new mail to twindyka@muzpap.pl\" href=\"mailto:twindyka@muzpap.pl\" rel=\"noreferrer\" class=\"clean\">twindyka@muzpap.pl<\/a><\/span><\/p>\n<p><strong>Odd\u011blen\u00ed sou\u010dasn\u00e9ho pap\u00edrenstv\u00ed<\/strong><\/p>\n<p>Vedouc\u00ed<\/p>\n<p>Jan Ba\u0142chan<\/p>\n<p><span id=\"cloak69301\"><a title=\"[GMCP] Compose a new mail to jbalchan@muzpap.pl\" href=\"mailto:jbalchan@muzpap.pl\" rel=\"noreferrer\" class=\"clean\">jbalchan@muzpap.pl<\/a><\/span><\/p>\n<p><strong>Odd\u011blen\u00ed d\u011bjin Dusznik\u016f Zdroje<\/strong><\/p>\n<p>Vedouc\u00ed<\/p>\n<p>Beata D\u0119bowska<\/p>\n<p><span id=\"cloak26361\"><a title=\"[GMCP] Compose a new mail to bdebowsk@muzpap.pl\" href=\"mailto:bdebowsk@muzpap.pl\" rel=\"noreferrer\" class=\"clean\">bdebowsk@muzpap.pl<\/a><\/span><\/p>\n<p><strong>V\u011bdecko-vzd\u011bl\u00e1vac\u00ed odd\u011blen\u00ed<\/strong><\/p>\n<p>Vedouc\u00ed<\/p>\n<p>Dorota Zieli\u0144ska-Pytlowany<\/p>\n<p><span id=\"cloak33581\"><a title=\"[GMCP] Compose a new mail to mnowicka@muzpap.pl\" href=\"mailto:mnowicka@muzpap.pl\" rel=\"noreferrer\" class=\"clean\">mnowicka@muzpap.pl<\/a><\/span><\/p>\n<p>Marta Nowicka<\/p>\n<p><span id=\"cloak56321\"><a title=\"[GMCP] Compose a new mail to dzielins@muzpap.pl\" href=\"mailto:dzielins@muzpap.pl\" rel=\"noreferrer\" class=\"clean\">dzielins@muzpap.pl<\/a><\/span><\/p>\n<p>Dagmara Kacperowska<\/p>\n<p><span id=\"cloak64230\"><a title=\"[GMCP] Compose a new mail to dkacpero@muzpap.pl\" href=\"mailto:dkacpero@muzpap.pl\" rel=\"noreferrer\" class=\"clean\">dkacpero@muzpap.pl<\/a><\/span><\/p>\n<p><strong>Grafick\u00e1 d\u00edlna<\/strong><\/p>\n<p>Vedouc\u00ed<\/p>\n<p>Artur Goli\u0144ski<\/p>\n<p><span id=\"cloak86526\"><a title=\"[GMCP] Compose a new mail to agolinsk@muzpap.pl\" href=\"mailto:agolinsk@muzpap.pl\" rel=\"noreferrer\" class=\"clean\">agolinsk@muzpap.pl<\/a><\/span><\/p>\n<p><strong>Knihovna<\/strong><\/p>\n<p>Ewa K\u0142onowska<\/p>\n<p><span id=\"cloak31237\"><a title=\"[GMCP] Compose a new mail to eklonows@muzpap.pl\" href=\"mailto:eklonows@muzpap.pl\" rel=\"noreferrer\" class=\"clean\">eklonows@muzpap.pl<\/a><\/span><\/p>\n<\/p>\n<p><img loading=\"lazy\" decoding=\"async\" src=\"http:\/\/muzeumpapiernictwa.pl\/wp-content\/uploads\/2014\/12\/1024px-Parking_icon.svg_.png\" alt=\"1024px-Parking_icon.svg\" width=\"120\" height=\"120\" class=\"alignleft size-full wp-image-3689\" \/><\/p>\n<\/p>\n<p><\/p>","protected":false},"excerpt":{"rendered":"<p>MUZEUM PAP\u00cdRENSTV\u00cd V\u00a0DUSZNIK\u00c1CH ZDROJI ul. K\u0142odzka 42, 57-340 Duszniki Zdr\u00f3j tel: 074 862 74 00 fax: 074 862 74 10 e-mail: biuro@muzpap.pl Kdo je kdo? \u0158editel Muzea pap\u00edrenstv\u00ed v Dusznik\u00e1ch Zdroji Maciej Szymczyk mszymczy@muzpap.pl Z\u00e1stupce \u0159editele Muzea pap\u00edrenstv\u00ed v\u00a0Dusznik\u00e1ch Zdroji Joanna Seredy\u0144ska jseredyn@muzpap.pl Odd\u011blen\u00ed v\u00fdroby ru\u010dn\u00edho pap\u00edru Vedouc\u00ed Agata Daniel adaniel@muzpap.pl Prodej a marketing Ilona [&hellip;]<\/p>\n","protected":false},"author":1,"featured_media":0,"parent":0,"menu_order":145,"comment_status":"open","ping_status":"open","template":"","meta":{"_acf_changed":false,"ngg_post_thumbnail":0,"footnotes":""},"class_list":["post-2513","page","type-page","status-publish","hentry"],"acf":[],"_links":{"self":[{"href":"https:\/\/muzeumpapiernictwa.pl\/cz\/wp-json\/wp\/v2\/pages\/2513","targetHints":{"allow":["GET"]}}],"collection":[{"href":"https:\/\/muzeumpapiernictwa.pl\/cz\/wp-json\/wp\/v2\/pages"}],"about":[{"href":"https:\/\/muzeumpapiernictwa.pl\/cz\/wp-json\/wp\/v2\/types\/page"}],"author":[{"embeddable":true,"href":"https:\/\/muzeumpapiernictwa.pl\/cz\/wp-json\/wp\/v2\/users\/1"}],"replies":[{"embeddable":true,"href":"https:\/\/muzeumpapiernictwa.pl\/cz\/wp-json\/wp\/v2\/comments?post=2513"}],"version-history":[{"count":144,"href":"https:\/\/muzeumpapiernictwa.pl\/cz\/wp-json\/wp\/v2\/pages\/2513\/revisions"}],"predecessor-version":[{"id":24104,"href":"https:\/\/muzeumpapiernictwa.pl\/cz\/wp-json\/wp\/v2\/pages\/2513\/revisions\/24104"}],"wp:attachment":[{"href":"https:\/\/muzeumpapiernictwa.pl\/cz\/wp-json\/wp\/v2\/media?parent=2513"}],"curies":[{"name":"wp","href":"https:\/\/api.w.org\/{rel}","templated":true}]}}