{"id":22908,"date":"2024-06-24T14:28:08","date_gmt":"2024-06-24T12:28:08","guid":{"rendered":"https:\/\/muzeumpapiernictwa.pl\/?page_id=22908"},"modified":"2024-06-24T14:51:58","modified_gmt":"2024-06-24T12:51:58","slug":"zapytanie-ofertowe-na-opracowanie-programu-funkcjonalno-uzytkowego-wraz-z-zestawieniem-planowanych-kosztow-prac-projektowych-i-planowanych-kosztow-robot-budowlanych-dla-zadania-remont-dachow-zabytkowe","status":"publish","type":"page","link":"https:\/\/muzeumpapiernictwa.pl\/cz\/polski-bip\/polski-ogloszenia\/zapytanie-ofertowe-na-opracowanie-programu-funkcjonalno-uzytkowego-wraz-z-zestawieniem-planowanych-kosztow-prac-projektowych-i-planowanych-kosztow-robot-budowlanych-dla-zadania-remont-dachow-zabytkowe\/","title":{"rendered":"Og\u0142oszenie o zam\u00f3wieniu pn. Remont i zabezpieczenie pawilonu wej\u015bciowego M\u0142yna papierniczego w Dusznikach-Zdroju \u2013 etap II"},"content":{"rendered":"<p class=\"qtranxs-available-languages-message qtranxs-available-languages-message-cz\"><span><\/span><\/p>","protected":false},"excerpt":{"rendered":"","protected":false},"author":2,"featured_media":0,"parent":3125,"menu_order":1,"comment_status":"closed","ping_status":"closed","template":"bip.php","meta":{"_acf_changed":false,"ngg_post_thumbnail":0,"footnotes":""},"class_list":["post-22908","page","type-page","status-publish","hentry"],"acf":[],"_links":{"self":[{"href":"https:\/\/muzeumpapiernictwa.pl\/cz\/wp-json\/wp\/v2\/pages\/22908","targetHints":{"allow":["GET"]}}],"collection":[{"href":"https:\/\/muzeumpapiernictwa.pl\/cz\/wp-json\/wp\/v2\/pages"}],"about":[{"href":"https:\/\/muzeumpapiernictwa.pl\/cz\/wp-json\/wp\/v2\/types\/page"}],"author":[{"embeddable":true,"href":"https:\/\/muzeumpapiernictwa.pl\/cz\/wp-json\/wp\/v2\/users\/2"}],"replies":[{"embeddable":true,"href":"https:\/\/muzeumpapiernictwa.pl\/cz\/wp-json\/wp\/v2\/comments?post=22908"}],"version-history":[{"count":0,"href":"https:\/\/muzeumpapiernictwa.pl\/cz\/wp-json\/wp\/v2\/pages\/22908\/revisions"}],"up":[{"embeddable":true,"href":"https:\/\/muzeumpapiernictwa.pl\/cz\/wp-json\/wp\/v2\/pages\/3125"}],"wp:attachment":[{"href":"https:\/\/muzeumpapiernictwa.pl\/cz\/wp-json\/wp\/v2\/media?parent=22908"}],"curies":[{"name":"wp","href":"https:\/\/api.w.org\/{rel}","templated":true}]}}