{"id":21813,"date":"2023-12-22T10:25:53","date_gmt":"2023-12-22T09:25:53","guid":{"rendered":"https:\/\/muzeumpapiernictwa.pl\/?page_id=21813"},"modified":"2023-12-22T10:29:29","modified_gmt":"2023-12-22T09:29:29","slug":"zyczymy-i-zapraszamy","status":"publish","type":"page","link":"https:\/\/muzeumpapiernictwa.pl\/cz\/aktuality\/prejeme-vam-a-zveme-vas\/","title":{"rendered":"P\u0159ejeme v\u00e1m a zveme v\u00e1s"},"content":{"rendered":"<p><\/p>\n<p>P\u0159ejeme V\u00e1m kr\u00e1sn\u00e9, klidn\u00e9 a radostn\u00e9 V\u00e1noce a v\u0161e nejlep\u0161\u00ed v nadch\u00e1zej\u00edc\u00edm roce 2024.<\/p>\n<p>Zveme v\u00e1s k n\u00e1v\u0161t\u011bv\u011b Muzea pap\u00edru v obdob\u00ed V\u00e1noc a sv\u00e1tk\u016f.<\/p>\n<p>Otev\u00edrac\u00ed doba:<\/p>\n<p>24.-26. prosince \u2013 zav\u0159eno<\/p>\n<p>27. \u2013 31. prosince \u2013 9:00 \u2013 15:00<\/p>\n<p>1. ledna \u2013 zav\u0159eno<\/p>\n<p>2.-5.ledna \u2013 9:00-15:00<\/p>\n<p>6. ledna \u2013 zav\u0159eno<\/p>\n<p>7.-14. ledna \u2013 9:00-15:00<\/p>\n<p>8. ledna \u2013 zav\u0159eno<\/p>\n<p>9.-14. ledna \u2013 9:00-15:00<\/p>\n<p>15. ledna a\u017e 25. \u00fanora<br \/>\nPo-So 9:00-18:00, Ne. 9:00\u201316:00<\/p>\n<p>&nbsp;<\/p>\n<p><img loading=\"lazy\" decoding=\"async\" class=\"alignleft wp-image-21815\" src=\"https:\/\/muzeumpapiernictwa.pl\/wp-content\/uploads\/2023\/12\/2023-12-karta-swiateczna-MP-awers.jpg\" alt=\"\" width=\"700\" height=\"502\" srcset=\"https:\/\/muzeumpapiernictwa.pl\/wp-content\/uploads\/2023\/12\/2023-12-karta-swiateczna-MP-awers.jpg 1795w, https:\/\/muzeumpapiernictwa.pl\/wp-content\/uploads\/2023\/12\/2023-12-karta-swiateczna-MP-awers-300x215.jpg 300w, https:\/\/muzeumpapiernictwa.pl\/wp-content\/uploads\/2023\/12\/2023-12-karta-swiateczna-MP-awers-1024x734.jpg 1024w, https:\/\/muzeumpapiernictwa.pl\/wp-content\/uploads\/2023\/12\/2023-12-karta-swiateczna-MP-awers-768x551.jpg 768w, https:\/\/muzeumpapiernictwa.pl\/wp-content\/uploads\/2023\/12\/2023-12-karta-swiateczna-MP-awers-600x430.jpg 600w, https:\/\/muzeumpapiernictwa.pl\/wp-content\/uploads\/2023\/12\/2023-12-karta-swiateczna-MP-awers-1536x1101.jpg 1536w\" sizes=\"auto, (max-width: 700px) 100vw, 700px\" \/><\/p>\n<p><\/p>","protected":false},"excerpt":{"rendered":"<p>P\u0159ejeme V\u00e1m kr\u00e1sn\u00e9, klidn\u00e9 a radostn\u00e9 V\u00e1noce a v\u0161e nejlep\u0161\u00ed v nadch\u00e1zej\u00edc\u00edm roce 2024. Zveme v\u00e1s k n\u00e1v\u0161t\u011bv\u011b Muzea pap\u00edru v obdob\u00ed V\u00e1noc a sv\u00e1tk\u016f. Otev\u00edrac\u00ed doba: 24.-26. prosince \u2013 zav\u0159eno 27. \u2013 31. prosince \u2013 9:00 \u2013 15:00 1. ledna \u2013 zav\u0159eno 2.-5.ledna \u2013 9:00-15:00 6. ledna \u2013 zav\u0159eno 7.-14. ledna \u2013 9:00-15:00 8. [&hellip;]<\/p>\n","protected":false},"author":2,"featured_media":21815,"parent":137,"menu_order":1,"comment_status":"closed","ping_status":"closed","template":"","meta":{"_acf_changed":false,"ngg_post_thumbnail":0,"footnotes":""},"class_list":["post-21813","page","type-page","status-publish","has-post-thumbnail","hentry"],"acf":[],"_links":{"self":[{"href":"https:\/\/muzeumpapiernictwa.pl\/cz\/wp-json\/wp\/v2\/pages\/21813","targetHints":{"allow":["GET"]}}],"collection":[{"href":"https:\/\/muzeumpapiernictwa.pl\/cz\/wp-json\/wp\/v2\/pages"}],"about":[{"href":"https:\/\/muzeumpapiernictwa.pl\/cz\/wp-json\/wp\/v2\/types\/page"}],"author":[{"embeddable":true,"href":"https:\/\/muzeumpapiernictwa.pl\/cz\/wp-json\/wp\/v2\/users\/2"}],"replies":[{"embeddable":true,"href":"https:\/\/muzeumpapiernictwa.pl\/cz\/wp-json\/wp\/v2\/comments?post=21813"}],"version-history":[{"count":5,"href":"https:\/\/muzeumpapiernictwa.pl\/cz\/wp-json\/wp\/v2\/pages\/21813\/revisions"}],"predecessor-version":[{"id":21820,"href":"https:\/\/muzeumpapiernictwa.pl\/cz\/wp-json\/wp\/v2\/pages\/21813\/revisions\/21820"}],"up":[{"embeddable":true,"href":"https:\/\/muzeumpapiernictwa.pl\/cz\/wp-json\/wp\/v2\/pages\/137"}],"wp:featuredmedia":[{"embeddable":true,"href":"https:\/\/muzeumpapiernictwa.pl\/cz\/wp-json\/wp\/v2\/media\/21815"}],"wp:attachment":[{"href":"https:\/\/muzeumpapiernictwa.pl\/cz\/wp-json\/wp\/v2\/media?parent=21813"}],"curies":[{"name":"wp","href":"https:\/\/api.w.org\/{rel}","templated":true}]}}