{"id":20264,"date":"2023-03-31T14:27:31","date_gmt":"2023-03-31T12:27:31","guid":{"rendered":"https:\/\/muzeumpapiernictwa.pl\/?page_id=20264"},"modified":"2023-04-14T13:27:00","modified_gmt":"2023-04-14T11:27:00","slug":"narada-w-niederzwonitz-w-sprawie-wpisu-na-liste-unesco-historycznych-papierni","status":"publish","type":"page","link":"https:\/\/muzeumpapiernictwa.pl\/cz\/aktuality\/narada-w-niederzwonitz-w-sprawie-wpisu-na-liste-unesco-historycznych-papierni\/","title":{"rendered":"Konference v Niederzw\u00f6nitzu o z\u00e1pisu historick\u00fdch pap\u00edren na seznam UNESCO"},"content":{"rendered":"<p><\/p>\n<p>Dne 27. b\u0159ezna 2023 se ve m\u011bst\u011b Zw\u00f6nitz, le\u017e\u00edc\u00edm v\u00a0Sasku, konalo mezin\u00e1rodn\u00ed setk\u00e1n\u00ed k\u00a0projektu z\u00e1pisu evropsk\u00fdch pap\u00edrensk\u00fdch ml\u00fdn\u016f na Seznam sv\u011btov\u00e9ho d\u011bdictv\u00ed UNESCO. Na pozv\u00e1n\u00ed n\u011bmeck\u00fdch partner\u016f se ud\u00e1losti z\u00fa\u010dastnili z\u00e1stupci ministerstev a pam\u00e1tkov\u00fdch \u00fa\u0159ad\u016f z\u00a0\u010cesk\u00e9 republiky, N\u011bmecka a \u0160pan\u011blska a tak\u00e9 spr\u00e1vci pap\u00edrensk\u00fdch ml\u00fdn\u016f le\u017e\u00edc\u00edch v\u00a0t\u011bchto zem\u00edch, zapojen\u00fdch do projektu. Polskou stranu, kter\u00e1 je vedouc\u00edm partnerem projektu, zastupovali: \u0159editelka odboru ochrany pam\u00e1tek Ministerstva kultury a n\u00e1rodn\u00edho d\u011bdictv\u00ed dr Katarzyna Pa\u0142ubska, p\u0159edseda Polsk\u00e9ho n\u00e1rodn\u00edho v\u00fdboru Mezin\u00e1rodn\u00ed rady pro pam\u00e1tky a s\u00eddla ICOMOS prof. Bogus\u0142aw Szmygin a z\u00e1stupci Muzea pap\u00edrenstv\u00ed v\u00a0Dusznikach-Zdroji \u2013 dr hab. Maciej Szymczyk (\u0159editel), Joanna Seredy\u0144ska (z\u00e1stupkyn\u011b \u0159editele) a Emilia Dziewiecka (koncipientka).<\/p>\n<p>Setk\u00e1n\u00ed zah\u00e1jili m\u00edstn\u00ed hostitel\u00e9 \u010dili z\u00e1stupci Technick\u00e9ho muzea v Niederzw\u00f6nitzu, kte\u0159\u00ed p\u0159iv\u00edtali z\u00fa\u010dastn\u011bn\u00e9 hosty. Pak se slova ujala Frederike Hansell zastupuj\u00edc\u00ed kontaktn\u00ed m\u00edsto UNESCO v\u00a0Berl\u00edn\u011b a Eva Battis-Schinker a Christine Krebs z\u00e1stupkyn\u011b sask\u00fdch pam\u00e1tkov\u00fdch \u00fa\u0159ad\u016f z\u00a0Dr\u00e1\u017e\u010fan. Po slavnostn\u00edm \u00favodu jedn\u00e1n\u00ed se host\u00e9 vydali na prohl\u00eddku nedalek\u00e9ho pap\u00edrensk\u00e9ho ml\u00fdna v\u00a0Niederzw\u00f6nitzu, kter\u00fd se ned\u00e1vno zapojil do projektu UNESCO. Prvn\u00ed zm\u00ednky o t\u00e9to pap\u00edrn\u011b poch\u00e1zej\u00ed z\u00a0roku 1568 a tradice \u010derp\u00e1n\u00ed pap\u00edru sahaj\u00ed a\u017e do roku 1873. Dnes zde s\u00eddl\u00ed Technick\u00e9 muzeum a tradice ru\u010dn\u00ed v\u00fdroby pokra\u010duje v\u00a0r\u00e1mci workshop\u016f pro n\u00e1v\u0161t\u011bvn\u00edky. Ml\u00fdn m\u00e1 vysokou architektonickou hodnotu a je v\u00fdznamn\u00fdm bodem na m\u00edstn\u00ed a evropsk\u00e9 cest\u011b pr\u016fmyslov\u00e9ho d\u011bdictv\u00ed.<\/p>\n<p>Po n\u00e1v\u0161t\u011bv\u011b pap\u00edrensk\u00e9ho ml\u00fdna nastal \u010das na jedn\u00e1n\u00ed, jeho\u017e c\u00edlem bylo sezn\u00e1men\u00ed v\u0161ech \u00fa\u010dastn\u00edk\u016f s\u00a0projektem a stanoven\u00ed spole\u010dn\u00e9 dal\u0161\u00ed politiky pro jeho realizaci. Jako prvn\u00ed se hlasu ujala \u0159editelka Katarzyna Pa\u0142ubska, kter\u00e1 p\u0159edstavila stanovisko polsk\u00e9ho Ministerstva kultury a n\u00e1rodn\u00edho d\u011bdictv\u00ed ve vztahu k\u00a0my\u0161lence s\u00e9riov\u00e9ho z\u00e1pisu evropsk\u00fdch pap\u00edrensk\u00fdch ml\u00fdn\u016f p\u0159edindustri\u00e1ln\u00ed \u00e9ry na Seznam sv\u011btov\u00e9ho d\u011bdictv\u00ed UNESCO. Pak \u0159editel Maciej Szymczyk a Emilia Dziewiecka p\u0159ednesli \u00fa\u010dastn\u00edk\u016fm prezentaci v\u011bnovanou my\u0161lence projektu a jeho v\u00fdvoji v\u00a0posledn\u00edch letech. Vystoupen\u00ed z\u00e1stupc\u016f polsk\u00e9 strany zakon\u010dil prof. Bogus\u0142aw Szmygin, kter\u00fd prezentoval \u00fasp\u011b\u0161n\u00e9 v\u00fdsledky polsk\u00fdch odborn\u00edk\u016f, z\u00edskan\u00e9 v\u00a0r\u00e1mci v\u00fdzkumn\u00fdch expedic do evropsk\u00fdch pap\u00edrensk\u00fdch ml\u00fdn\u016f. Profesor stru\u010dn\u011b p\u0159edstavil shrom\u00e1\u017ed\u011bn\u00fdm nejzaj\u00edmav\u011bj\u0161\u00ed evropsk\u00e9 pap\u00edrny a uk\u00e1zal obrovsk\u00fd p\u0159\u00ednos polsk\u00fdch odborn\u00edk\u016f.<\/p>\n<p>Po prezentac\u00edch polsk\u00e9 strany prob\u011bhla diskuse, b\u011bhem n\u00ed\u017e si \u00fa\u010dastn\u00edci setk\u00e1n\u00ed vym\u011bnili zku\u0161enosti s\u00a0prac\u00ed na projektech UNESCO a projednali sporn\u00e9 ot\u00e1zky t\u00fdkaj\u00edc\u00ed se sou\u010dasn\u00e9ho stavu. Byl stanoven harmonogram koordinovan\u00fdch prac\u00ed v\u0161ech z\u00fa\u010dastn\u011bn\u00fdch zem\u00ed pro dal\u0161\u00ed realizaci projektu a byly navr\u017eeny p\u0159edb\u011b\u017en\u00e9 term\u00edny pro n\u00e1sledn\u00e1 setk\u00e1n\u00ed mezi z\u00e1stupci z\u00fa\u010dastn\u011bn\u00fdch zem\u00ed projektu a spr\u00e1vci pap\u00edrensk\u00fdch ml\u00fdn\u016f. Setk\u00e1n\u00ed ve Zw\u00f6nitzu je t\u0159eba pova\u017eovat za v\u00fdznamn\u00fd krok vp\u0159ed v\u00a0realizaci projektu z\u00e1pisu dusznick\u00e9ho ml\u00fdna a partnersk\u00fdch objekt\u016f na Seznam sv\u011btov\u00e9ho d\u011bdictv\u00ed UNESCO.<\/p>\n<hr \/>\n\n\t\t<style type=\"text\/css\">\n\t\t\t#gallery-4 {\n\t\t\t\tmargin: auto;\n\t\t\t}\n\t\t\t#gallery-4 .gallery-item {\n\t\t\t\tfloat: left;\n\t\t\t\tmargin-top: 10px;\n\t\t\t\ttext-align: center;\n\t\t\t\twidth: 33%;\n\t\t\t}\n\t\t\t#gallery-4 img {\n\t\t\t\tborder: 2px solid #cfcfcf;\n\t\t\t}\n\t\t\t#gallery-4 .gallery-caption {\n\t\t\t\tmargin-left: 0;\n\t\t\t}\n\t\t\t\/* see gallery_shortcode() in wp-includes\/media.php *\/\n\t\t<\/style>\n\t\t<div id='gallery-4' class='gallery galleryid-20264 gallery-columns-3 gallery-size-thumbnail'><dl class='gallery-item'>\n\t\t\t<dt class='gallery-icon landscape'>\n\t\t\t\t<a href='https:\/\/muzeumpapiernictwa.pl\/wp-content\/uploads\/2023\/03\/20230327_103834-scaled.jpg' title=\"\" data-rl_title=\"\" class=\"rl-gallery-link\" data-rl_caption=\"\" data-rel=\"lightbox-gallery-4\"><img loading=\"lazy\" decoding=\"async\" width=\"150\" height=\"150\" src=\"https:\/\/muzeumpapiernictwa.pl\/wp-content\/uploads\/2023\/03\/20230327_103834-150x150.jpg\" class=\"attachment-thumbnail size-thumbnail\" \/><\/a>\n\t\t\t<\/dt><\/dl><dl class='gallery-item'>\n\t\t\t<dt class='gallery-icon landscape'>\n\t\t\t\t<a href='https:\/\/muzeumpapiernictwa.pl\/wp-content\/uploads\/2023\/03\/20230327_104837-scaled.jpg' title=\"\" data-rl_title=\"\" class=\"rl-gallery-link\" data-rl_caption=\"\" data-rel=\"lightbox-gallery-4\"><img loading=\"lazy\" decoding=\"async\" width=\"150\" height=\"150\" src=\"https:\/\/muzeumpapiernictwa.pl\/wp-content\/uploads\/2023\/03\/20230327_104837-150x150.jpg\" class=\"attachment-thumbnail size-thumbnail\" \/><\/a>\n\t\t\t<\/dt><\/dl><dl class='gallery-item'>\n\t\t\t<dt class='gallery-icon landscape'>\n\t\t\t\t<a href='https:\/\/muzeumpapiernictwa.pl\/wp-content\/uploads\/2023\/03\/20230327_105740-scaled.jpg' title=\"\" data-rl_title=\"\" class=\"rl-gallery-link\" data-rl_caption=\"\" data-rel=\"lightbox-gallery-4\"><img loading=\"lazy\" decoding=\"async\" width=\"150\" height=\"150\" src=\"https:\/\/muzeumpapiernictwa.pl\/wp-content\/uploads\/2023\/03\/20230327_105740-150x150.jpg\" class=\"attachment-thumbnail size-thumbnail\" \/><\/a>\n\t\t\t<\/dt><\/dl><br style=\"clear: both\" \/><dl class='gallery-item'>\n\t\t\t<dt class='gallery-icon landscape'>\n\t\t\t\t<a href='https:\/\/muzeumpapiernictwa.pl\/wp-content\/uploads\/2023\/03\/334890935_933570444665184_2466074236190187124_n-Edit.jpg' title=\"\" data-rl_title=\"\" class=\"rl-gallery-link\" data-rl_caption=\"\" data-rel=\"lightbox-gallery-4\"><img loading=\"lazy\" decoding=\"async\" width=\"150\" height=\"150\" src=\"https:\/\/muzeumpapiernictwa.pl\/wp-content\/uploads\/2023\/03\/334890935_933570444665184_2466074236190187124_n-Edit-150x150.jpg\" class=\"attachment-thumbnail size-thumbnail\" \/><\/a>\n\t\t\t<\/dt><\/dl><dl class='gallery-item'>\n\t\t\t<dt class='gallery-icon landscape'>\n\t\t\t\t<a href='https:\/\/muzeumpapiernictwa.pl\/wp-content\/uploads\/2023\/03\/334892150_593487409498630_6882818100857905102_n-Edit.jpg' title=\"\" data-rl_title=\"\" class=\"rl-gallery-link\" data-rl_caption=\"\" data-rel=\"lightbox-gallery-4\"><img loading=\"lazy\" decoding=\"async\" width=\"150\" height=\"150\" src=\"https:\/\/muzeumpapiernictwa.pl\/wp-content\/uploads\/2023\/03\/334892150_593487409498630_6882818100857905102_n-Edit-150x150.jpg\" class=\"attachment-thumbnail size-thumbnail\" \/><\/a>\n\t\t\t<\/dt><\/dl><dl class='gallery-item'>\n\t\t\t<dt class='gallery-icon landscape'>\n\t\t\t\t<a href='https:\/\/muzeumpapiernictwa.pl\/wp-content\/uploads\/2023\/03\/334901785_773236787705473_2810682587120905585_n-Edit.jpg' title=\"\" data-rl_title=\"\" class=\"rl-gallery-link\" data-rl_caption=\"\" data-rel=\"lightbox-gallery-4\"><img loading=\"lazy\" decoding=\"async\" width=\"150\" height=\"150\" src=\"https:\/\/muzeumpapiernictwa.pl\/wp-content\/uploads\/2023\/03\/334901785_773236787705473_2810682587120905585_n-Edit-150x150.jpg\" class=\"attachment-thumbnail size-thumbnail\" \/><\/a>\n\t\t\t<\/dt><\/dl><br style=\"clear: both\" \/><dl class='gallery-item'>\n\t\t\t<dt class='gallery-icon landscape'>\n\t\t\t\t<a href='https:\/\/muzeumpapiernictwa.pl\/wp-content\/uploads\/2023\/03\/334905402_216841381017556_1653470258653185954_n-Edit.jpg' title=\"\" data-rl_title=\"\" class=\"rl-gallery-link\" data-rl_caption=\"\" data-rel=\"lightbox-gallery-4\"><img loading=\"lazy\" decoding=\"async\" width=\"150\" height=\"150\" src=\"https:\/\/muzeumpapiernictwa.pl\/wp-content\/uploads\/2023\/03\/334905402_216841381017556_1653470258653185954_n-Edit-150x150.jpg\" class=\"attachment-thumbnail size-thumbnail\" \/><\/a>\n\t\t\t<\/dt><\/dl><dl class='gallery-item'>\n\t\t\t<dt class='gallery-icon landscape'>\n\t\t\t\t<a href='https:\/\/muzeumpapiernictwa.pl\/wp-content\/uploads\/2023\/03\/336625790_1253725638851088_1980685827373321923_n-Edit.jpg' title=\"\" data-rl_title=\"\" class=\"rl-gallery-link\" data-rl_caption=\"\" data-rel=\"lightbox-gallery-4\"><img loading=\"lazy\" decoding=\"async\" width=\"150\" height=\"150\" src=\"https:\/\/muzeumpapiernictwa.pl\/wp-content\/uploads\/2023\/03\/336625790_1253725638851088_1980685827373321923_n-Edit-150x150.jpg\" class=\"attachment-thumbnail size-thumbnail\" \/><\/a>\n\t\t\t<\/dt><\/dl><dl class='gallery-item'>\n\t\t\t<dt class='gallery-icon landscape'>\n\t\t\t\t<a href='https:\/\/muzeumpapiernictwa.pl\/wp-content\/uploads\/2023\/03\/336627073_1586046335209781_3658397830578025185_n-Edit.jpg' title=\"\" data-rl_title=\"\" class=\"rl-gallery-link\" data-rl_caption=\"\" data-rel=\"lightbox-gallery-4\"><img loading=\"lazy\" decoding=\"async\" width=\"150\" height=\"150\" src=\"https:\/\/muzeumpapiernictwa.pl\/wp-content\/uploads\/2023\/03\/336627073_1586046335209781_3658397830578025185_n-Edit-150x150.jpg\" class=\"attachment-thumbnail size-thumbnail\" \/><\/a>\n\t\t\t<\/dt><\/dl><br style=\"clear: both\" \/><dl class='gallery-item'>\n\t\t\t<dt class='gallery-icon portrait'>\n\t\t\t\t<a href='https:\/\/muzeumpapiernictwa.pl\/wp-content\/uploads\/2023\/03\/336627466_781173550010603_7791890748390176977_n-Edit.jpg' title=\"\" data-rl_title=\"\" class=\"rl-gallery-link\" data-rl_caption=\"\" data-rel=\"lightbox-gallery-4\"><img loading=\"lazy\" decoding=\"async\" width=\"150\" height=\"150\" src=\"https:\/\/muzeumpapiernictwa.pl\/wp-content\/uploads\/2023\/03\/336627466_781173550010603_7791890748390176977_n-Edit-150x150.jpg\" class=\"attachment-thumbnail size-thumbnail\" \/><\/a>\n\t\t\t<\/dt><\/dl><dl class='gallery-item'>\n\t\t\t<dt class='gallery-icon landscape'>\n\t\t\t\t<a href='https:\/\/muzeumpapiernictwa.pl\/wp-content\/uploads\/2023\/03\/336629086_751367930041267_3963069712198284524_n-Edit.jpg' title=\"\" data-rl_title=\"\" class=\"rl-gallery-link\" data-rl_caption=\"\" data-rel=\"lightbox-gallery-4\"><img loading=\"lazy\" decoding=\"async\" width=\"150\" height=\"150\" src=\"https:\/\/muzeumpapiernictwa.pl\/wp-content\/uploads\/2023\/03\/336629086_751367930041267_3963069712198284524_n-Edit-150x150.jpg\" class=\"attachment-thumbnail size-thumbnail\" \/><\/a>\n\t\t\t<\/dt><\/dl><dl class='gallery-item'>\n\t\t\t<dt class='gallery-icon portrait'>\n\t\t\t\t<a href='https:\/\/muzeumpapiernictwa.pl\/wp-content\/uploads\/2023\/03\/336630059_1244041129821507_7076467905718786086_n-Edit.jpg' title=\"\" data-rl_title=\"\" class=\"rl-gallery-link\" data-rl_caption=\"\" data-rel=\"lightbox-gallery-4\"><img loading=\"lazy\" decoding=\"async\" width=\"150\" height=\"150\" src=\"https:\/\/muzeumpapiernictwa.pl\/wp-content\/uploads\/2023\/03\/336630059_1244041129821507_7076467905718786086_n-Edit-150x150.jpg\" class=\"attachment-thumbnail size-thumbnail\" \/><\/a>\n\t\t\t<\/dt><\/dl><br style=\"clear: both\" \/><dl class='gallery-item'>\n\t\t\t<dt class='gallery-icon portrait'>\n\t\t\t\t<a href='https:\/\/muzeumpapiernictwa.pl\/wp-content\/uploads\/2023\/03\/336638507_539757091681023_8017242359246211272_n-Edit.jpg' title=\"\" data-rl_title=\"\" class=\"rl-gallery-link\" data-rl_caption=\"\" data-rel=\"lightbox-gallery-4\"><img loading=\"lazy\" decoding=\"async\" width=\"150\" height=\"150\" src=\"https:\/\/muzeumpapiernictwa.pl\/wp-content\/uploads\/2023\/03\/336638507_539757091681023_8017242359246211272_n-Edit-150x150.jpg\" class=\"attachment-thumbnail size-thumbnail\" \/><\/a>\n\t\t\t<\/dt><\/dl><dl class='gallery-item'>\n\t\t\t<dt class='gallery-icon portrait'>\n\t\t\t\t<a href='https:\/\/muzeumpapiernictwa.pl\/wp-content\/uploads\/2023\/03\/336643136_978987116846987_7711144868742920325_n-Edit.jpg' title=\"\" data-rl_title=\"\" class=\"rl-gallery-link\" data-rl_caption=\"\" data-rel=\"lightbox-gallery-4\"><img loading=\"lazy\" decoding=\"async\" width=\"150\" height=\"150\" src=\"https:\/\/muzeumpapiernictwa.pl\/wp-content\/uploads\/2023\/03\/336643136_978987116846987_7711144868742920325_n-Edit-150x150.jpg\" class=\"attachment-thumbnail size-thumbnail\" \/><\/a>\n\t\t\t<\/dt><\/dl><dl class='gallery-item'>\n\t\t\t<dt class='gallery-icon portrait'>\n\t\t\t\t<a href='https:\/\/muzeumpapiernictwa.pl\/wp-content\/uploads\/2023\/03\/336648178_564782958803551_7838915150012413316_n-Edit.jpg' title=\"\" data-rl_title=\"\" class=\"rl-gallery-link\" data-rl_caption=\"\" data-rel=\"lightbox-gallery-4\"><img loading=\"lazy\" decoding=\"async\" width=\"150\" height=\"150\" src=\"https:\/\/muzeumpapiernictwa.pl\/wp-content\/uploads\/2023\/03\/336648178_564782958803551_7838915150012413316_n-Edit-150x150.jpg\" class=\"attachment-thumbnail size-thumbnail\" \/><\/a>\n\t\t\t<\/dt><\/dl><br style=\"clear: both\" \/><dl class='gallery-item'>\n\t\t\t<dt class='gallery-icon portrait'>\n\t\t\t\t<a href='https:\/\/muzeumpapiernictwa.pl\/wp-content\/uploads\/2023\/04\/male.jpg' title=\"\" data-rl_title=\"\" class=\"rl-gallery-link\" data-rl_caption=\"\" data-rel=\"lightbox-gallery-4\"><img loading=\"lazy\" decoding=\"async\" width=\"150\" height=\"150\" src=\"https:\/\/muzeumpapiernictwa.pl\/wp-content\/uploads\/2023\/04\/male-150x150.jpg\" class=\"attachment-thumbnail size-thumbnail\" \/><\/a>\n\t\t\t<\/dt><\/dl>\n\t\t\t<br style='clear: both' \/>\n\t\t<\/div>\n\n<p><\/p>","protected":false},"excerpt":{"rendered":"<p>Dne 27. b\u0159ezna 2023 se ve m\u011bst\u011b Zw\u00f6nitz, le\u017e\u00edc\u00edm v\u00a0Sasku, konalo mezin\u00e1rodn\u00ed setk\u00e1n\u00ed k\u00a0projektu z\u00e1pisu evropsk\u00fdch pap\u00edrensk\u00fdch ml\u00fdn\u016f na Seznam sv\u011btov\u00e9ho d\u011bdictv\u00ed UNESCO. Na pozv\u00e1n\u00ed n\u011bmeck\u00fdch partner\u016f se ud\u00e1losti z\u00fa\u010dastnili z\u00e1stupci ministerstev a pam\u00e1tkov\u00fdch \u00fa\u0159ad\u016f z\u00a0\u010cesk\u00e9 republiky, N\u011bmecka a \u0160pan\u011blska a tak\u00e9 spr\u00e1vci pap\u00edrensk\u00fdch ml\u00fdn\u016f le\u017e\u00edc\u00edch v\u00a0t\u011bchto zem\u00edch, zapojen\u00fdch do projektu. Polskou stranu, kter\u00e1 je [&hellip;]<\/p>\n","protected":false},"author":15,"featured_media":20280,"parent":137,"menu_order":1,"comment_status":"closed","ping_status":"closed","template":"","meta":{"_acf_changed":false,"ngg_post_thumbnail":0,"footnotes":""},"class_list":["post-20264","page","type-page","status-publish","has-post-thumbnail","hentry"],"acf":[],"_links":{"self":[{"href":"https:\/\/muzeumpapiernictwa.pl\/cz\/wp-json\/wp\/v2\/pages\/20264","targetHints":{"allow":["GET"]}}],"collection":[{"href":"https:\/\/muzeumpapiernictwa.pl\/cz\/wp-json\/wp\/v2\/pages"}],"about":[{"href":"https:\/\/muzeumpapiernictwa.pl\/cz\/wp-json\/wp\/v2\/types\/page"}],"author":[{"embeddable":true,"href":"https:\/\/muzeumpapiernictwa.pl\/cz\/wp-json\/wp\/v2\/users\/15"}],"replies":[{"embeddable":true,"href":"https:\/\/muzeumpapiernictwa.pl\/cz\/wp-json\/wp\/v2\/comments?post=20264"}],"version-history":[{"count":1,"href":"https:\/\/muzeumpapiernictwa.pl\/cz\/wp-json\/wp\/v2\/pages\/20264\/revisions"}],"predecessor-version":[{"id":20329,"href":"https:\/\/muzeumpapiernictwa.pl\/cz\/wp-json\/wp\/v2\/pages\/20264\/revisions\/20329"}],"up":[{"embeddable":true,"href":"https:\/\/muzeumpapiernictwa.pl\/cz\/wp-json\/wp\/v2\/pages\/137"}],"wp:featuredmedia":[{"embeddable":true,"href":"https:\/\/muzeumpapiernictwa.pl\/cz\/wp-json\/wp\/v2\/media\/20280"}],"wp:attachment":[{"href":"https:\/\/muzeumpapiernictwa.pl\/cz\/wp-json\/wp\/v2\/media?parent=20264"}],"curies":[{"name":"wp","href":"https:\/\/api.w.org\/{rel}","templated":true}]}}