{"id":19993,"date":"2023-01-04T08:02:37","date_gmt":"2023-01-04T07:02:37","guid":{"rendered":"https:\/\/muzeumpapiernictwa.pl\/?page_id=19993"},"modified":"2023-01-05T07:40:44","modified_gmt":"2023-01-05T06:40:44","slug":"wizyta-dygnitarzy-z-republiki-czeskiej-w-muzeum-papiernictwa","status":"publish","type":"page","link":"https:\/\/muzeumpapiernictwa.pl\/cz\/aktuality\/wizyta-dygnitarzy-z-republiki-czeskiej-w-muzeum-papiernictwa\/","title":{"rendered":"N\u00e1v\u0161t\u011bva vysok\u00fdch p\u0159edstavitel\u016f z \u010cesk\u00e9 republiky Muzea pap\u00edrenstv\u00ed"},"content":{"rendered":"<p><\/p>\n<p><strong>Dne 3. ledna 2023 do Muzea pap\u00edrenstv\u00ed zav\u00edtali vz\u00e1cn\u00ed host\u00e9 z\u00a0\u010cesk\u00e9 republiky v\u00a0\u010dele s\u00a0p\u0159edsedou \u010cesk\u00e9 n\u00e1rodn\u00ed banky Ale\u0161em Michlou. V\u00a0delegaci byli d\u00e1le: \u0159editel odboru protokolu kancel\u00e1\u0159e prezidenta \u010cesk\u00e9 republiky Mgr. Vladim\u00edr Kruli\u0161, Ph.D, starosta m\u011bsta N\u00e1chod Jan Birke, tiskov\u00e1 mluv\u010d\u00ed N\u00e1choda Nina Adlof. Muzeum nav\u0161t\u00edvili tak\u00e9 starosta m\u011bsta Duszniki-Zdr\u00f3j Piotr Lewandowski a p\u0159edseda Euroregionu Glacensis Czes\u0142aw Kr\u0119cichwost.<\/strong><\/p>\n<p>Hlavn\u00edm d\u016fvodem n\u00e1v\u0161t\u011bvy vysok\u00fdch p\u0159edstavitel\u016f \u010desk\u00e9 st\u00e1tn\u00ed spr\u00e1vy byla v\u00fdstava instalovan\u00e1 v\u00a0Muzeu pap\u00edrenstv\u00ed s\u00a0n\u00e1zvem \u201eSoused\u00e9. Bankovky polsko-\u010desk\u00e9ho pohrani\u010d\u00ed\u201c, na kter\u00e9 byly prezentov\u00e1ny mj. \u010deskoslovensk\u00e9 a \u010desk\u00e9 bankovky. Krom\u011b toho host\u00e9 uvedli, \u017ee jejich z\u00e1m\u011brem je pos\u00edlen\u00ed dobr\u00fdch sousedsk\u00fdch vztah\u016f mezi Polskem a \u010ceskou republikou, zejm\u00e9na v\u00a0r\u00e1mci p\u0159eshrani\u010dn\u00ed spolupr\u00e1ce, kterou realizuj\u00ed samospr\u00e1vn\u00e9 org\u00e1ny N\u00e1choda, Kudowy-Zdroje a Dusznik-Zdroje a Euroregion Glacensis.<\/p>\n<p>Hosty p\u0159iv\u00edtal \u0159editel Muzea pap\u00edrenstv\u00ed Maciej Szymczyk, kter\u00fd vysv\u011btlil c\u00edle zp\u0159\u00edstupn\u011bn\u00ed v\u00fdstavy: povzbuzen\u00ed \u010cech\u016f k\u00a0n\u00e1v\u0161t\u011bv\u011b dusznick\u00e9ho muzea a \u0161\u00ed\u0159en\u00ed znalost\u00ed o kultu\u0159e a historii \u010cesk\u00e9 republiky Pol\u00e1k\u016fm a v\u00a0Polsku mezi \u010desk\u00fdmi n\u00e1v\u0161t\u011bvn\u00edky. Pak hosty v\u00fdstavou provedli kur\u00e1to\u0159i: Karolina Dyjas a Marcin Wyszy\u0144ski, kte\u0159\u00ed pouk\u00e1zali na podobnosti a rozd\u00edly mezi \u010deskoslovensk\u00fdmi a od roku 1993 \u010desk\u00fdmi bankovkami a bankovkami, kter\u00e9 byly v\u00a0ob\u011bhu v\u00a0obdobn\u00fdch historick\u00fdch obdob\u00edch v\u00a0Polsku.<\/p>\n<p>Dal\u0161\u00ed atrakc\u00ed, kterou zam\u011bstnanci muzea p\u0159ipravili, byla uk\u00e1zka ru\u010dn\u00ed v\u00fdroby pap\u00edru a otiskov\u00e1n\u00ed dlan\u00ed do pap\u00edrov\u00e9 hmoty. Pro ka\u017ed\u00e9ho hosta byly zhotoveny dva pap\u00edrov\u00e9 otisky, jeden pro majitele dlan\u011b a druh\u00fd pro sb\u00edrku Muzea pap\u00edrenstv\u00ed.<\/p>\n<p>Na z\u00e1v\u011br setk\u00e1n\u00ed \u0159editel Szymczyk informoval hosty o mezin\u00e1rodn\u00edm projektu, kter\u00fd realizuje Polsko s\u00a0v\u011bcn\u00fdm zapojen\u00edm Muzea pap\u00edrenstv\u00ed, jeho\u017e c\u00edlem je zaps\u00e1n\u00ed na seznam UNESCO pap\u00edrensk\u00fdch ml\u00fdn\u016f z\u00a0p\u0159edindustri\u00e1ln\u00edho obdob\u00ed. Ve skupin\u011b 6 pap\u00edren z\u00a0r\u016fzn\u00fdch zem\u00ed jsou objekty z\u00a0Polska (Duszniki-Zdr\u00f3j) a \u010cesk\u00e9 republiky (Velk\u00e9 Losiny).<\/p>\n<p>Host\u00e9 vysoce ocenili jak Muzeum pap\u00edrenstv\u00ed, tak i projekty realizovan\u00e9 instituc\u00ed. Dokonce vyj\u00e1d\u0159ili p\u0159ekvapen\u00ed nad velmi vysokou \u00farovn\u00ed v\u00fdstavy \u201eSoused\u00e9. Bankovky polsko-\u010desk\u00e9ho pohrani\u010d\u00ed\u201c; objevil se n\u00e1pad uv\u00e9st v\u00fdstavu v\u00a0N\u00e1chod\u011b. S\u00a0uzn\u00e1n\u00edm hovo\u0159ili o koncepci zaps\u00e1n\u00ed pap\u00edrensk\u00fdch ml\u00fdn\u016f na seznam UNESCO.<\/p>\n<p><strong>Ing. <\/strong><strong>Ale\u0161 Michl<\/strong><strong>, Ph.D<\/strong> je p\u0159edn\u00ed \u010desk\u00fd ekonom, kter\u00fd prosazuje pos\u00edlen\u00ed vlastn\u00ed m\u011bny. Funkci p\u0159edsedy \u010cesk\u00e9 n\u00e1rodn\u00ed banky zast\u00e1v\u00e1 od \u010dervence 2022.<\/p>\n<p>&nbsp;<\/p>\n<hr \/>\n\n\t\t<style type=\"text\/css\">\n\t\t\t#gallery-4 {\n\t\t\t\tmargin: auto;\n\t\t\t}\n\t\t\t#gallery-4 .gallery-item {\n\t\t\t\tfloat: left;\n\t\t\t\tmargin-top: 10px;\n\t\t\t\ttext-align: center;\n\t\t\t\twidth: 33%;\n\t\t\t}\n\t\t\t#gallery-4 img {\n\t\t\t\tborder: 2px solid #cfcfcf;\n\t\t\t}\n\t\t\t#gallery-4 .gallery-caption {\n\t\t\t\tmargin-left: 0;\n\t\t\t}\n\t\t\t\/* see gallery_shortcode() in wp-includes\/media.php *\/\n\t\t<\/style>\n\t\t<div id='gallery-4' class='gallery galleryid-19993 gallery-columns-3 gallery-size-thumbnail'><dl class='gallery-item'>\n\t\t\t<dt class='gallery-icon landscape'>\n\t\t\t\t<a href='https:\/\/muzeumpapiernictwa.pl\/wp-content\/uploads\/2023\/01\/MUP_9796.jpg' title=\"\" data-rl_title=\"\" class=\"rl-gallery-link\" data-rl_caption=\"\" data-rel=\"lightbox-gallery-4\"><img loading=\"lazy\" decoding=\"async\" width=\"150\" height=\"150\" src=\"https:\/\/muzeumpapiernictwa.pl\/wp-content\/uploads\/2023\/01\/MUP_9796-150x150.jpg\" class=\"attachment-thumbnail size-thumbnail\" \/><\/a>\n\t\t\t<\/dt><\/dl><dl class='gallery-item'>\n\t\t\t<dt class='gallery-icon portrait'>\n\t\t\t\t<a href='https:\/\/muzeumpapiernictwa.pl\/wp-content\/uploads\/2023\/01\/MUP_9810.jpg' title=\"\" data-rl_title=\"\" class=\"rl-gallery-link\" data-rl_caption=\"\" data-rel=\"lightbox-gallery-4\"><img loading=\"lazy\" decoding=\"async\" width=\"150\" height=\"150\" src=\"https:\/\/muzeumpapiernictwa.pl\/wp-content\/uploads\/2023\/01\/MUP_9810-150x150.jpg\" class=\"attachment-thumbnail size-thumbnail\" \/><\/a>\n\t\t\t<\/dt><\/dl><dl class='gallery-item'>\n\t\t\t<dt class='gallery-icon landscape'>\n\t\t\t\t<a href='https:\/\/muzeumpapiernictwa.pl\/wp-content\/uploads\/2023\/01\/MUP_9824.jpg' title=\"\" data-rl_title=\"\" class=\"rl-gallery-link\" data-rl_caption=\"\" data-rel=\"lightbox-gallery-4\"><img loading=\"lazy\" decoding=\"async\" width=\"150\" height=\"150\" src=\"https:\/\/muzeumpapiernictwa.pl\/wp-content\/uploads\/2023\/01\/MUP_9824-150x150.jpg\" class=\"attachment-thumbnail size-thumbnail\" \/><\/a>\n\t\t\t<\/dt><\/dl><br style=\"clear: both\" \/><dl class='gallery-item'>\n\t\t\t<dt class='gallery-icon landscape'>\n\t\t\t\t<a href='https:\/\/muzeumpapiernictwa.pl\/wp-content\/uploads\/2023\/01\/MUP_9835.jpg' title=\"\" data-rl_title=\"\" class=\"rl-gallery-link\" data-rl_caption=\"\" data-rel=\"lightbox-gallery-4\"><img loading=\"lazy\" decoding=\"async\" width=\"150\" height=\"150\" src=\"https:\/\/muzeumpapiernictwa.pl\/wp-content\/uploads\/2023\/01\/MUP_9835-150x150.jpg\" class=\"attachment-thumbnail size-thumbnail\" \/><\/a>\n\t\t\t<\/dt><\/dl><dl class='gallery-item'>\n\t\t\t<dt class='gallery-icon landscape'>\n\t\t\t\t<a href='https:\/\/muzeumpapiernictwa.pl\/wp-content\/uploads\/2023\/01\/MUP_9874.jpg' title=\"\" data-rl_title=\"\" class=\"rl-gallery-link\" data-rl_caption=\"\" data-rel=\"lightbox-gallery-4\"><img loading=\"lazy\" decoding=\"async\" width=\"150\" height=\"150\" src=\"https:\/\/muzeumpapiernictwa.pl\/wp-content\/uploads\/2023\/01\/MUP_9874-150x150.jpg\" class=\"attachment-thumbnail size-thumbnail\" \/><\/a>\n\t\t\t<\/dt><\/dl><dl class='gallery-item'>\n\t\t\t<dt class='gallery-icon landscape'>\n\t\t\t\t<a href='https:\/\/muzeumpapiernictwa.pl\/wp-content\/uploads\/2023\/01\/MUP_9881.jpg' title=\"\" data-rl_title=\"\" class=\"rl-gallery-link\" data-rl_caption=\"\" data-rel=\"lightbox-gallery-4\"><img loading=\"lazy\" decoding=\"async\" width=\"150\" height=\"150\" src=\"https:\/\/muzeumpapiernictwa.pl\/wp-content\/uploads\/2023\/01\/MUP_9881-150x150.jpg\" class=\"attachment-thumbnail size-thumbnail\" \/><\/a>\n\t\t\t<\/dt><\/dl><br style=\"clear: both\" \/><dl class='gallery-item'>\n\t\t\t<dt class='gallery-icon landscape'>\n\t\t\t\t<a href='https:\/\/muzeumpapiernictwa.pl\/wp-content\/uploads\/2023\/01\/MUP_9893.jpg' title=\"\" data-rl_title=\"\" class=\"rl-gallery-link\" data-rl_caption=\"\" data-rel=\"lightbox-gallery-4\"><img loading=\"lazy\" decoding=\"async\" width=\"150\" height=\"150\" src=\"https:\/\/muzeumpapiernictwa.pl\/wp-content\/uploads\/2023\/01\/MUP_9893-150x150.jpg\" class=\"attachment-thumbnail size-thumbnail\" \/><\/a>\n\t\t\t<\/dt><\/dl><dl class='gallery-item'>\n\t\t\t<dt class='gallery-icon landscape'>\n\t\t\t\t<a href='https:\/\/muzeumpapiernictwa.pl\/wp-content\/uploads\/2023\/01\/MUP_9918.jpg' title=\"\" data-rl_title=\"\" class=\"rl-gallery-link\" data-rl_caption=\"\" data-rel=\"lightbox-gallery-4\"><img loading=\"lazy\" decoding=\"async\" width=\"150\" height=\"150\" src=\"https:\/\/muzeumpapiernictwa.pl\/wp-content\/uploads\/2023\/01\/MUP_9918-150x150.jpg\" class=\"attachment-thumbnail size-thumbnail\" \/><\/a>\n\t\t\t<\/dt><\/dl><dl class='gallery-item'>\n\t\t\t<dt class='gallery-icon landscape'>\n\t\t\t\t<a href='https:\/\/muzeumpapiernictwa.pl\/wp-content\/uploads\/2023\/01\/MUP_9934.jpg' title=\"\" data-rl_title=\"\" class=\"rl-gallery-link\" data-rl_caption=\"\" data-rel=\"lightbox-gallery-4\"><img loading=\"lazy\" decoding=\"async\" width=\"150\" height=\"150\" src=\"https:\/\/muzeumpapiernictwa.pl\/wp-content\/uploads\/2023\/01\/MUP_9934-150x150.jpg\" class=\"attachment-thumbnail size-thumbnail\" \/><\/a>\n\t\t\t<\/dt><\/dl><br style=\"clear: both\" \/><dl class='gallery-item'>\n\t\t\t<dt class='gallery-icon portrait'>\n\t\t\t\t<a href='https:\/\/muzeumpapiernictwa.pl\/wp-content\/uploads\/2023\/01\/MUP_9942.jpg' title=\"\" data-rl_title=\"\" class=\"rl-gallery-link\" data-rl_caption=\"\" data-rel=\"lightbox-gallery-4\"><img loading=\"lazy\" decoding=\"async\" width=\"150\" height=\"150\" src=\"https:\/\/muzeumpapiernictwa.pl\/wp-content\/uploads\/2023\/01\/MUP_9942-150x150.jpg\" class=\"attachment-thumbnail size-thumbnail\" \/><\/a>\n\t\t\t<\/dt><\/dl><dl class='gallery-item'>\n\t\t\t<dt class='gallery-icon portrait'>\n\t\t\t\t<a href='https:\/\/muzeumpapiernictwa.pl\/wp-content\/uploads\/2023\/01\/MUP_9949.jpg' title=\"\" data-rl_title=\"\" class=\"rl-gallery-link\" data-rl_caption=\"\" data-rel=\"lightbox-gallery-4\"><img loading=\"lazy\" decoding=\"async\" width=\"150\" height=\"150\" src=\"https:\/\/muzeumpapiernictwa.pl\/wp-content\/uploads\/2023\/01\/MUP_9949-150x150.jpg\" class=\"attachment-thumbnail size-thumbnail\" \/><\/a>\n\t\t\t<\/dt><\/dl><dl class='gallery-item'>\n\t\t\t<dt class='gallery-icon landscape'>\n\t\t\t\t<a href='https:\/\/muzeumpapiernictwa.pl\/wp-content\/uploads\/2023\/01\/MUP_9810-kwadrat.jpg' title=\"\" data-rl_title=\"\" class=\"rl-gallery-link\" data-rl_caption=\"\" data-rel=\"lightbox-gallery-4\"><img loading=\"lazy\" decoding=\"async\" width=\"150\" height=\"150\" src=\"https:\/\/muzeumpapiernictwa.pl\/wp-content\/uploads\/2023\/01\/MUP_9810-kwadrat-150x150.jpg\" class=\"attachment-thumbnail size-thumbnail\" srcset=\"https:\/\/muzeumpapiernictwa.pl\/wp-content\/uploads\/2023\/01\/MUP_9810-kwadrat-150x150.jpg 150w, https:\/\/muzeumpapiernictwa.pl\/wp-content\/uploads\/2023\/01\/MUP_9810-kwadrat-300x300.jpg 300w, https:\/\/muzeumpapiernictwa.pl\/wp-content\/uploads\/2023\/01\/MUP_9810-kwadrat-1024x1024.jpg 1024w, https:\/\/muzeumpapiernictwa.pl\/wp-content\/uploads\/2023\/01\/MUP_9810-kwadrat-768x768.jpg 768w, https:\/\/muzeumpapiernictwa.pl\/wp-content\/uploads\/2023\/01\/MUP_9810-kwadrat-600x600.jpg 600w, https:\/\/muzeumpapiernictwa.pl\/wp-content\/uploads\/2023\/01\/MUP_9810-kwadrat.jpg 1279w\" sizes=\"auto, (max-width: 150px) 100vw, 150px\" \/><\/a>\n\t\t\t<\/dt><\/dl><br style=\"clear: both\" \/><dl class='gallery-item'>\n\t\t\t<dt class='gallery-icon portrait'>\n\t\t\t\t<a href='https:\/\/muzeumpapiernictwa.pl\/wp-content\/uploads\/2023\/01\/MUP_9972.jpg' title=\"\" data-rl_title=\"\" class=\"rl-gallery-link\" data-rl_caption=\"\" data-rel=\"lightbox-gallery-4\"><img loading=\"lazy\" decoding=\"async\" width=\"150\" height=\"150\" src=\"https:\/\/muzeumpapiernictwa.pl\/wp-content\/uploads\/2023\/01\/MUP_9972-150x150.jpg\" class=\"attachment-thumbnail size-thumbnail\" \/><\/a>\n\t\t\t<\/dt><\/dl><dl class='gallery-item'>\n\t\t\t<dt class='gallery-icon landscape'>\n\t\t\t\t<a href='https:\/\/muzeumpapiernictwa.pl\/wp-content\/uploads\/2023\/01\/MUP_9985.jpg' title=\"\" data-rl_title=\"\" class=\"rl-gallery-link\" data-rl_caption=\"\" data-rel=\"lightbox-gallery-4\"><img loading=\"lazy\" decoding=\"async\" width=\"150\" height=\"150\" src=\"https:\/\/muzeumpapiernictwa.pl\/wp-content\/uploads\/2023\/01\/MUP_9985-150x150.jpg\" class=\"attachment-thumbnail size-thumbnail\" \/><\/a>\n\t\t\t<\/dt><\/dl>\n\t\t\t<br style='clear: both' \/>\n\t\t<\/div>\n\n<p><\/p>","protected":false},"excerpt":{"rendered":"<p>Dne 3. ledna 2023 do Muzea pap\u00edrenstv\u00ed zav\u00edtali vz\u00e1cn\u00ed host\u00e9 z\u00a0\u010cesk\u00e9 republiky v\u00a0\u010dele s\u00a0p\u0159edsedou \u010cesk\u00e9 n\u00e1rodn\u00ed banky Ale\u0161em Michlou. V\u00a0delegaci byli d\u00e1le: \u0159editel odboru protokolu kancel\u00e1\u0159e prezidenta \u010cesk\u00e9 republiky Mgr. Vladim\u00edr Kruli\u0161, Ph.D, starosta m\u011bsta N\u00e1chod Jan Birke, tiskov\u00e1 mluv\u010d\u00ed N\u00e1choda Nina Adlof. Muzeum nav\u0161t\u00edvili tak\u00e9 starosta m\u011bsta Duszniki-Zdr\u00f3j Piotr Lewandowski a p\u0159edseda Euroregionu Glacensis [&hellip;]<\/p>\n","protected":false},"author":15,"featured_media":20003,"parent":137,"menu_order":3,"comment_status":"closed","ping_status":"closed","template":"","meta":{"_acf_changed":false,"ngg_post_thumbnail":0,"footnotes":""},"class_list":["post-19993","page","type-page","status-publish","has-post-thumbnail","hentry"],"acf":[],"_links":{"self":[{"href":"https:\/\/muzeumpapiernictwa.pl\/cz\/wp-json\/wp\/v2\/pages\/19993","targetHints":{"allow":["GET"]}}],"collection":[{"href":"https:\/\/muzeumpapiernictwa.pl\/cz\/wp-json\/wp\/v2\/pages"}],"about":[{"href":"https:\/\/muzeumpapiernictwa.pl\/cz\/wp-json\/wp\/v2\/types\/page"}],"author":[{"embeddable":true,"href":"https:\/\/muzeumpapiernictwa.pl\/cz\/wp-json\/wp\/v2\/users\/15"}],"replies":[{"embeddable":true,"href":"https:\/\/muzeumpapiernictwa.pl\/cz\/wp-json\/wp\/v2\/comments?post=19993"}],"version-history":[{"count":5,"href":"https:\/\/muzeumpapiernictwa.pl\/cz\/wp-json\/wp\/v2\/pages\/19993\/revisions"}],"predecessor-version":[{"id":20023,"href":"https:\/\/muzeumpapiernictwa.pl\/cz\/wp-json\/wp\/v2\/pages\/19993\/revisions\/20023"}],"up":[{"embeddable":true,"href":"https:\/\/muzeumpapiernictwa.pl\/cz\/wp-json\/wp\/v2\/pages\/137"}],"wp:featuredmedia":[{"embeddable":true,"href":"https:\/\/muzeumpapiernictwa.pl\/cz\/wp-json\/wp\/v2\/media\/20003"}],"wp:attachment":[{"href":"https:\/\/muzeumpapiernictwa.pl\/cz\/wp-json\/wp\/v2\/media?parent=19993"}],"curies":[{"name":"wp","href":"https:\/\/api.w.org\/{rel}","templated":true}]}}