{"id":19577,"date":"2022-11-14T09:15:17","date_gmt":"2022-11-14T08:15:17","guid":{"rendered":"https:\/\/muzeumpapiernictwa.pl\/?page_id=19577"},"modified":"2023-08-08T09:48:56","modified_gmt":"2023-08-08T07:48:56","slug":"regulamin-zwiedzania-muzeum-papiernictwa","status":"publish","type":"page","link":"https:\/\/muzeumpapiernictwa.pl\/cz\/pravidla-pro-navstevu-muzea-papiru\/","title":{"rendered":"Pravidla pro n\u00e1v\u0161t\u011bvu Muzea pap\u00edru"},"content":{"rendered":"<p><\/p>\n<p>P\u0159\u00edloha k p\u0159\u00edkazu \u010d. 3\/2022 \u0159editele Muzea pap\u00edru ze dne 28.3.2022.<br \/>\nPlat\u00ed od 29. b\u0159ezna 2022.<\/p>\n<p>&nbsp;<\/p>\n<p>\n<strong>\u00a7 1. Obecn\u00e1 ustanoven\u00ed<\/strong><\/p>\n<p>\u0158\u00e1d n\u00e1v\u0161t\u011bvy Muzea pap\u00edru definuje pravidla vyu\u017e\u00edv\u00e1n\u00ed kulturn\u00edch slu\u017eeb muzea a jeho \u00fa\u010delem je zajistit bezpe\u010dnost n\u00e1v\u0161t\u011bvn\u00edk\u016f i zam\u011bstnanc\u016f muzea.<br \/>\nMuzeum je otev\u0159eno pro n\u00e1v\u0161t\u011bvn\u00edky:<br \/>\nkv\u011bten-srpen: pond\u011bl\u00ed a\u017e sobota, 9:00-18:00, ned\u011ble 9:00\u201316:00,<br \/>\nz\u00e1\u0159\u00ed \u2013 \u0159\u00edjen: pond\u011bl\u00ed \u2013 sobota 9:00-17:00, ned\u011ble 9:00\u201316:00,<br \/>\nListopad-duben: \u00fater\u00fd a\u017e ned\u011ble 9:00-15:00.<\/p>\n<p>Podrobn\u00e9 informace o otev\u00edrac\u00edch dnech a hodin\u00e1ch muzea a p\u0159\u00edpadn\u00fdch zm\u011bn\u00e1ch jsou k dispozici na webov\u00fdch str\u00e1nk\u00e1ch www.muzeumpapiernictwa.pl, u vstupu do muzea a v hale vedle pokladny.<\/p>\n<p>Muzeum si vyhrazuje pr\u00e1vo na zm\u011bnu n\u00e1v\u0161t\u011bvn\u00ed doby za \u00fa\u010delem zlep\u0161en\u00ed slu\u017eeb turistick\u00e9ho ruchu.<br \/>\nAby byla zaji\u0161t\u011bna bezpe\u010dnost osob pob\u00fdvaj\u00edc\u00edch v muzeu a majetku, je v budov\u011b a v are\u00e1lu muzea prov\u00e1d\u011bn video monitoring.<br \/>\nExpozice muzea se skl\u00e1d\u00e1 ze dvou tras:<br \/>\ncesta \u201eS pap\u00edrem po dv\u011b tis\u00edcilet\u00ed\u201c nav\u0161t\u00edven\u00e1 pomoc\u00ed p\u0159\u00edb\u011bhu p\u0159ehr\u00e1van\u00e9ho z vlastn\u00edho za\u0159\u00edzen\u00ed (nap\u0159. smartphone, iPad) nebo audio pr\u016fvodce (bez p\u0159\u00edplatku), p\u0159\u00edpadn\u011b s v\u00fdtiskem text\u016f pro jednotliv\u00e9 m\u00edstnosti,<br \/>\ncesta \u201eUm\u011bn\u00ed a pen\u00edze\u201c, zkouman\u00e1 nez\u00e1visle.<\/p>\n<p>Doba prohl\u00eddky cel\u00e9ho je cca 2 hodiny.<\/p>\n<p>Cel\u00e9 Muzeum je mo\u017en\u00e9 za\u010d\u00edt nav\u0161t\u011bvovat nejpozd\u011bji 2 hodiny p\u0159ed uzav\u0159en\u00edm muzea. Pokud n\u00e1v\u0161t\u011bvn\u00edci doraz\u00ed do muzea pozd\u011bji ne\u017e 2 hodiny p\u0159ed ukon\u010den\u00edm v\u00fdstav, bude jim k dispozici jedna z tras: \u201eS pap\u00edrem po dv\u011b tis\u00edcilet\u00ed\u201c nebo \u201eUm\u011bn\u00ed a pen\u00edze\u201c nebo \u00fa\u010dast na workshopech v\u00fdroby pap\u00edru. Nedostatek \u010dasu n\u00e1v\u0161t\u011bvn\u00edka n\u00e1v\u0161t\u011bvou expozic nen\u00ed d\u016fvodem k reklamaci.<br \/>\nPo\u010det n\u00e1v\u0161t\u011bvn\u00edk\u016f sou\u010dasn\u011b pob\u00fdvaj\u00edc\u00edch v expozic\u00edch muzea je z bezpe\u010dnostn\u00edch d\u016fvod\u016f omezen. Z tohoto d\u016fvodu m\u016f\u017ee b\u00fdt do\u010dasn\u011b pozastaven vstup n\u00e1v\u0161t\u011bvn\u00edk\u016f na jednotliv\u00e9 expozice.<br \/>\nDnem voln\u00e9ho vstupu na v\u00fdstavu od kv\u011btna do \u0159\u00edjna a o zimn\u00edch pr\u00e1zdnin\u00e1ch je pond\u011bl\u00ed a od listopadu do dubna (krom\u011b zimn\u00edch pr\u00e1zdnin) \u00fater\u00fd.<br \/>\nNab\u00eddka prohl\u00eddky zdarma je ur\u010dena pouze individu\u00e1ln\u00edm turist\u016fm a zahrnuje n\u00e1v\u0161t\u011bvu v\u00fdstavy \u201eS pap\u00edrem po dv\u011b tis\u00edcilet\u00ed\u201c bez audio pr\u016fvodce a bez \u00fa\u010dasti na uk\u00e1zce v\u00fdroby pap\u00edru.<br \/>\nPro roz\u0161\u00ed\u0159en\u00ed nab\u00eddky pro n\u00e1v\u0161t\u011bvn\u00edky v den voln\u00e9 n\u00e1v\u0161t\u011bvy o salon a trasu \u201eUm\u011bn\u00ed a pen\u00edze\u201c je zavedena mo\u017enost zakoupen\u00ed vstupenky umo\u017e\u0148uj\u00edc\u00ed n\u00e1v\u0161t\u011bvu cel\u00e9ho muzea.<\/p>\n<p><strong>\u00a7 2. Pravidla pro individu\u00e1ln\u00ed obsluhu n\u00e1v\u0161t\u011bvn\u00edk\u016f<\/strong><\/p>\n<p>Term\u00edny vstupu do muzea jsou stanoveny ka\u017ed\u00fdch 30 minut od 9.00. Posledn\u00ed vstup do muzea je hodinu p\u0159ed ukon\u010den\u00edm v\u00fdstav.<br \/>\nZav\u00e1d\u00ed se limit jednotliv\u00fdch n\u00e1v\u0161t\u011bvn\u00edk\u016f na datum vstupu do 30 osob.<br \/>\nProhl\u00eddka je podm\u00edn\u011bna telefonickou rezervac\u00ed, realizovanou v otev\u00edrac\u00ed dob\u011b muzea na \u010d\u00edsle 74 8627424. Osoby, kter\u00e9 se neobjednaj\u00ed na konkr\u00e9tn\u00ed term\u00edn, budou obslou\u017eeny pouze v p\u0159\u00edpad\u011b, \u017ee budou voln\u00e1 m\u00edsta v limitu uveden\u00e9m v bod\u011b 2. \u00a7 2 \u0158\u00e1du.<\/p>\n<p><strong>\u00a7 3.&nbsp; Pravidla pro zach\u00e1zen\u00ed s organizovan\u00fdmi skupinami<\/strong><\/p>\n<p>Organizovan\u00e9 skupiny jsou p\u0159ij\u00edm\u00e1ny pouze po p\u0159edchoz\u00ed rezervaci.<br \/>\nVedouc\u00ed skupiny jsou povinni \u00fazce spolupracovat s pracovn\u00edky Muzea pap\u00edru v ot\u00e1zk\u00e1ch udr\u017eov\u00e1n\u00ed po\u0159\u00e1dku a bezpe\u010dnosti n\u00e1v\u0161t\u011bvn\u00edk\u016f.<br \/>\nOrganizovan\u00e9 skupiny nelze kombinovat.<br \/>\nOrganizovan\u00e9 skupiny jsou doprov\u00e1zeny audiopr\u016fvodcem s ozvu\u010den\u00edm nebo po p\u0159edchoz\u00ed rezervaci pr\u016fvodcem muzea.<br \/>\nMuzeum nab\u00edz\u00ed organizovan\u00fdm skupin\u00e1m placen\u00e9 muzejn\u00ed lekce.<br \/>\nLekce prob\u00edhaj\u00ed od pond\u011bl\u00ed do p\u00e1tku; je pro n\u011b p\u0159\u00edsn\u00e1 rezervace term\u00edn\u016f.<br \/>\nB\u011bhem muzejn\u00ed lekce se m\u016f\u017ee v u\u010debn\u011b praktick\u00e9 ubytovat a\u017e 25 \u00fa\u010dastn\u00edk\u016f.<br \/>\n\u00da\u010dastn\u00edci lekc\u00ed si p\u0159ed vyu\u010dov\u00e1n\u00edm mus\u00ed bezpodm\u00edne\u010dn\u011b vydezinfikovat ruce.<\/p>\n<p><strong>\u00a7 4. Muzejn\u00ed d\u00edlny<\/strong><\/p>\n<p>Muzeum nab\u00edz\u00ed n\u00e1v\u0161t\u011bvn\u00edk\u016fm placen\u00e9 muzejn\u00ed workshopy. P\u0159ednostn\u00ed \u00fa\u010dast na workshopech maj\u00ed lid\u00e9, kte\u0159\u00ed si zarezervovali d\u0159\u00edve.<br \/>\nWorkshopy se konaj\u00ed ka\u017ed\u00fd pracovn\u00ed den muzea a za\u010d\u00ednaj\u00ed v pln\u00fdch hodin\u00e1ch.<br \/>\n\u00da\u010dastn\u00edk\u016fm se doporu\u010duje, aby b\u011bhem v\u00fduky nosili rou\u0161ky.<br \/>\nWorkshopu se m\u016f\u017ee sou\u010dasn\u011b z\u00fa\u010dastnit a\u017e 8 osob.<br \/>\nWorkshop je otev\u0159en pro dosp\u011bl\u00e9 a d\u011bti od 5 let.<br \/>\nD\u011bti do 7 let se v\u00fduky \u00fa\u010dastn\u00ed pouze v p\u00e9\u010di rodi\u010d\u016f nebo opatrovn\u00edk\u016f.<\/p>\n<p><strong>\u00a7 5&nbsp;Prodej vstupenek na muzejn\u00ed slu\u017eby<\/strong><\/p>\n<p>N\u00e1v\u0161t\u011bva expozic muzea a \u00fa\u010dast na akc\u00edch po\u0159\u00e1dan\u00fdch muzeem jsou zpoplatn\u011bny.<br \/>\n2.&nbsp;V\u00fd\u0161e poplatk\u016f je uvedena v cen\u00edku dostupn\u00e9m na webov\u00fdch str\u00e1nk\u00e1ch muzea a v pokladn\u011b.<br \/>\n3. Pokladna p\u0159ij\u00edm\u00e1 platby v PLN, p\u0159ij\u00edm\u00e1 platebn\u00ed karty VISA a MasterCard.<br \/>\n4. P\u0159i prodeji vstupenek vystav\u00ed pokladna fakturu nebo \u00fa\u010dtenku a upom\u00ednkovou vstupenku. Jedin\u00fdm dokladem o zaplacen\u00ed, kter\u00fd v\u00e1s oprav\u0148uje k n\u00e1v\u0161t\u011bv\u011b, je \u00fa\u010dtenka nebo faktura.<br \/>\nOsoba, kter\u00e1 kupuje vstupenku, m\u016f\u017ee b\u00fdt po\u017e\u00e1d\u00e1na o uveden\u00ed PS\u010c, nebo v p\u0159\u00edpad\u011b n\u00e1v\u0161t\u011bvn\u00edk\u016f ze zahrani\u010d\u00ed &#8211; zem\u011b p\u016fvodu, p\u0159i\u010dem\u017e tyto informace jsou shroma\u017e\u010fov\u00e1ny pouze pro statistick\u00e9 \u00fa\u010dely.<br \/>\n6. Prodej vstupenek m\u016f\u017ee b\u00fdt z bezpe\u010dnostn\u00edch d\u016fvod\u016f do\u010dasn\u011b pozastaven a sou\u010dasn\u011b omezen po\u010det n\u00e1v\u0161t\u011bvn\u00edk\u016f na v\u00fdstav\u00e1ch.<br \/>\n7. Faktury jsou vystaveny v souladu s platn\u00fdmi p\u0159edpisy pro osoby, instituce a podnikatelsk\u00e9 subjekty, kter\u00e9 maj\u00ed zakoupen\u00e9 vstupenky na v\u00fdstavy nebo muzejn\u00ed d\u00edlny.<\/p>\n<p><strong>\u00a7 6 Pravidla pro n\u00e1v\u0161t\u011bvu muzea<\/strong><\/p>\n<p>Are\u00e1l muzea je chr\u00e1n\u011bn a monitorov\u00e1n.<br \/>\n2. Ka\u017ed\u00e1 osoba nav\u0161t\u011bvuj\u00edc\u00ed Muzeum je povinna dodr\u017eovat bezpe\u010dnostn\u00ed pravidla uveden\u00e1 v \u0158\u00e1du a pokyny obsluhy.<br \/>\n3.&nbsp;V budov\u011b muzea je zak\u00e1z\u00e1no:<br \/>\na. vstup do jin\u00fdch prostor ne\u017e t\u011bch, kter\u00e9 jsou ur\u010deny pro n\u00e1v\u0161t\u011bvn\u00edky,<br \/>\nb. odhazov\u00e1n\u00ed odpadk\u016f,<br \/>\nc. dot\u00fdkat se expon\u00e1t\u016f,<br \/>\nd. j\u00edst a p\u00edt,<br \/>\nf. kou\u0159en\u00ed tab\u00e1kov\u00fdch v\u00fdrobk\u016f a elektronick\u00fdch cigaret,<br \/>\ng. b\u011bh\u00e1n\u00ed a klouz\u00e1n\u00ed po podlah\u00e1ch,<br \/>\nh. hlasit\u00e9 chov\u00e1n\u00ed, ru\u0161en\u00ed klidu ostatn\u00edch n\u00e1v\u0161t\u011bvn\u00edk\u016f, vytv\u00e1\u0159en\u00ed nebezpe\u010dn\u00fdch situac\u00ed,<br \/>\ni. p\u0159in\u00e9st na v\u00fdstavi\u0161t\u011b ta\u0161ky, batohy, sportovn\u00ed pot\u0159eby (nap\u0159. ly\u017ee),<br \/>\nm. fotografov\u00e1n\u00ed a nat\u00e1\u010den\u00ed v\u00fdstavn\u00edch interi\u00e9r\u016f s vyu\u017eit\u00edm p\u0159\u00eddavn\u00e9ho zdroje sv\u011btla,<br \/>\nn. fotografov\u00e1n\u00ed a nat\u00e1\u010den\u00ed bezpe\u010dnostn\u00edch syst\u00e9m\u016f muzea,<br \/>\no. vn\u00e1\u0161et do muzea st\u0159eln\u00e9 zbran\u011b, v\u00fdbu\u0161niny a jin\u00e9 zdrav\u00ed a \u017eivotu nebezpe\u010dn\u00e9 p\u0159edm\u011bty,<br \/>\np. zav\u00e1d\u011bn\u00ed agresivn\u00edch zv\u00ed\u0159at (osoby zav\u00e1d\u011bj\u00edc\u00ed zv\u00ed\u0159ata za n\u011b p\u0159eb\u00edraj\u00ed plnou odpov\u011bdnost),<br \/>\nq. libovoln\u011b p\u0159esouvat prvky vybaven\u00ed muzea,<br \/>\nr. ni\u010den\u00ed prvk\u016f vybaven\u00ed muzea,<br \/>\ns. provozovat obchodn\u00ed, reklamn\u00ed nebo politickou agita\u010dn\u00ed \u010dinnost.<br \/>\n4. V budov\u011b muzea je zak\u00e1z\u00e1n pobyt t\u011bmto osob\u00e1m:<br \/>\na. m\u00edt nebezpe\u010dn\u00e9 p\u0159edm\u011bty nebo materi\u00e1ly;<br \/>\nb. pod vlivem alkoholu, drog nebo psychoaktivn\u00edch l\u00e1tek;<br \/>\nc. jeho\u017e od\u011bv neodpov\u00edd\u00e1 v\u00e1\u017enosti muzea.<br \/>\n5. D\u011bti do 10 let mohou pob\u00fdvat v muzeu pouze v p\u00e9\u010di dosp\u011bl\u00e9 osoby.<br \/>\n6. Za \u0161kody zp\u016fsoben\u00e9 d\u011btmi v jejich p\u00e9\u010di odpov\u00eddaj\u00ed rodi\u010de a opatrovn\u00edci.<\/p>\n<p><strong>\u00a7 7. Z\u00e1v\u011bre\u010dn\u00e1 ustanoven\u00ed<\/strong><\/p>\n<p>Zakoupen\u00edm vstupenky do muzea souhlas\u00edte s t\u011bmito pravidly.<br \/>\nNerespektov\u00e1n\u00ed tohoto \u0158\u00e1du n\u00e1v\u0161t\u011bvn\u00edky je d\u016fvodem k vyzv\u00e1n\u00ed n\u00e1v\u0161t\u011bvn\u00edka k opu\u0161t\u011bn\u00ed prostor muzea. Osoba, kter\u00e1 byla vyzv\u00e1na k opu\u0161t\u011bn\u00ed prostor Muzea z d\u016fvodu nedodr\u017een\u00ed \u0158\u00e1du, nem\u00e1 n\u00e1rok na n\u00e1hradu vznikl\u00fdch n\u00e1klad\u016f.<br \/>\nP\u0159ipom\u00ednky, st\u00ed\u017enosti a po\u017eadavky t\u00fdkaj\u00edc\u00ed se \u010dinnosti muzea a n\u00e1v\u0161t\u011bvnick\u00e9ho servisu lze pod\u00e1vat na sekretari\u00e1t muzea nebo e-mailem na biuro@muzpap.pl.<\/p>\n<p>&nbsp;<\/p>\n<p><\/p>","protected":false},"excerpt":{"rendered":"<p>P\u0159\u00edloha k p\u0159\u00edkazu \u010d. 3\/2022 \u0159editele Muzea pap\u00edru ze dne 28.3.2022. Plat\u00ed od 29. b\u0159ezna 2022. &nbsp; \u00a7 1. Obecn\u00e1 ustanoven\u00ed \u0158\u00e1d n\u00e1v\u0161t\u011bvy Muzea pap\u00edru definuje pravidla vyu\u017e\u00edv\u00e1n\u00ed kulturn\u00edch slu\u017eeb muzea a jeho \u00fa\u010delem je zajistit bezpe\u010dnost n\u00e1v\u0161t\u011bvn\u00edk\u016f i zam\u011bstnanc\u016f muzea. Muzeum je otev\u0159eno pro n\u00e1v\u0161t\u011bvn\u00edky: kv\u011bten-srpen: pond\u011bl\u00ed a\u017e sobota, 9:00-18:00, ned\u011ble 9:00\u201316:00, z\u00e1\u0159\u00ed \u2013 [&hellip;]<\/p>\n","protected":false},"author":2,"featured_media":0,"parent":0,"menu_order":3,"comment_status":"closed","ping_status":"closed","template":"","meta":{"_acf_changed":false,"ngg_post_thumbnail":0,"footnotes":""},"class_list":["post-19577","page","type-page","status-publish","hentry"],"acf":[],"_links":{"self":[{"href":"https:\/\/muzeumpapiernictwa.pl\/cz\/wp-json\/wp\/v2\/pages\/19577","targetHints":{"allow":["GET"]}}],"collection":[{"href":"https:\/\/muzeumpapiernictwa.pl\/cz\/wp-json\/wp\/v2\/pages"}],"about":[{"href":"https:\/\/muzeumpapiernictwa.pl\/cz\/wp-json\/wp\/v2\/types\/page"}],"author":[{"embeddable":true,"href":"https:\/\/muzeumpapiernictwa.pl\/cz\/wp-json\/wp\/v2\/users\/2"}],"replies":[{"embeddable":true,"href":"https:\/\/muzeumpapiernictwa.pl\/cz\/wp-json\/wp\/v2\/comments?post=19577"}],"version-history":[{"count":24,"href":"https:\/\/muzeumpapiernictwa.pl\/cz\/wp-json\/wp\/v2\/pages\/19577\/revisions"}],"predecessor-version":[{"id":21298,"href":"https:\/\/muzeumpapiernictwa.pl\/cz\/wp-json\/wp\/v2\/pages\/19577\/revisions\/21298"}],"wp:attachment":[{"href":"https:\/\/muzeumpapiernictwa.pl\/cz\/wp-json\/wp\/v2\/media?parent=19577"}],"curies":[{"name":"wp","href":"https:\/\/api.w.org\/{rel}","templated":true}]}}