{"id":19409,"date":"2022-10-11T09:00:45","date_gmt":"2022-10-11T07:00:45","guid":{"rendered":"https:\/\/muzeumpapiernictwa.pl\/?page_id=19409"},"modified":"2022-11-18T12:49:16","modified_gmt":"2022-11-18T11:49:16","slug":"nowa-wystawa-w-muzeum","status":"publish","type":"page","link":"https:\/\/muzeumpapiernictwa.pl\/cz\/aktuality\/nowa-wystawa-w-muzeum\/","title":{"rendered":"Zveme v\u00e1s na v\u00fdstavu Soused\u00e9. Bankovky polsko-\u010desk\u00e9ho pohrani\u010d\u00ed"},"content":{"rendered":"<p><\/p>\n<p><strong>Muzeum pap\u00edrenstv\u00ed v Dusznikach-Zdr\u00f3j si v\u00e1s dovoluje informovat o zah\u00e1jen\u00ed nov\u00e9 kr\u00e1tkodob\u00e9 v\u00fdstavy <em>S\u0105siedzi. Banknoty polsko-czeskiego pogranicza. Soused\u00e9. Bankovky polsko-\u010desk\u00e9ho pohrani\u010d\u00ed<\/em>. V\u00fdstavu je mo\u017en\u00e9 nav\u0161t\u00edvit od 7. \u0159\u00edjna 2022 do 8. ledna 2023 ve v\u00fdstavn\u00ed s\u00edni kr\u00e1tkodob\u00fdch v\u00fdstav v\u00a0historick\u00e9 pap\u00edrn\u011b v Dusznikach-Zdr\u00f3j.<\/strong><\/p>\n<p>Muzeum pap\u00edrenstv\u00ed v Dusznikach-Zdr\u00f3j se ji\u017e n\u011bkolik let zaj\u00edm\u00e1 o pap\u00edrov\u00e9 pen\u00edze a ve sv\u00fdch numizmatick\u00fdch sb\u00edrk\u00e1ch m\u00e1 nejen polsk\u00e9, ale tak\u00e9 zahrani\u010dn\u00ed bankovky, v\u010detn\u011b t\u00e9m\u011b\u0159 kompletn\u00ed sb\u00edrky bankovek \u010desk\u00fdch a \u010deskoslovensk\u00fdch. A pr\u00e1v\u011b touto sb\u00edrkou chce p\u0159il\u00e1kat n\u00e1v\u0161t\u011bvn\u00edky ze sousedn\u00ed \u010cesk\u00e9 republiky a p\u0159edstavit jim nab\u00eddku v\u00fdstav a vzd\u011bl\u00e1vac\u00edch program\u016f.<\/p>\n<p>V\u00fdstava <strong><em>Soused\u00e9. Bankovky polsko-\u010desk\u00e9ho pohrani\u010d\u00ed<\/em><\/strong> m\u00e1 vzd\u011bl\u00e1vac\u00ed charakter, klade d\u016fraz na um\u011bleckou i historickou hodnotu \u010deskoslovensk\u00fdch a \u010desk\u00fdch bankovek a v kostce p\u0159in\u00e1\u0161\u00ed historii \u010ceskoslovenska a \u010cesk\u00e9 republiky. Na v\u00fdstav\u011b p\u0159edstav\u00edme \u010deskoslovensk\u00e9 a \u010desk\u00e9 pap\u00edrov\u00e9 ob\u011b\u017eivo ze v\u0161ech emis\u00ed od roku 1918 do sou\u010dasnosti, v\u010detn\u011b unik\u00e1tn\u00edch pouk\u00e1zek z\u00a0terez\u00ednsk\u00e9ho ghetta. R\u00e1di bychom rovn\u011b\u017e pouk\u00e1zali na podobnosti a rozd\u00edly mezi korunami a\u00a0polsk\u00fdmi zlot\u00fdmi. Panely a vitr\u00edny jsou koncipov\u00e1ny tak, aby si n\u00e1v\u0161t\u011bvn\u00edci mohli \u010desk\u00e9 a\u00a0\u010deskoslovensk\u00e9 bankovky emitovan\u00e9 v\u00a0dan\u00e9m obdob\u00ed porovnat s\u00a0bankovkami polsk\u00fdmi, je\u017e byly uvedeny do ob\u011bhu ve stejnou dobu.<\/p>\n<p>Autorsky se na v\u00fdstav\u011b pod\u00edleli Karolina Dyjas a Marcin Wyszy\u0144ski. Doprovodn\u00e9 materi\u00e1ly a\u00a0texty a popisky v\u00fdstavy <strong><em>Soused\u00e9. Bankovky polsko-\u010desk\u00e9ho pohrani\u010d\u00ed<\/em><\/strong> jsou vyhotoveny v\u00a0\u010desk\u00e9m a polsk\u00e9m jazyce. \u010cesk\u00fdm n\u00e1v\u0161t\u011bvn\u00edk\u016fm st\u00e1l\u00e9 v\u00fdstavy <em>S pap\u00edrem nap\u0159\u00ed\u010d dv\u011bma tis\u00edcilet\u00edmi<\/em> nav\u00edc nab\u00edz\u00edme audiopr\u016fvodce v \u010de\u0161tin\u011b.<\/p>\n<p>Projekt je realizov\u00e1n s Polskou n\u00e1rodn\u00ed bankou v r\u00e1mci programu ekonomick\u00e9ho vzd\u011bl\u00e1v\u00e1n\u00ed a\u00a0ve spolupr\u00e1ci s Polskou tisk\u00e1rnou cenin, a. s.<\/p>\n<p>&nbsp;<\/p>\n<p>Muzeum pap\u00edrenstv\u00ed v Dusznikach-Zdr\u00f3j<\/p>\n<ol>\n<li>K\u0142odzka 42,<\/li>\n<\/ol>\n<p>57-340 Duszniki-Zdr\u00f3j<\/p>\n<p>https:\/\/muzeumpapiernictwa.pl\/cz\/<\/p>\n<p>&nbsp;<\/p>\n<p>Otev\u00edrac\u00ed doba<\/p>\n<p>\u0159\u00edjen: pond\u011bl\u00ed\u2013sobota 9.00\u201317.00, ned\u011ble 9.00\u201316.00<\/p>\n<p>od listopadu: \u00fater\u00fd\u2013ned\u011ble 9.00\u201315.00<\/p>\n<p>&nbsp;<\/p>\n<hr \/>\n\n\t\t<style type=\"text\/css\">\n\t\t\t#gallery-3 {\n\t\t\t\tmargin: auto;\n\t\t\t}\n\t\t\t#gallery-3 .gallery-item {\n\t\t\t\tfloat: left;\n\t\t\t\tmargin-top: 10px;\n\t\t\t\ttext-align: center;\n\t\t\t\twidth: 33%;\n\t\t\t}\n\t\t\t#gallery-3 img {\n\t\t\t\tborder: 2px solid #cfcfcf;\n\t\t\t}\n\t\t\t#gallery-3 .gallery-caption {\n\t\t\t\tmargin-left: 0;\n\t\t\t}\n\t\t\t\/* see gallery_shortcode() in wp-includes\/media.php *\/\n\t\t<\/style>\n\t\t<div id='gallery-3' class='gallery galleryid-19409 gallery-columns-3 gallery-size-thumbnail'><dl class='gallery-item'>\n\t\t\t<dt class='gallery-icon portrait'>\n\t\t\t\t<a href='https:\/\/muzeumpapiernictwa.pl\/wp-content\/uploads\/2022\/10\/MUP_7725.jpg' title=\"\" data-rl_title=\"\" class=\"rl-gallery-link\" data-rl_caption=\"\" data-rel=\"lightbox-gallery-3\"><img loading=\"lazy\" decoding=\"async\" width=\"150\" height=\"150\" src=\"https:\/\/muzeumpapiernictwa.pl\/wp-content\/uploads\/2022\/10\/MUP_7725-150x150.jpg\" class=\"attachment-thumbnail size-thumbnail\" \/><\/a>\n\t\t\t<\/dt><\/dl><dl class='gallery-item'>\n\t\t\t<dt class='gallery-icon landscape'>\n\t\t\t\t<a href='https:\/\/muzeumpapiernictwa.pl\/wp-content\/uploads\/2022\/10\/MUP_7761.jpg' title=\"\" data-rl_title=\"\" class=\"rl-gallery-link\" data-rl_caption=\"\" data-rel=\"lightbox-gallery-3\"><img loading=\"lazy\" decoding=\"async\" width=\"150\" height=\"150\" src=\"https:\/\/muzeumpapiernictwa.pl\/wp-content\/uploads\/2022\/10\/MUP_7761-150x150.jpg\" class=\"attachment-thumbnail size-thumbnail\" \/><\/a>\n\t\t\t<\/dt><\/dl><dl class='gallery-item'>\n\t\t\t<dt class='gallery-icon landscape'>\n\t\t\t\t<a href='https:\/\/muzeumpapiernictwa.pl\/wp-content\/uploads\/2022\/10\/MUP_7743.jpg' title=\"\" data-rl_title=\"\" class=\"rl-gallery-link\" data-rl_caption=\"\" data-rel=\"lightbox-gallery-3\"><img loading=\"lazy\" decoding=\"async\" width=\"150\" height=\"150\" src=\"https:\/\/muzeumpapiernictwa.pl\/wp-content\/uploads\/2022\/10\/MUP_7743-150x150.jpg\" class=\"attachment-thumbnail size-thumbnail\" \/><\/a>\n\t\t\t<\/dt><\/dl><br style=\"clear: both\" \/><dl class='gallery-item'>\n\t\t\t<dt class='gallery-icon landscape'>\n\t\t\t\t<a href='https:\/\/muzeumpapiernictwa.pl\/wp-content\/uploads\/2022\/10\/MUP_7727.jpg' title=\"\" data-rl_title=\"\" class=\"rl-gallery-link\" data-rl_caption=\"\" data-rel=\"lightbox-gallery-3\"><img loading=\"lazy\" decoding=\"async\" width=\"150\" height=\"150\" src=\"https:\/\/muzeumpapiernictwa.pl\/wp-content\/uploads\/2022\/10\/MUP_7727-150x150.jpg\" class=\"attachment-thumbnail size-thumbnail\" \/><\/a>\n\t\t\t<\/dt><\/dl><dl class='gallery-item'>\n\t\t\t<dt class='gallery-icon landscape'>\n\t\t\t\t<a href='https:\/\/muzeumpapiernictwa.pl\/wp-content\/uploads\/2022\/10\/MUP_7716.jpg' title=\"\" data-rl_title=\"\" class=\"rl-gallery-link\" data-rl_caption=\"\" data-rel=\"lightbox-gallery-3\"><img loading=\"lazy\" decoding=\"async\" width=\"150\" height=\"150\" src=\"https:\/\/muzeumpapiernictwa.pl\/wp-content\/uploads\/2022\/10\/MUP_7716-150x150.jpg\" class=\"attachment-thumbnail size-thumbnail\" \/><\/a>\n\t\t\t<\/dt><\/dl><dl class='gallery-item'>\n\t\t\t<dt class='gallery-icon landscape'>\n\t\t\t\t<a href='https:\/\/muzeumpapiernictwa.pl\/wp-content\/uploads\/2022\/10\/MUP_7667.jpg' title=\"\" data-rl_title=\"\" class=\"rl-gallery-link\" data-rl_caption=\"\" data-rel=\"lightbox-gallery-3\"><img loading=\"lazy\" decoding=\"async\" width=\"150\" height=\"150\" src=\"https:\/\/muzeumpapiernictwa.pl\/wp-content\/uploads\/2022\/10\/MUP_7667-150x150.jpg\" class=\"attachment-thumbnail size-thumbnail\" \/><\/a>\n\t\t\t<\/dt><\/dl><br style=\"clear: both\" \/><dl class='gallery-item'>\n\t\t\t<dt class='gallery-icon landscape'>\n\t\t\t\t<a href='https:\/\/muzeumpapiernictwa.pl\/wp-content\/uploads\/2022\/10\/MUP_7663.jpg' title=\"\" data-rl_title=\"\" class=\"rl-gallery-link\" data-rl_caption=\"\" data-rel=\"lightbox-gallery-3\"><img loading=\"lazy\" decoding=\"async\" width=\"150\" height=\"150\" src=\"https:\/\/muzeumpapiernictwa.pl\/wp-content\/uploads\/2022\/10\/MUP_7663-150x150.jpg\" class=\"attachment-thumbnail size-thumbnail\" \/><\/a>\n\t\t\t<\/dt><\/dl><dl class='gallery-item'>\n\t\t\t<dt class='gallery-icon landscape'>\n\t\t\t\t<a href='https:\/\/muzeumpapiernictwa.pl\/wp-content\/uploads\/2022\/10\/MUP_7662.jpg' title=\"\" data-rl_title=\"\" class=\"rl-gallery-link\" data-rl_caption=\"\" data-rel=\"lightbox-gallery-3\"><img loading=\"lazy\" decoding=\"async\" width=\"150\" height=\"150\" src=\"https:\/\/muzeumpapiernictwa.pl\/wp-content\/uploads\/2022\/10\/MUP_7662-150x150.jpg\" class=\"attachment-thumbnail size-thumbnail\" \/><\/a>\n\t\t\t<\/dt><\/dl><dl class='gallery-item'>\n\t\t\t<dt class='gallery-icon landscape'>\n\t\t\t\t<a href='https:\/\/muzeumpapiernictwa.pl\/wp-content\/uploads\/2022\/10\/MUP_7655.jpg' title=\"\" data-rl_title=\"\" class=\"rl-gallery-link\" data-rl_caption=\"\" data-rel=\"lightbox-gallery-3\"><img loading=\"lazy\" decoding=\"async\" width=\"150\" height=\"150\" src=\"https:\/\/muzeumpapiernictwa.pl\/wp-content\/uploads\/2022\/10\/MUP_7655-150x150.jpg\" class=\"attachment-thumbnail size-thumbnail\" \/><\/a>\n\t\t\t<\/dt><\/dl><br style=\"clear: both\" \/><dl class='gallery-item'>\n\t\t\t<dt class='gallery-icon landscape'>\n\t\t\t\t<a href='https:\/\/muzeumpapiernictwa.pl\/wp-content\/uploads\/2022\/10\/MUP_7645.jpg' title=\"\" data-rl_title=\"\" class=\"rl-gallery-link\" data-rl_caption=\"\" data-rel=\"lightbox-gallery-3\"><img loading=\"lazy\" decoding=\"async\" width=\"150\" height=\"150\" src=\"https:\/\/muzeumpapiernictwa.pl\/wp-content\/uploads\/2022\/10\/MUP_7645-150x150.jpg\" class=\"attachment-thumbnail size-thumbnail\" \/><\/a>\n\t\t\t<\/dt><\/dl><dl class='gallery-item'>\n\t\t\t<dt class='gallery-icon landscape'>\n\t\t\t\t<a href='https:\/\/muzeumpapiernictwa.pl\/wp-content\/uploads\/2022\/10\/MUP_7648.jpg' title=\"\" data-rl_title=\"\" class=\"rl-gallery-link\" data-rl_caption=\"\" data-rel=\"lightbox-gallery-3\"><img loading=\"lazy\" decoding=\"async\" width=\"150\" height=\"150\" src=\"https:\/\/muzeumpapiernictwa.pl\/wp-content\/uploads\/2022\/10\/MUP_7648-150x150.jpg\" class=\"attachment-thumbnail size-thumbnail\" \/><\/a>\n\t\t\t<\/dt><\/dl><dl class='gallery-item'>\n\t\t\t<dt class='gallery-icon landscape'>\n\t\t\t\t<a href='https:\/\/muzeumpapiernictwa.pl\/wp-content\/uploads\/2022\/10\/MUP_7649.jpg' title=\"\" data-rl_title=\"\" class=\"rl-gallery-link\" data-rl_caption=\"\" data-rel=\"lightbox-gallery-3\"><img loading=\"lazy\" decoding=\"async\" width=\"150\" height=\"150\" src=\"https:\/\/muzeumpapiernictwa.pl\/wp-content\/uploads\/2022\/10\/MUP_7649-150x150.jpg\" class=\"attachment-thumbnail size-thumbnail\" \/><\/a>\n\t\t\t<\/dt><\/dl><br style=\"clear: both\" \/>\n\t\t<\/div>\n\n<p><\/p>","protected":false},"excerpt":{"rendered":"<p>Muzeum pap\u00edrenstv\u00ed v Dusznikach-Zdr\u00f3j si v\u00e1s dovoluje informovat o zah\u00e1jen\u00ed nov\u00e9 kr\u00e1tkodob\u00e9 v\u00fdstavy S\u0105siedzi. Banknoty polsko-czeskiego pogranicza. Soused\u00e9. Bankovky polsko-\u010desk\u00e9ho pohrani\u010d\u00ed. V\u00fdstavu je mo\u017en\u00e9 nav\u0161t\u00edvit od 7. \u0159\u00edjna 2022 do 8. ledna 2023 ve v\u00fdstavn\u00ed s\u00edni kr\u00e1tkodob\u00fdch v\u00fdstav v\u00a0historick\u00e9 pap\u00edrn\u011b v Dusznikach-Zdr\u00f3j. Muzeum pap\u00edrenstv\u00ed v Dusznikach-Zdr\u00f3j se ji\u017e n\u011bkolik let zaj\u00edm\u00e1 o pap\u00edrov\u00e9 pen\u00edze a [&hellip;]<\/p>\n","protected":false},"author":15,"featured_media":19418,"parent":137,"menu_order":3,"comment_status":"closed","ping_status":"closed","template":"","meta":{"_acf_changed":false,"ngg_post_thumbnail":0,"footnotes":""},"class_list":["post-19409","page","type-page","status-publish","has-post-thumbnail","hentry"],"acf":[],"_links":{"self":[{"href":"https:\/\/muzeumpapiernictwa.pl\/cz\/wp-json\/wp\/v2\/pages\/19409","targetHints":{"allow":["GET"]}}],"collection":[{"href":"https:\/\/muzeumpapiernictwa.pl\/cz\/wp-json\/wp\/v2\/pages"}],"about":[{"href":"https:\/\/muzeumpapiernictwa.pl\/cz\/wp-json\/wp\/v2\/types\/page"}],"author":[{"embeddable":true,"href":"https:\/\/muzeumpapiernictwa.pl\/cz\/wp-json\/wp\/v2\/users\/15"}],"replies":[{"embeddable":true,"href":"https:\/\/muzeumpapiernictwa.pl\/cz\/wp-json\/wp\/v2\/comments?post=19409"}],"version-history":[{"count":9,"href":"https:\/\/muzeumpapiernictwa.pl\/cz\/wp-json\/wp\/v2\/pages\/19409\/revisions"}],"predecessor-version":[{"id":19601,"href":"https:\/\/muzeumpapiernictwa.pl\/cz\/wp-json\/wp\/v2\/pages\/19409\/revisions\/19601"}],"up":[{"embeddable":true,"href":"https:\/\/muzeumpapiernictwa.pl\/cz\/wp-json\/wp\/v2\/pages\/137"}],"wp:featuredmedia":[{"embeddable":true,"href":"https:\/\/muzeumpapiernictwa.pl\/cz\/wp-json\/wp\/v2\/media\/19418"}],"wp:attachment":[{"href":"https:\/\/muzeumpapiernictwa.pl\/cz\/wp-json\/wp\/v2\/media?parent=19409"}],"curies":[{"name":"wp","href":"https:\/\/api.w.org\/{rel}","templated":true}]}}