{"id":18079,"date":"2022-04-08T13:39:10","date_gmt":"2022-04-08T11:39:10","guid":{"rendered":"https:\/\/muzeumpapiernictwa.pl\/?page_id=18079"},"modified":"2022-04-13T08:14:41","modified_gmt":"2022-04-13T06:14:41","slug":"informacja-na-temat-miedzynarodowych-uzgodnien-w-kwestii-przygotowan-do-wpisu-na-liste-unesco-najcenniejszych-mlynow-papierniczych","status":"publish","type":"page","link":"https:\/\/muzeumpapiernictwa.pl\/cz\/aktuality\/informacja-na-temat-miedzynarodowych-uzgodnien-w-kwestii-przygotowan-do-wpisu-na-liste-unesco-najcenniejszych-mlynow-papierniczych\/","title":{"rendered":"Informace o mezin\u00e1rodn\u00edch ujedn\u00e1n\u00edch ve v\u011bci p\u0159\u00edpravy k z\u00e1pisu nejcenn\u011bj\u0161\u00edch pap\u00edrensk\u00fdch ml\u00fdn\u016f na seznam UNESCO"},"content":{"rendered":"<p><\/p>\n<p>V obdob\u00ed od listopadu 2021 do za\u010d\u00e1tku dubna 2022 se uskute\u010dnila \u010dty\u0159i mezin\u00e1rodn\u00ed setk\u00e1n\u00ed z\u00e1stupc\u016f polsk\u00e9ho ministerstva kultury a n\u00e1rodn\u00edho d\u011bdictv\u00ed (s \u00fa\u010dast\u00ed prof. Bogus\u0142awa Szmygina, p\u0159edsedy ICOMOS a veden\u00ed Muzea pap\u00edrenstv\u00ed) se z\u00e1stupci ministerstev odpov\u011bdn\u00fdch za sv\u011btov\u00e9 d\u011bdictv\u00ed v\u00a0\u010cesk\u00e9 republice, N\u011bmecku, It\u00e1lii a \u0160pan\u011blsku. V\u0161echna setk\u00e1n\u00ed prob\u00edhala ve velmi dobr\u00e9 atmosf\u00e9\u0159e. \u00da\u010dastn\u00edci jedn\u00e1n\u00ed p\u0159iznali, \u017ee pap\u00edrensk\u00e9 ml\u00fdny v Dusznikach-Zdroji, Velk\u00fdch Losin\u00e1ch, Homburgu, Pescii a Capellades maj\u00ed obrovsk\u00fd v\u00fdznam pro kulturu.<\/p>\n<p>Partne\u0159i z \u010cesk\u00e9 republiky, N\u011bmecka, It\u00e1lie a \u0160pan\u011blska uznali, \u017ee projekt by m\u011bl b\u00fdt realizov\u00e1n pod polsk\u00fdm veden\u00edm. Ministerstvo kultury a n\u00e1rodn\u00edho d\u011bdictv\u00ed ozn\u00e1milo p\u0159ipravenost k p\u0159edlo\u017een\u00ed nominace Centru sv\u011btov\u00e9ho d\u011bdictv\u00ed v Pa\u0159\u00ed\u017ei v lednu 2024 (za p\u0159edpokladu, \u017ee nominaci p\u0159iprav\u00ed a schv\u00e1l\u00ed ka\u017ed\u00e1 zem\u011b). Muzeum pap\u00edrnictv\u00ed v Dusznikach Zdroji souhlasilo s koordinac\u00ed zpracov\u00e1n\u00ed nominac\u00ed.<\/p>\n<p>V sou\u010dasn\u00e9 dob\u011b se za podpory partner\u016f z N\u011bmecka a It\u00e1lie p\u0159ipravuje n\u00e1vrh mezin\u00e1rodn\u00ed smlouvy o z\u00e1sad\u00e1ch spolupr\u00e1ce. Z\u00e1rove\u0148 muzeum pap\u00edrenstv\u00ed pov\u011b\u0159ilo odborn\u00edky pod veden\u00edm prof. Bogus\u0142awa Szmygina zpracov\u00e1n\u00edm p\u0159edb\u011b\u017en\u00e9 nominace. Podle pl\u00e1n\u016f bude kompletn\u00ed nominace hotov\u00e1 do konce roku 2023 a v lednu 2024 bude p\u0159edlo\u017eena Centru sv\u011btov\u00e9ho d\u011bdictv\u00ed v Pa\u0159\u00ed\u017ei.<\/p>\n<p>&nbsp;<\/p>\n<hr \/>\n<p>&nbsp;<\/p>\n\n\t\t<style type=\"text\/css\">\n\t\t\t#gallery-4 {\n\t\t\t\tmargin: auto;\n\t\t\t}\n\t\t\t#gallery-4 .gallery-item {\n\t\t\t\tfloat: left;\n\t\t\t\tmargin-top: 10px;\n\t\t\t\ttext-align: center;\n\t\t\t\twidth: 33%;\n\t\t\t}\n\t\t\t#gallery-4 img {\n\t\t\t\tborder: 2px solid #cfcfcf;\n\t\t\t}\n\t\t\t#gallery-4 .gallery-caption {\n\t\t\t\tmargin-left: 0;\n\t\t\t}\n\t\t\t\/* see gallery_shortcode() in wp-includes\/media.php *\/\n\t\t<\/style>\n\t\t<div id='gallery-4' class='gallery galleryid-18079 gallery-columns-3 gallery-size-thumbnail'><dl class='gallery-item'>\n\t\t\t<dt class='gallery-icon landscape'>\n\t\t\t\t<a href='https:\/\/muzeumpapiernictwa.pl\/wp-content\/uploads\/2022\/04\/5.-Pescia-Wlochy-\u2014-kopia.jpg' title=\"\" data-rl_title=\"\" class=\"rl-gallery-link\" data-rl_caption=\"\" data-rel=\"lightbox-gallery-4\"><img loading=\"lazy\" decoding=\"async\" width=\"150\" height=\"150\" src=\"https:\/\/muzeumpapiernictwa.pl\/wp-content\/uploads\/2022\/04\/5.-Pescia-Wlochy-\u2014-kopia-150x150.jpg\" class=\"attachment-thumbnail size-thumbnail\" aria-describedby=\"gallery-4-18080\" \/><\/a>\n\t\t\t<\/dt>\n\t\t\t\t<dd class='wp-caption-text gallery-caption' id='gallery-4-18080'>\n\t\t\t\tPescia \n\t\t\t\t<\/dd><\/dl><dl class='gallery-item'>\n\t\t\t<dt class='gallery-icon landscape'>\n\t\t\t\t<a href='https:\/\/muzeumpapiernictwa.pl\/wp-content\/uploads\/2022\/04\/6.-Capellades-Hiszpania.jpg' title=\"\" data-rl_title=\"\" class=\"rl-gallery-link\" data-rl_caption=\"\" data-rel=\"lightbox-gallery-4\"><img loading=\"lazy\" decoding=\"async\" width=\"150\" height=\"150\" src=\"https:\/\/muzeumpapiernictwa.pl\/wp-content\/uploads\/2022\/04\/6.-Capellades-Hiszpania-150x150.jpg\" class=\"attachment-thumbnail size-thumbnail\" aria-describedby=\"gallery-4-18081\" \/><\/a>\n\t\t\t<\/dt>\n\t\t\t\t<dd class='wp-caption-text gallery-caption' id='gallery-4-18081'>\n\t\t\t\tCapellades \n\t\t\t\t<\/dd><\/dl><dl class='gallery-item'>\n\t\t\t<dt class='gallery-icon landscape'>\n\t\t\t\t<a href='https:\/\/muzeumpapiernictwa.pl\/wp-content\/uploads\/2021\/12\/X4A9511-Edit-scaled.jpg' title=\"\" data-rl_title=\"\" class=\"rl-gallery-link\" data-rl_caption=\"\" data-rel=\"lightbox-gallery-4\"><img loading=\"lazy\" decoding=\"async\" width=\"150\" height=\"150\" src=\"https:\/\/muzeumpapiernictwa.pl\/wp-content\/uploads\/2021\/12\/X4A9511-Edit-150x150.jpg\" class=\"attachment-thumbnail size-thumbnail\" aria-describedby=\"gallery-4-17611\" \/><\/a>\n\t\t\t<\/dt>\n\t\t\t\t<dd class='wp-caption-text gallery-caption' id='gallery-4-17611'>\n\t\t\t\tDuszniki-Zdr\u00f3j \n\t\t\t\t<\/dd><\/dl><br style=\"clear: both\" \/><dl class='gallery-item'>\n\t\t\t<dt class='gallery-icon landscape'>\n\t\t\t\t<a href='https:\/\/muzeumpapiernictwa.pl\/wp-content\/uploads\/2021\/12\/Papirna-V.jpg' title=\"\" data-rl_title=\"\" class=\"rl-gallery-link\" data-rl_caption=\"\" data-rel=\"lightbox-gallery-4\"><img loading=\"lazy\" decoding=\"async\" width=\"150\" height=\"150\" src=\"https:\/\/muzeumpapiernictwa.pl\/wp-content\/uploads\/2021\/12\/Papirna-V-150x150.jpg\" class=\"attachment-thumbnail size-thumbnail\" aria-describedby=\"gallery-4-17610\" \/><\/a>\n\t\t\t<\/dt>\n\t\t\t\t<dd class='wp-caption-text gallery-caption' id='gallery-4-17610'>\n\t\t\t\tVelk\u00e9 Losiny \n\t\t\t\t<\/dd><\/dl><dl class='gallery-item'>\n\t\t\t<dt class='gallery-icon landscape'>\n\t\t\t\t<a href='https:\/\/muzeumpapiernictwa.pl\/wp-content\/uploads\/2019\/10\/Papiernia-w-Homburgu-1-e1572516657174.jpg' title=\"\" data-rl_title=\"\" class=\"rl-gallery-link\" data-rl_caption=\"\" data-rel=\"lightbox-gallery-4\"><img loading=\"lazy\" decoding=\"async\" width=\"150\" height=\"150\" src=\"https:\/\/muzeumpapiernictwa.pl\/wp-content\/uploads\/2019\/10\/Papiernia-w-Homburgu-1-150x150.jpg\" class=\"attachment-thumbnail size-thumbnail\" aria-describedby=\"gallery-4-14214\" \/><\/a>\n\t\t\t<\/dt>\n\t\t\t\t<dd class='wp-caption-text gallery-caption' id='gallery-4-14214'>\n\t\t\t\tHomburg \n\t\t\t\t<\/dd><\/dl>\n\t\t\t<br style='clear: both' \/>\n\t\t<\/div>\n\n<p><\/p>","protected":false},"excerpt":{"rendered":"<p>V obdob\u00ed od listopadu 2021 do za\u010d\u00e1tku dubna 2022 se uskute\u010dnila \u010dty\u0159i mezin\u00e1rodn\u00ed setk\u00e1n\u00ed z\u00e1stupc\u016f polsk\u00e9ho ministerstva kultury a n\u00e1rodn\u00edho d\u011bdictv\u00ed (s \u00fa\u010dast\u00ed prof. Bogus\u0142awa Szmygina, p\u0159edsedy ICOMOS a veden\u00ed Muzea pap\u00edrenstv\u00ed) se z\u00e1stupci ministerstev odpov\u011bdn\u00fdch za sv\u011btov\u00e9 d\u011bdictv\u00ed v\u00a0\u010cesk\u00e9 republice, N\u011bmecku, It\u00e1lii a \u0160pan\u011blsku. V\u0161echna setk\u00e1n\u00ed prob\u00edhala ve velmi dobr\u00e9 atmosf\u00e9\u0159e. \u00da\u010dastn\u00edci jedn\u00e1n\u00ed p\u0159iznali, [&hellip;]<\/p>\n","protected":false},"author":15,"featured_media":10672,"parent":137,"menu_order":135,"comment_status":"closed","ping_status":"closed","template":"","meta":{"_acf_changed":false,"ngg_post_thumbnail":0,"footnotes":""},"class_list":["post-18079","page","type-page","status-publish","has-post-thumbnail","hentry"],"acf":[],"_links":{"self":[{"href":"https:\/\/muzeumpapiernictwa.pl\/cz\/wp-json\/wp\/v2\/pages\/18079","targetHints":{"allow":["GET"]}}],"collection":[{"href":"https:\/\/muzeumpapiernictwa.pl\/cz\/wp-json\/wp\/v2\/pages"}],"about":[{"href":"https:\/\/muzeumpapiernictwa.pl\/cz\/wp-json\/wp\/v2\/types\/page"}],"author":[{"embeddable":true,"href":"https:\/\/muzeumpapiernictwa.pl\/cz\/wp-json\/wp\/v2\/users\/15"}],"replies":[{"embeddable":true,"href":"https:\/\/muzeumpapiernictwa.pl\/cz\/wp-json\/wp\/v2\/comments?post=18079"}],"version-history":[{"count":1,"href":"https:\/\/muzeumpapiernictwa.pl\/cz\/wp-json\/wp\/v2\/pages\/18079\/revisions"}],"predecessor-version":[{"id":18085,"href":"https:\/\/muzeumpapiernictwa.pl\/cz\/wp-json\/wp\/v2\/pages\/18079\/revisions\/18085"}],"up":[{"embeddable":true,"href":"https:\/\/muzeumpapiernictwa.pl\/cz\/wp-json\/wp\/v2\/pages\/137"}],"wp:featuredmedia":[{"embeddable":true,"href":"https:\/\/muzeumpapiernictwa.pl\/cz\/wp-json\/wp\/v2\/media\/10672"}],"wp:attachment":[{"href":"https:\/\/muzeumpapiernictwa.pl\/cz\/wp-json\/wp\/v2\/media?parent=18079"}],"curies":[{"name":"wp","href":"https:\/\/api.w.org\/{rel}","templated":true}]}}