{"id":172,"date":"2014-11-18T09:52:47","date_gmt":"2014-11-18T08:52:47","guid":{"rendered":"http:\/\/muzeumpapiernictwa.pl\/?page_id=172"},"modified":"2014-12-22T12:44:55","modified_gmt":"2014-12-22T11:44:55","slug":"historia-papieru","status":"publish","type":"page","link":"https:\/\/muzeumpapiernictwa.pl\/cz\/vzdelavani\/dejiny-papiru\/","title":{"rendered":"D\u011bjiny pap\u00edru"},"content":{"rendered":"<p><\/p>\n<p>\u017de je to zaj\u00edmav\u00e9? D\u011bjiny tohoto pr\u016flomov\u00e9ho vyn\u00e1lezu opravdu stoj\u00ed za to poznat!<\/p>\n<p><a href=\"http:\/\/muzeumpapiernictwa.pl\/cz\/vzdelavani\/dejiny-papiru\/vice-o-historii-papiru\/\" target=\"_blank\">V\u00edce o historii pap\u00edru<\/a><\/p>\n<p>Kdy se pap\u00edrensk\u00e9 ml\u00fdny objevily na \u00fazem\u00ed Polska? Jak se u n\u00e1s rozv\u00edjela pr\u016fmyslov\u00e1 v\u00fdroba pap\u00edru? Zde je odpov\u011b\u010f na tyto a mnoho dal\u0161\u00edch ot\u00e1zek:   <\/p>\n<p><a href=\"http:\/\/muzeumpapiernictwa.pl\/cz\/vzdelavani\/dejiny-papiru\/dejiny-polske-papirenstvi\/\" target=\"_blank\">D\u011bjiny polsk\u00e9 pap\u00edrenstv\u00ed<\/a><\/p>\n<\/p>\n<p><\/p>","protected":false},"excerpt":{"rendered":"<p>\u017de je to zaj\u00edmav\u00e9? D\u011bjiny tohoto pr\u016flomov\u00e9ho vyn\u00e1lezu opravdu stoj\u00ed za to poznat! V\u00edce o historii pap\u00edru Kdy se pap\u00edrensk\u00e9 ml\u00fdny objevily na \u00fazem\u00ed Polska? Jak se u n\u00e1s rozv\u00edjela pr\u016fmyslov\u00e1 v\u00fdroba pap\u00edru? Zde je odpov\u011b\u010f na tyto a mnoho dal\u0161\u00edch ot\u00e1zek: D\u011bjiny polsk\u00e9 pap\u00edrenstv\u00ed<\/p>\n","protected":false},"author":1,"featured_media":0,"parent":170,"menu_order":411,"comment_status":"open","ping_status":"open","template":"","meta":{"_acf_changed":false,"ngg_post_thumbnail":0,"footnotes":""},"class_list":["post-172","page","type-page","status-publish","hentry"],"acf":[],"_links":{"self":[{"href":"https:\/\/muzeumpapiernictwa.pl\/cz\/wp-json\/wp\/v2\/pages\/172","targetHints":{"allow":["GET"]}}],"collection":[{"href":"https:\/\/muzeumpapiernictwa.pl\/cz\/wp-json\/wp\/v2\/pages"}],"about":[{"href":"https:\/\/muzeumpapiernictwa.pl\/cz\/wp-json\/wp\/v2\/types\/page"}],"author":[{"embeddable":true,"href":"https:\/\/muzeumpapiernictwa.pl\/cz\/wp-json\/wp\/v2\/users\/1"}],"replies":[{"embeddable":true,"href":"https:\/\/muzeumpapiernictwa.pl\/cz\/wp-json\/wp\/v2\/comments?post=172"}],"version-history":[{"count":13,"href":"https:\/\/muzeumpapiernictwa.pl\/cz\/wp-json\/wp\/v2\/pages\/172\/revisions"}],"predecessor-version":[{"id":3392,"href":"https:\/\/muzeumpapiernictwa.pl\/cz\/wp-json\/wp\/v2\/pages\/172\/revisions\/3392"}],"up":[{"embeddable":true,"href":"https:\/\/muzeumpapiernictwa.pl\/cz\/wp-json\/wp\/v2\/pages\/170"}],"wp:attachment":[{"href":"https:\/\/muzeumpapiernictwa.pl\/cz\/wp-json\/wp\/v2\/media?parent=172"}],"curies":[{"name":"wp","href":"https:\/\/api.w.org\/{rel}","templated":true}]}}