{"id":17107,"date":"2021-07-14T10:36:35","date_gmt":"2021-07-14T08:36:35","guid":{"rendered":"https:\/\/muzeumpapiernictwa.pl\/?page_id=17107"},"modified":"2021-07-23T08:23:28","modified_gmt":"2021-07-23T06:23:28","slug":"na-liste-unesco-w-piatke","status":"publish","type":"page","link":"https:\/\/muzeumpapiernictwa.pl\/cz\/aktuality\/na-liste-unesco-w-piatke\/","title":{"rendered":"V p\u011bti na seznam UNESCO"},"content":{"rendered":"<p><\/p>\n<p><strong>S pot\u011b\u0161en\u00edm oznamujeme, \u017ee skupina historick\u00fdch pap\u00edrensk\u00fdch ml\u00fdn\u016f, kter\u00e9 usiluj\u00ed o spole\u010dn\u00fd z\u00e1pis na seznam UNESCO, byla roz\u0161\u00ed\u0159ena o historickou pap\u00edrnu v Pietrbuone pobl\u00ed\u017e italsk\u00e9 Pescie.<\/strong><\/p>\n<p>Prohl\u00e1\u0161en\u00ed o \u00famyslu specifikuj\u00edc\u00ed z\u00e1m\u011br spolupr\u00e1ce podepsali: za muzea pap\u00edrenstv\u00ed v Dusznikach-Zdr\u00f3j (Polsko), Velk\u00fdch Losin\u00e1ch (\u010cesk\u00e1 republika), Homburgu (N\u011bmecko) a Ambert (Francie) \u2013 \u0159editel Muzea pap\u00edrenstv\u00ed pan Maciej Szymczyk a za italsk\u00e9 muzeum \u2013 prezident Museo della Carta di Pescia pan Paolo Carrara.<\/p>\n<p>Pap\u00edrensk\u00e9 ml\u00fdny usiluj\u00edc\u00ed o spole\u010dn\u00fd z\u00e1pis na seznam sv\u011btov\u00e9ho d\u011bdictv\u00ed maj\u00ed jedine\u010dnou historickou a v\u011bdeckou hodnotu. Krom\u011b toho mus\u00ed k \u00fa\u010dasti na projektu z\u00edskat souhlas vl\u00e1dy sv\u00e9 zem\u011b.<\/p>\n<p>Museo della Carta di Pescia (fot. A. Siwek):<\/p>\n\n\t\t<style type=\"text\/css\">\n\t\t\t#gallery-4 {\n\t\t\t\tmargin: auto;\n\t\t\t}\n\t\t\t#gallery-4 .gallery-item {\n\t\t\t\tfloat: left;\n\t\t\t\tmargin-top: 10px;\n\t\t\t\ttext-align: center;\n\t\t\t\twidth: 33%;\n\t\t\t}\n\t\t\t#gallery-4 img {\n\t\t\t\tborder: 2px solid #cfcfcf;\n\t\t\t}\n\t\t\t#gallery-4 .gallery-caption {\n\t\t\t\tmargin-left: 0;\n\t\t\t}\n\t\t\t\/* see gallery_shortcode() in wp-includes\/media.php *\/\n\t\t<\/style>\n\t\t<div id='gallery-4' class='gallery galleryid-17107 gallery-columns-3 gallery-size-thumbnail'><dl class='gallery-item'>\n\t\t\t<dt class='gallery-icon landscape'>\n\t\t\t\t<a href='https:\/\/muzeumpapiernictwa.pl\/wp-content\/uploads\/2021\/07\/Pescia-Muzeum-papiernictwa-fot.-A.-Siwek-2019-1-kopia-scaled.jpg' title=\"\" data-rl_title=\"\" class=\"rl-gallery-link\" data-rl_caption=\"\" data-rel=\"lightbox-gallery-4\"><img loading=\"lazy\" decoding=\"async\" width=\"150\" height=\"150\" src=\"https:\/\/muzeumpapiernictwa.pl\/wp-content\/uploads\/2021\/07\/Pescia-Muzeum-papiernictwa-fot.-A.-Siwek-2019-1-kopia-150x150.jpg\" class=\"attachment-thumbnail size-thumbnail\" \/><\/a>\n\t\t\t<\/dt><\/dl><dl class='gallery-item'>\n\t\t\t<dt class='gallery-icon landscape'>\n\t\t\t\t<a href='https:\/\/muzeumpapiernictwa.pl\/wp-content\/uploads\/2021\/07\/Pescia-Muzeum-papiernictwa-fot.-A.-Siwek-2019-10-kopia-scaled.jpg' title=\"\" data-rl_title=\"\" class=\"rl-gallery-link\" data-rl_caption=\"\" data-rel=\"lightbox-gallery-4\"><img loading=\"lazy\" decoding=\"async\" width=\"150\" height=\"150\" src=\"https:\/\/muzeumpapiernictwa.pl\/wp-content\/uploads\/2021\/07\/Pescia-Muzeum-papiernictwa-fot.-A.-Siwek-2019-10-kopia-150x150.jpg\" class=\"attachment-thumbnail size-thumbnail\" \/><\/a>\n\t\t\t<\/dt><\/dl><dl class='gallery-item'>\n\t\t\t<dt class='gallery-icon landscape'>\n\t\t\t\t<a href='https:\/\/muzeumpapiernictwa.pl\/wp-content\/uploads\/2021\/07\/Pescia-Muzeum-papiernictwa-fot.-A.-Siwek-2019-21-kopia-scaled.jpg' title=\"\" data-rl_title=\"\" class=\"rl-gallery-link\" data-rl_caption=\"\" data-rel=\"lightbox-gallery-4\"><img loading=\"lazy\" decoding=\"async\" width=\"150\" height=\"150\" src=\"https:\/\/muzeumpapiernictwa.pl\/wp-content\/uploads\/2021\/07\/Pescia-Muzeum-papiernictwa-fot.-A.-Siwek-2019-21-kopia-150x150.jpg\" class=\"attachment-thumbnail size-thumbnail\" \/><\/a>\n\t\t\t<\/dt><\/dl><br style=\"clear: both\" \/><dl class='gallery-item'>\n\t\t\t<dt class='gallery-icon portrait'>\n\t\t\t\t<a href='https:\/\/muzeumpapiernictwa.pl\/wp-content\/uploads\/2021\/07\/List-intenyjnyt-Pescia-300dpi-scaled.jpg' title=\"\" data-rl_title=\"\" class=\"rl-gallery-link\" data-rl_caption=\"\" data-rel=\"lightbox-gallery-4\"><img loading=\"lazy\" decoding=\"async\" width=\"150\" height=\"150\" src=\"https:\/\/muzeumpapiernictwa.pl\/wp-content\/uploads\/2021\/07\/List-intenyjnyt-Pescia-300dpi-150x150.jpg\" class=\"attachment-thumbnail size-thumbnail\" \/><\/a>\n\t\t\t<\/dt><\/dl>\n\t\t\t<br style='clear: both' \/>\n\t\t<\/div>\n\n<p><\/p>","protected":false},"excerpt":{"rendered":"<p>S pot\u011b\u0161en\u00edm oznamujeme, \u017ee skupina historick\u00fdch pap\u00edrensk\u00fdch ml\u00fdn\u016f, kter\u00e9 usiluj\u00ed o spole\u010dn\u00fd z\u00e1pis na seznam UNESCO, byla roz\u0161\u00ed\u0159ena o historickou pap\u00edrnu v Pietrbuone pobl\u00ed\u017e italsk\u00e9 Pescie. Prohl\u00e1\u0161en\u00ed o \u00famyslu specifikuj\u00edc\u00ed z\u00e1m\u011br spolupr\u00e1ce podepsali: za muzea pap\u00edrenstv\u00ed v Dusznikach-Zdr\u00f3j (Polsko), Velk\u00fdch Losin\u00e1ch (\u010cesk\u00e1 republika), Homburgu (N\u011bmecko) a Ambert (Francie) \u2013 \u0159editel Muzea pap\u00edrenstv\u00ed pan Maciej Szymczyk [&hellip;]<\/p>\n","protected":false},"author":2,"featured_media":10672,"parent":137,"menu_order":150,"comment_status":"closed","ping_status":"closed","template":"","meta":{"_acf_changed":false,"ngg_post_thumbnail":0,"footnotes":""},"class_list":["post-17107","page","type-page","status-publish","has-post-thumbnail","hentry"],"acf":[],"_links":{"self":[{"href":"https:\/\/muzeumpapiernictwa.pl\/cz\/wp-json\/wp\/v2\/pages\/17107","targetHints":{"allow":["GET"]}}],"collection":[{"href":"https:\/\/muzeumpapiernictwa.pl\/cz\/wp-json\/wp\/v2\/pages"}],"about":[{"href":"https:\/\/muzeumpapiernictwa.pl\/cz\/wp-json\/wp\/v2\/types\/page"}],"author":[{"embeddable":true,"href":"https:\/\/muzeumpapiernictwa.pl\/cz\/wp-json\/wp\/v2\/users\/2"}],"replies":[{"embeddable":true,"href":"https:\/\/muzeumpapiernictwa.pl\/cz\/wp-json\/wp\/v2\/comments?post=17107"}],"version-history":[{"count":5,"href":"https:\/\/muzeumpapiernictwa.pl\/cz\/wp-json\/wp\/v2\/pages\/17107\/revisions"}],"predecessor-version":[{"id":17137,"href":"https:\/\/muzeumpapiernictwa.pl\/cz\/wp-json\/wp\/v2\/pages\/17107\/revisions\/17137"}],"up":[{"embeddable":true,"href":"https:\/\/muzeumpapiernictwa.pl\/cz\/wp-json\/wp\/v2\/pages\/137"}],"wp:featuredmedia":[{"embeddable":true,"href":"https:\/\/muzeumpapiernictwa.pl\/cz\/wp-json\/wp\/v2\/media\/10672"}],"wp:attachment":[{"href":"https:\/\/muzeumpapiernictwa.pl\/cz\/wp-json\/wp\/v2\/media?parent=17107"}],"curies":[{"name":"wp","href":"https:\/\/api.w.org\/{rel}","templated":true}]}}