{"id":1680,"date":"2012-02-02T14:48:33","date_gmt":"2012-02-02T13:48:33","guid":{"rendered":"http:\/\/muzeumpapiernictwa.pl\/?page_id=1680"},"modified":"2015-08-24T10:35:58","modified_gmt":"2015-08-24T08:35:58","slug":"o-mlynie-papierniczym-w-palacu-prezydenckim","status":"publish","type":"page","link":"https:\/\/muzeumpapiernictwa.pl\/cz\/aktuality\/papirensky-mlyn-v-dusznikach-zdroji-jako-historicka-pamatka\/","title":{"rendered":"Pap\u00edrensk\u00fd ml\u00fdn v Dusznik\u00e1ch-Zdroji &#8211; jako historick\u00e1 pam\u00e1tka"},"content":{"rendered":"<p>Dne 2. \u00fanora 2012 v\u00a0prezidentsk\u00e9m pal\u00e1ci ve Warszawie prob\u011bhla slavnost p\u0159ed\u00e1n\u00ed rozhodnut\u00ed prezidenta Polsk\u00e9 republiky, kter\u00fdm se ud\u011bluje du\u0161nick\u00e9 pap\u00edrn\u011b statut historick\u00e9ho pomn\u00edku. Z\u00a0rukou prezidenta Bronis\u0142awa Komorowsk\u00e9ho listinu p\u0159evzal mar\u0161\u00e1lek Dolnoslezsk\u00e9ho vojvodstv\u00ed Rafa\u0142 Jurkowlaniec (muzeum je mar\u0161\u00e1lkovskou kulturn\u00ed instituc\u00ed) a \u0159editel Muzea pap\u00edrenstv\u00ed Maciej Szymczyk. Slavnosti se \u00fa\u010dastnilo mnoho osobnost\u00ed spojen\u00fdch s\u00a0muzeem, mj. vicemar\u0161\u00e1lek Rados\u0142aw Mo\u0142o\u0144, \u0159editel odboru kultury v Mar\u0161\u00e1lkovsk\u00e9m \u00fa\u0159ad\u011b Jacek Gawro\u0144ski, starosta Dusznik-Zdroje Andrzej Rymarczyk, p\u0159edseda Sdru\u017een\u00ed polsk\u00fdch v\u00fdrobc\u016f pap\u00edru a \u0159editel burzovn\u00ed firmy Arctic Paper S.A. Micha\u0142 Jarczy\u0144ski, gener\u00e1ln\u00ed \u0159editel Sdru\u017een\u00ed polsk\u00fdch v\u00fdrobc\u016f pap\u00edru Zbigniew Fornalski, \u0159editel firmy International Paper Kwidzyn S.A. Marek Krzykowski, m\u00edstop\u0159edseda Polsk\u00e9 tisk\u00e1rny cenin Piotr Pankanin, vojvodsk\u00fd konzerv\u00e1tor pam\u00e1tek Andrzej Kubik, vedouc\u00ed valb\u0159ysk\u00e9 delegatury \u00da\u0159adu pam\u00e1tkov\u00e9 ochrany Barbara Obelinda-Nowak, b\u00fdval\u00e1 \u0159editelka muzea Bo\u017cena Schweizer-Makowska a z\u00e1stupce \u0159editele Joanna Seredy\u0144ska.<\/p>\n<p>Podle polsk\u00e9ho pr\u00e1va historick\u00fd pomn\u00edk je nejvy\u0161\u0161\u00ed formou konzerv\u00e1torsk\u00e9 ochrany pam\u00e1tek s\u00a0v\u00fdjime\u010dnou hodnotou pro n\u00e1rodn\u00ed kulturu. Presti\u017e tohoto titulu zvy\u0161uje skute\u010dnost, \u017ee po podrobn\u00e9 procedu\u0159e titul ud\u011bluje prezident Polsk\u00e9 republiky na z\u00e1klad\u011b speci\u00e1ln\u00edho rozhodnut\u00ed. Z\u00a0tohoto hlediska seznam historick\u00fdch pomn\u00edk\u016f je naz\u00fdv\u00e1n \u201eprezidentsk\u00fdm soupisem\u201c. V\u00a0sou\u010dasnosti se na n\u011bm nach\u00e1z\u00ed 48 objekt\u016f (mezi nimi Jasna G\u00f3ra v Cz\u0119stochowie, k\u0159i\u017e\u00e1ck\u00fd z\u00e1mek v Malborku, m\u011bstsk\u00e1 historick\u00e1 j\u00e1dra v Kazimierzu Dolnym, Krakowie, Lublinu, Poznani, Toruni, Warszawie, Wroclawi a Zamo\u015bci, bitevn\u00ed pole u Grunwaldu, Raclawic a Westerplatte). Z\u00a0Doln\u00edho Slezska status historick\u00e9ho pomn\u00edku z\u00edskalo dosud 7 objekt\u016f (mj. Hala Stolet\u00ed ve Wroclawi, vroclavsk\u00e9 star\u00e9 m\u011bsto, bazilika v Krzeszowie, pevnost v Srebrnej G\u00f3rze).<\/p>\n<p>Procedura o za\u0159azen\u00ed du\u0161nick\u00e9 pap\u00edrny do kategorie historick\u00fdch pomn\u00edk\u016f byla zah\u00e1jena na n\u00e1vrh \u0159editele muzea. Rozhodnut\u00ed o ud\u011blen\u00ed tohoto statutu ml\u00fdnu bylo p\u0159ijato mj. d\u00edky tomu, \u017ee objekt je jedin\u00fdm v\u00a0Polsku a jedn\u00edm z\u00a0nemnoh\u00fdch na sv\u011bt\u011b pap\u00edrensk\u00fdm ml\u00fdnem v\u00a0takto dokonal\u00e9m stavu. Za pov\u0161imnut\u00ed st\u00e1ly tak\u00e9 neobvykle vz\u00e1cn\u00e9 v\u00a0pr\u016fmyslov\u00fdch objektech polychromie a sou\u010dasn\u00e1 \u2013 velmi bohat\u00e1 vzd\u011bl\u00e1vac\u00ed \u010dinnost muzea, kter\u00e1 je pokra\u010dov\u00e1n\u00edm p\u016fvodn\u00ed funkce pap\u00edrny.<\/p>\n<p><em>Dr hab. Maciej Szymczyk<\/em><\/p>\n<p><em>\u0158editel Muzea pap\u00edrenstv\u00ed<\/em><\/p>\n<p>Fot. \u0141. Kami\u0144ski, M. Matusz, K. Sawicki, J. Seredy\u0144ska<\/p>\n<p>\n\t\t<style type=\"text\/css\">\n\t\t\t#gallery-4 {\n\t\t\t\tmargin: auto;\n\t\t\t}\n\t\t\t#gallery-4 .gallery-item {\n\t\t\t\tfloat: left;\n\t\t\t\tmargin-top: 10px;\n\t\t\t\ttext-align: center;\n\t\t\t\twidth: 33%;\n\t\t\t}\n\t\t\t#gallery-4 img {\n\t\t\t\tborder: 2px solid #cfcfcf;\n\t\t\t}\n\t\t\t#gallery-4 .gallery-caption {\n\t\t\t\tmargin-left: 0;\n\t\t\t}\n\t\t\t\/* see gallery_shortcode() in wp-includes\/media.php *\/\n\t\t<\/style>\n\t\t<div id='gallery-4' class='gallery galleryid-1680 gallery-columns-3 gallery-size-thumbnail'><dl class='gallery-item'>\n\t\t\t<dt class='gallery-icon landscape'>\n\t\t\t\t<a href='https:\/\/muzeumpapiernictwa.pl\/wp-content\/uploads\/2012\/02\/01.jpg' title=\"\" data-rl_title=\"\" class=\"rl-gallery-link\" data-rl_caption=\"\" data-rel=\"lightbox-gallery-4\"><img loading=\"lazy\" decoding=\"async\" width=\"150\" height=\"150\" src=\"https:\/\/muzeumpapiernictwa.pl\/wp-content\/uploads\/2012\/02\/01-150x150.jpg\" class=\"attachment-thumbnail size-thumbnail\" \/><\/a>\n\t\t\t<\/dt><\/dl><dl class='gallery-item'>\n\t\t\t<dt class='gallery-icon landscape'>\n\t\t\t\t<a href='https:\/\/muzeumpapiernictwa.pl\/wp-content\/uploads\/2012\/02\/02.jpg' title=\"\" data-rl_title=\"\" class=\"rl-gallery-link\" data-rl_caption=\"\" data-rel=\"lightbox-gallery-4\"><img loading=\"lazy\" decoding=\"async\" width=\"150\" height=\"150\" src=\"https:\/\/muzeumpapiernictwa.pl\/wp-content\/uploads\/2012\/02\/02-150x150.jpg\" class=\"attachment-thumbnail size-thumbnail\" \/><\/a>\n\t\t\t<\/dt><\/dl><dl class='gallery-item'>\n\t\t\t<dt class='gallery-icon landscape'>\n\t\t\t\t<a href='https:\/\/muzeumpapiernictwa.pl\/wp-content\/uploads\/2012\/02\/03.jpg' title=\"\" data-rl_title=\"\" class=\"rl-gallery-link\" data-rl_caption=\"\" data-rel=\"lightbox-gallery-4\"><img loading=\"lazy\" decoding=\"async\" width=\"150\" height=\"150\" src=\"https:\/\/muzeumpapiernictwa.pl\/wp-content\/uploads\/2012\/02\/03-150x150.jpg\" class=\"attachment-thumbnail size-thumbnail\" \/><\/a>\n\t\t\t<\/dt><\/dl><br style=\"clear: both\" \/><dl class='gallery-item'>\n\t\t\t<dt class='gallery-icon landscape'>\n\t\t\t\t<a href='https:\/\/muzeumpapiernictwa.pl\/wp-content\/uploads\/2012\/02\/KPRP_20120202_LK_296.jpg' title=\"\" data-rl_title=\"\" class=\"rl-gallery-link\" data-rl_caption=\"\" data-rel=\"lightbox-gallery-4\"><img loading=\"lazy\" decoding=\"async\" width=\"150\" height=\"150\" src=\"https:\/\/muzeumpapiernictwa.pl\/wp-content\/uploads\/2012\/02\/KPRP_20120202_LK_296-150x150.jpg\" class=\"attachment-thumbnail size-thumbnail\" \/><\/a>\n\t\t\t<\/dt><\/dl><dl class='gallery-item'>\n\t\t\t<dt class='gallery-icon landscape'>\n\t\t\t\t<a href='https:\/\/muzeumpapiernictwa.pl\/wp-content\/uploads\/2012\/02\/KPRP_20120202_LK_318.jpg' title=\"\" data-rl_title=\"\" class=\"rl-gallery-link\" data-rl_caption=\"\" data-rel=\"lightbox-gallery-4\"><img loading=\"lazy\" decoding=\"async\" width=\"150\" height=\"150\" src=\"https:\/\/muzeumpapiernictwa.pl\/wp-content\/uploads\/2012\/02\/KPRP_20120202_LK_318-150x150.jpg\" class=\"attachment-thumbnail size-thumbnail\" \/><\/a>\n\t\t\t<\/dt><\/dl>\n\t\t\t<br style='clear: both' \/>\n\t\t<\/div>\n<\/p>","protected":false},"excerpt":{"rendered":"<p>Dne 2. \u00fanora 2012 v\u00a0prezidentsk\u00e9m pal\u00e1ci ve Warszawie prob\u011bhla slavnost p\u0159ed\u00e1n\u00ed rozhodnut\u00ed prezidenta Polsk\u00e9 republiky, kter\u00fdm se ud\u011bluje du\u0161nick\u00e9 pap\u00edrn\u011b statut historick\u00e9ho pomn\u00edku. Z\u00a0rukou prezidenta Bronis\u0142awa Komorowsk\u00e9ho listinu p\u0159evzal mar\u0161\u00e1lek Dolnoslezsk\u00e9ho vojvodstv\u00ed Rafa\u0142 Jurkowlaniec (muzeum je mar\u0161\u00e1lkovskou kulturn\u00ed instituc\u00ed) a \u0159editel Muzea pap\u00edrenstv\u00ed Maciej Szymczyk. Slavnosti se \u00fa\u010dastnilo mnoho osobnost\u00ed spojen\u00fdch s\u00a0muzeem, mj. vicemar\u0161\u00e1lek Rados\u0142aw [&hellip;]<\/p>\n","protected":false},"author":1,"featured_media":2494,"parent":137,"menu_order":675,"comment_status":"open","ping_status":"open","template":"","meta":{"_acf_changed":false,"ngg_post_thumbnail":0,"footnotes":""},"class_list":["post-1680","page","type-page","status-publish","has-post-thumbnail","hentry"],"acf":[],"_links":{"self":[{"href":"https:\/\/muzeumpapiernictwa.pl\/cz\/wp-json\/wp\/v2\/pages\/1680","targetHints":{"allow":["GET"]}}],"collection":[{"href":"https:\/\/muzeumpapiernictwa.pl\/cz\/wp-json\/wp\/v2\/pages"}],"about":[{"href":"https:\/\/muzeumpapiernictwa.pl\/cz\/wp-json\/wp\/v2\/types\/page"}],"author":[{"embeddable":true,"href":"https:\/\/muzeumpapiernictwa.pl\/cz\/wp-json\/wp\/v2\/users\/1"}],"replies":[{"embeddable":true,"href":"https:\/\/muzeumpapiernictwa.pl\/cz\/wp-json\/wp\/v2\/comments?post=1680"}],"version-history":[{"count":2,"href":"https:\/\/muzeumpapiernictwa.pl\/cz\/wp-json\/wp\/v2\/pages\/1680\/revisions"}],"predecessor-version":[{"id":2495,"href":"https:\/\/muzeumpapiernictwa.pl\/cz\/wp-json\/wp\/v2\/pages\/1680\/revisions\/2495"}],"up":[{"embeddable":true,"href":"https:\/\/muzeumpapiernictwa.pl\/cz\/wp-json\/wp\/v2\/pages\/137"}],"wp:featuredmedia":[{"embeddable":true,"href":"https:\/\/muzeumpapiernictwa.pl\/cz\/wp-json\/wp\/v2\/media\/2494"}],"wp:attachment":[{"href":"https:\/\/muzeumpapiernictwa.pl\/cz\/wp-json\/wp\/v2\/media?parent=1680"}],"curies":[{"name":"wp","href":"https:\/\/api.w.org\/{rel}","templated":true}]}}