{"id":1666,"date":"2012-03-08T14:43:05","date_gmt":"2012-03-08T13:43:05","guid":{"rendered":"http:\/\/muzeumpapiernictwa.pl\/?page_id=1666"},"modified":"2015-08-24T10:35:52","modified_gmt":"2015-08-24T08:35:52","slug":"konsul-generalny-rfn-z-wizyta-w-muzeum-papiernictwa","status":"publish","type":"page","link":"https:\/\/muzeumpapiernictwa.pl\/cz\/aktuality\/generalni-konzul-spolkove-republiky-nemecko-navstivil-muzeum-papirenstvi\/","title":{"rendered":"Gener\u00e1ln\u00ed Konzul Spolkov\u00e9 Republiky N\u011bmecko nav\u0161t\u00edvil Muzeum Pap\u00edrenstv\u00ed"},"content":{"rendered":"<p>Dne 8. b\u0159ezna Muzeum pap\u00edrenstv\u00ed nav\u0161t\u00edvili gener\u00e1ln\u00ed konzul Spolkov\u00e9 republiky N\u011bmecko ve Wroclawi \u2013 dr Gottfried Zeitz a Rainer Sachs, kulturn\u00ed ata\u0161\u00e9 n\u011bmeck\u00e9ho konzul\u00e1tu. B\u011bhem setk\u00e1n\u00ed s \u0159editelem Maciejem Szymczykem byla zm\u00edn\u011bna problematika \u2013 velmi prosp\u011b\u0161n\u00e9 \u2013 spolupr\u00e1ce du\u0161nick\u00e9ho pracovi\u0161t\u011b s konzul\u00e1tem. Pracovn\u00edci n\u011bmeck\u00e9ho zastupitelsk\u00e9ho \u00fa\u0159adu se ji\u017e mnoho let \u00fa\u010dastn\u00ed v\u011bdeck\u00fdch z\u00e1m\u011br\u016f du\u0161nick\u00e9ho muzea a gener\u00e1ln\u00ed konzul ji\u017e n\u011bkolikr\u00e1t p\u0159eb\u00edral \u010destn\u00fd patron\u00e1t nad v\u00fdstavami po\u0159\u00e1dan\u00fdmi v pap\u00edrn\u011b. Bylo tak\u00e9 zm\u00edn\u011bno, \u017ee historick\u00fd pap\u00edrensk\u00fd ml\u00fdn m\u016f\u017ee plnit v\u00fdznamnou roli v roz\u0161i\u0159ov\u00e1n\u00ed polsko-n\u011bmeck\u00fdch kontakt\u016f. Po zhl\u00e9dnut\u00ed muzejn\u00edch expozic se host\u00e9 z\u00fa\u010dastnili \u010derp\u00e1n\u00ed pap\u00edru, co\u017e se uk\u00e1zalo jako \u010dinnost zaj\u00edmaj\u00edc\u00ed tak\u00e9 diplomaty, a to dokazuje, \u017ee pap\u00edr v mezin\u00e1rodn\u00edch kontaktech hraje v\u00fdznamnou roli rovn\u011b\u017e i dnes.<\/p>\n<p>\n\t\t<style type=\"text\/css\">\n\t\t\t#gallery-4 {\n\t\t\t\tmargin: auto;\n\t\t\t}\n\t\t\t#gallery-4 .gallery-item {\n\t\t\t\tfloat: left;\n\t\t\t\tmargin-top: 10px;\n\t\t\t\ttext-align: center;\n\t\t\t\twidth: 33%;\n\t\t\t}\n\t\t\t#gallery-4 img {\n\t\t\t\tborder: 2px solid #cfcfcf;\n\t\t\t}\n\t\t\t#gallery-4 .gallery-caption {\n\t\t\t\tmargin-left: 0;\n\t\t\t}\n\t\t\t\/* see gallery_shortcode() in wp-includes\/media.php *\/\n\t\t<\/style>\n\t\t<div id='gallery-4' class='gallery galleryid-1666 gallery-columns-3 gallery-size-thumbnail'><dl class='gallery-item'>\n\t\t\t<dt class='gallery-icon landscape'>\n\t\t\t\t<a href='https:\/\/muzeumpapiernictwa.pl\/wp-content\/uploads\/2012\/03\/konsul.jpg' title=\"\" data-rl_title=\"\" class=\"rl-gallery-link\" data-rl_caption=\"\" data-rel=\"lightbox-gallery-4\"><img loading=\"lazy\" decoding=\"async\" width=\"150\" height=\"150\" src=\"https:\/\/muzeumpapiernictwa.pl\/wp-content\/uploads\/2012\/03\/konsul-150x150.jpg\" class=\"attachment-thumbnail size-thumbnail\" \/><\/a>\n\t\t\t<\/dt><\/dl><dl class='gallery-item'>\n\t\t\t<dt class='gallery-icon landscape'>\n\t\t\t\t<a href='https:\/\/muzeumpapiernictwa.pl\/wp-content\/uploads\/2012\/03\/konsul2.jpg' title=\"\" data-rl_title=\"\" class=\"rl-gallery-link\" data-rl_caption=\"\" data-rel=\"lightbox-gallery-4\"><img loading=\"lazy\" decoding=\"async\" width=\"150\" height=\"150\" src=\"https:\/\/muzeumpapiernictwa.pl\/wp-content\/uploads\/2012\/03\/konsul2-150x150.jpg\" class=\"attachment-thumbnail size-thumbnail\" \/><\/a>\n\t\t\t<\/dt><\/dl><dl class='gallery-item'>\n\t\t\t<dt class='gallery-icon landscape'>\n\t\t\t\t<a href='https:\/\/muzeumpapiernictwa.pl\/wp-content\/uploads\/2012\/03\/konsul3.jpg' title=\"\" data-rl_title=\"\" class=\"rl-gallery-link\" data-rl_caption=\"\" data-rel=\"lightbox-gallery-4\"><img loading=\"lazy\" decoding=\"async\" width=\"150\" height=\"150\" src=\"https:\/\/muzeumpapiernictwa.pl\/wp-content\/uploads\/2012\/03\/konsul3-150x150.jpg\" class=\"attachment-thumbnail size-thumbnail\" \/><\/a>\n\t\t\t<\/dt><\/dl><br style=\"clear: both\" \/><dl class='gallery-item'>\n\t\t\t<dt class='gallery-icon landscape'>\n\t\t\t\t<a href='https:\/\/muzeumpapiernictwa.pl\/wp-content\/uploads\/2012\/03\/konsul4.jpg' title=\"\" data-rl_title=\"\" class=\"rl-gallery-link\" data-rl_caption=\"\" data-rel=\"lightbox-gallery-4\"><img loading=\"lazy\" decoding=\"async\" width=\"150\" height=\"150\" src=\"https:\/\/muzeumpapiernictwa.pl\/wp-content\/uploads\/2012\/03\/konsul4-150x150.jpg\" class=\"attachment-thumbnail size-thumbnail\" \/><\/a>\n\t\t\t<\/dt><\/dl>\n\t\t\t<br style='clear: both' \/>\n\t\t<\/div>\n<\/p>","protected":false},"excerpt":{"rendered":"<p>Dne 8. b\u0159ezna Muzeum pap\u00edrenstv\u00ed nav\u0161t\u00edvili gener\u00e1ln\u00ed konzul Spolkov\u00e9 republiky N\u011bmecko ve Wroclawi \u2013 dr Gottfried Zeitz a Rainer Sachs, kulturn\u00ed ata\u0161\u00e9 n\u011bmeck\u00e9ho konzul\u00e1tu. B\u011bhem setk\u00e1n\u00ed s \u0159editelem Maciejem Szymczykem byla zm\u00edn\u011bna problematika \u2013 velmi prosp\u011b\u0161n\u00e9 \u2013 spolupr\u00e1ce du\u0161nick\u00e9ho pracovi\u0161t\u011b s konzul\u00e1tem. Pracovn\u00edci n\u011bmeck\u00e9ho zastupitelsk\u00e9ho \u00fa\u0159adu se ji\u017e mnoho let \u00fa\u010dastn\u00ed v\u011bdeck\u00fdch z\u00e1m\u011br\u016f du\u0161nick\u00e9ho muzea [&hellip;]<\/p>\n","protected":false},"author":1,"featured_media":1668,"parent":137,"menu_order":561,"comment_status":"open","ping_status":"open","template":"","meta":{"_acf_changed":false,"ngg_post_thumbnail":0,"footnotes":""},"class_list":["post-1666","page","type-page","status-publish","has-post-thumbnail","hentry"],"acf":[],"_links":{"self":[{"href":"https:\/\/muzeumpapiernictwa.pl\/cz\/wp-json\/wp\/v2\/pages\/1666","targetHints":{"allow":["GET"]}}],"collection":[{"href":"https:\/\/muzeumpapiernictwa.pl\/cz\/wp-json\/wp\/v2\/pages"}],"about":[{"href":"https:\/\/muzeumpapiernictwa.pl\/cz\/wp-json\/wp\/v2\/types\/page"}],"author":[{"embeddable":true,"href":"https:\/\/muzeumpapiernictwa.pl\/cz\/wp-json\/wp\/v2\/users\/1"}],"replies":[{"embeddable":true,"href":"https:\/\/muzeumpapiernictwa.pl\/cz\/wp-json\/wp\/v2\/comments?post=1666"}],"version-history":[{"count":1,"href":"https:\/\/muzeumpapiernictwa.pl\/cz\/wp-json\/wp\/v2\/pages\/1666\/revisions"}],"predecessor-version":[{"id":2497,"href":"https:\/\/muzeumpapiernictwa.pl\/cz\/wp-json\/wp\/v2\/pages\/1666\/revisions\/2497"}],"up":[{"embeddable":true,"href":"https:\/\/muzeumpapiernictwa.pl\/cz\/wp-json\/wp\/v2\/pages\/137"}],"wp:featuredmedia":[{"embeddable":true,"href":"https:\/\/muzeumpapiernictwa.pl\/cz\/wp-json\/wp\/v2\/media\/1668"}],"wp:attachment":[{"href":"https:\/\/muzeumpapiernictwa.pl\/cz\/wp-json\/wp\/v2\/media?parent=1666"}],"curies":[{"name":"wp","href":"https:\/\/api.w.org\/{rel}","templated":true}]}}