{"id":161,"date":"2014-11-18T09:41:01","date_gmt":"2014-11-18T08:41:01","guid":{"rendered":"http:\/\/muzeumpapiernictwa.pl\/?page_id=161"},"modified":"2017-10-26T10:57:04","modified_gmt":"2017-10-26T08:57:04","slug":"promocja-projektu","status":"publish","type":"page","link":"https:\/\/muzeumpapiernictwa.pl\/cz\/projekt\/propagace-projektu\/","title":{"rendered":"Propagace projektu"},"content":{"rendered":"<p><\/p>\n<p>Integr\u00e1ln\u00ed sou\u010d\u00e1st\u00ed projektu financovan\u00e9ho z fond\u016f EHP a norsk\u00fdch fond\u016f jsou \u010dinnosti informuj\u00edc\u00ed v \u0161irok\u00e9m kontextu:<\/p>\n<ul>\n<li>o c\u00edli, realizaci a efektech \u010dinnost\u00ed realizovan\u00fdch v r\u00e1mci projektu;<\/li>\n<li>o fondech EHP a norsk\u00fdch fondech, zejm\u00e9na pak jejich v\u00fdznamu pro revitalizaci, konzervaci a adaptaci historick\u00fdch a pam\u00e1tkov\u00fdch objekt\u016f pro kulturn\u00ed c\u00edle.<\/li>\n<\/ul>\n<p>Pl\u00e1n po\u010d\u00edt\u00e1 s:<\/p>\n<ul>\n<li>organizac\u00ed informa\u010dn\u00edch akc\u00ed, v\u010detn\u011b tiskov\u00fdch konferenc\u00ed a konference zahajuj\u00edc\u00ed a uzav\u00edraj\u00edc\u00ed projekt;<\/li>\n<li>vyd\u00e1n\u00edm a distribuc\u00ed informa\u010dn\u00edch a propaga\u010dn\u00edch materi\u00e1l\u016f (let\u00e1ky, plak\u00e1ty, konferen\u010dn\u00ed materi\u00e1ly, upom\u00ednkov\u00e9 p\u0159edm\u011bty);<\/li>\n<li>produkc\u00ed a vys\u00edl\u00e1n\u00edm r\u00e1diov\u00fdch a televizn\u00edch spot\u016f;<\/li>\n<li>publikac\u00ed informa\u010dn\u00edch a propaga\u010dn\u00edch materi\u00e1l\u016f v tisku, r\u00e1diu, televizi a na internetu;<\/li>\n<li>vytvo\u0159en\u00edm internetov\u00e9 str\u00e1nky.<\/li>\n<\/ul>\n<p><a href=\"http:\/\/muzeumpapiernictwa.pl\/cz\/aktuality\/1?news-search%5Bphrase%5D=&#038;news-search%5Bsort%5D=created_desc&#038;news-search%5Bdate-range%5D=&#038;news-search%5Bcategory%5D=15\" title=\"Aktualno\u015bci\">Aktuality &#8211; projekt<\/a><\/p>\n<\/p>\n<p><\/p>","protected":false},"excerpt":{"rendered":"<p>Integr\u00e1ln\u00ed sou\u010d\u00e1st\u00ed projektu financovan\u00e9ho z fond\u016f EHP a norsk\u00fdch fond\u016f jsou \u010dinnosti informuj\u00edc\u00ed v \u0161irok\u00e9m kontextu: o c\u00edli, realizaci a efektech \u010dinnost\u00ed realizovan\u00fdch v r\u00e1mci projektu; o fondech EHP a norsk\u00fdch fondech, zejm\u00e9na pak jejich v\u00fdznamu pro revitalizaci, konzervaci a adaptaci historick\u00fdch a pam\u00e1tkov\u00fdch objekt\u016f pro kulturn\u00ed c\u00edle. Pl\u00e1n po\u010d\u00edt\u00e1 s: organizac\u00ed informa\u010dn\u00edch akc\u00ed, v\u010detn\u011b [&hellip;]<\/p>\n","protected":false},"author":1,"featured_media":0,"parent":71,"menu_order":847,"comment_status":"open","ping_status":"open","template":"","meta":{"_acf_changed":false,"ngg_post_thumbnail":0,"footnotes":""},"class_list":["post-161","page","type-page","status-publish","hentry"],"acf":[],"_links":{"self":[{"href":"https:\/\/muzeumpapiernictwa.pl\/cz\/wp-json\/wp\/v2\/pages\/161","targetHints":{"allow":["GET"]}}],"collection":[{"href":"https:\/\/muzeumpapiernictwa.pl\/cz\/wp-json\/wp\/v2\/pages"}],"about":[{"href":"https:\/\/muzeumpapiernictwa.pl\/cz\/wp-json\/wp\/v2\/types\/page"}],"author":[{"embeddable":true,"href":"https:\/\/muzeumpapiernictwa.pl\/cz\/wp-json\/wp\/v2\/users\/1"}],"replies":[{"embeddable":true,"href":"https:\/\/muzeumpapiernictwa.pl\/cz\/wp-json\/wp\/v2\/comments?post=161"}],"version-history":[{"count":19,"href":"https:\/\/muzeumpapiernictwa.pl\/cz\/wp-json\/wp\/v2\/pages\/161\/revisions"}],"predecessor-version":[{"id":278,"href":"https:\/\/muzeumpapiernictwa.pl\/cz\/wp-json\/wp\/v2\/pages\/161\/revisions\/278"}],"up":[{"embeddable":true,"href":"https:\/\/muzeumpapiernictwa.pl\/cz\/wp-json\/wp\/v2\/pages\/71"}],"wp:attachment":[{"href":"https:\/\/muzeumpapiernictwa.pl\/cz\/wp-json\/wp\/v2\/media?parent=161"}],"curies":[{"name":"wp","href":"https:\/\/api.w.org\/{rel}","templated":true}]}}