{"id":15978,"date":"2020-09-02T14:02:00","date_gmt":"2020-09-02T12:02:00","guid":{"rendered":"https:\/\/muzeumpapiernictwa.pl\/?page_id=15978"},"modified":"2020-09-14T13:44:28","modified_gmt":"2020-09-14T11:44:28","slug":"odwiedzil-nas-wnuk-ostatniego-dusznickiego-papiernika","status":"publish","type":"page","link":"https:\/\/muzeumpapiernictwa.pl\/cz\/aktuality\/odwiedzil-nas-wnuk-ostatniego-dusznickiego-papiernika\/","title":{"rendered":"Muzeum nav\u0161t\u00edvil vnuk posledn\u00edho dusznick\u00e9ho pap\u00edrn\u00edka"},"content":{"rendered":"<p>Posledn\u00edm majitelem dusznick\u00e9ho pap\u00edrensk\u00e9ho ml\u00fdna byl Karl II. Wiehr. V\u00a0dubnu roku 1939 prodal ji\u017e zav\u0159enou pap\u00edrnu m\u011bstu Duszniki s nad\u011bji, \u017ee m\u011bstsk\u00fd \u00fa\u0159ad z\u0159\u00edd\u00ed v n\u00ed muzeum. Nedo\u010dkal se v\u0161ak otev\u0159en\u00ed muzea, proto\u017ee zem\u0159el v roce 1941. Muzeum otev\u0159ely teprve polsk\u00e9 \u00fa\u0159ady v\u00a0roce 1968.<\/p>\n<p>Karl Wiehr a jeho man\u017eelka Hedvig m\u011bli syna Alexe a dceru Marii. Marie se provdala za Rudolfa Herrmanna a p\u0159est\u011bhovala se do Wroclawi. Na konci v\u00e1lky v roce 1944 spole\u010dn\u011b se sv\u00fdmi d\u011btmi pob\u00fdvala v Dusznikach bezpe\u010dn\u011bj\u0161\u00edch ne\u017e Wroclaw, kde bydlela v pap\u00edrensk\u00e9m ml\u00fdn\u011b. Po vys\u00eddlen\u00ed v\u00a0roce 1945 se usadili v\u00a0Bavorsku. Jejich nejmlad\u0161\u00edm synem je Willibald, kter\u00fd na z\u00e1klad\u011b mat\u010din\u00fdch vzpom\u00ednek napsal knihu <em>Spurensuche. Mia Erz<\/em><em>\u00e4hlt<\/em>, ve kter\u00e9 p\u0159edstavil popis pap\u00edrny z\u00a0dob jej\u00edho d\u011btstv\u00ed a ml\u00e1d\u00ed.<\/p>\n<p>Dne 1. z\u00e1\u0159\u00ed Willibald Herrmann spole\u010dn\u011b s\u00a0man\u017eelkou Ursulou a sv\u00fdmi d\u011btmi a vnou\u010daty nav\u0161t\u00edvil Muzeum pap\u00edrenstv\u00ed. Rodina si prohl\u00e9dla expozice a tak\u00e9 se z\u00fa\u010dastnila workshop\u016f \u010derp\u00e1n\u00ed pap\u00edru a ud\u00e1lost byla zv\u011b\u010dn\u011bna otiskem jejich dlan\u00ed na list ru\u010dn\u011b vyroben\u00e9ho pap\u00edru. Vnuk Karla Wiehra vyj\u00e1d\u0159il uzn\u00e1n\u00ed muzeu za obrovskou p\u00e9\u010di v\u011bnovanou historick\u00e9 pap\u00edrn\u011b.<\/p>\n<p>Dusznick\u00e1 pap\u00edrna je v\u00a0sou\u010dasn\u00e9 dob\u011b jedn\u00edm ze 105 historick\u00fdch pomn\u00edk\u016f \u2013 objekt\u016f s\u00a0nejv\u011bt\u0161\u00edm v\u00fdznamem pro polskou kulturu. V\u00a0roce 2019 Ministerstvo kultury Polsk\u00e9 republiky p\u0159ihl\u00e1silo ml\u00fdn na p\u0159edb\u011b\u017en\u00fd seznam \u010dekatel\u016f na z\u00e1pis na Seznam sv\u011btov\u00e9ho kulturn\u00edho d\u011bdictv\u00ed UNESCO. Pro potomky posledn\u00edho dusznick\u00e9ho pap\u00edrn\u00edka je to d\u016fvod k hrdosti.<\/p>\n<hr>\n<p>\n\t\t<style type=\"text\/css\">\n\t\t\t#gallery-4 {\n\t\t\t\tmargin: auto;\n\t\t\t}\n\t\t\t#gallery-4 .gallery-item {\n\t\t\t\tfloat: left;\n\t\t\t\tmargin-top: 10px;\n\t\t\t\ttext-align: center;\n\t\t\t\twidth: 33%;\n\t\t\t}\n\t\t\t#gallery-4 img {\n\t\t\t\tborder: 2px solid #cfcfcf;\n\t\t\t}\n\t\t\t#gallery-4 .gallery-caption {\n\t\t\t\tmargin-left: 0;\n\t\t\t}\n\t\t\t\/* see gallery_shortcode() in wp-includes\/media.php *\/\n\t\t<\/style>\n\t\t<div id='gallery-4' class='gallery galleryid-15978 gallery-columns-3 gallery-size-thumbnail'><dl class='gallery-item'>\n\t\t\t<dt class='gallery-icon portrait'>\n\t\t\t\t<a href='https:\/\/muzeumpapiernictwa.pl\/wp-content\/uploads\/2020\/09\/Wnuk-C.-Wiehra1-e1599634092307.jpg' title=\"\" data-rl_title=\"\" class=\"rl-gallery-link\" data-rl_caption=\"\" data-rel=\"lightbox-gallery-4\"><img loading=\"lazy\" decoding=\"async\" width=\"150\" height=\"150\" src=\"https:\/\/muzeumpapiernictwa.pl\/wp-content\/uploads\/2020\/09\/Wnuk-C.-Wiehra1-150x150.jpg\" class=\"attachment-thumbnail size-thumbnail\" \/><\/a>\n\t\t\t<\/dt><\/dl><dl class='gallery-item'>\n\t\t\t<dt class='gallery-icon portrait'>\n\t\t\t\t<a href='https:\/\/muzeumpapiernictwa.pl\/wp-content\/uploads\/2020\/09\/D\u0142o\u0144-W.-Herrmanna1-e1599634079984.jpg' title=\"\" data-rl_title=\"\" class=\"rl-gallery-link\" data-rl_caption=\"\" data-rel=\"lightbox-gallery-4\"><img loading=\"lazy\" decoding=\"async\" width=\"150\" height=\"150\" src=\"https:\/\/muzeumpapiernictwa.pl\/wp-content\/uploads\/2020\/09\/D\u0142o\u0144-W.-Herrmanna1-150x150.jpg\" class=\"attachment-thumbnail size-thumbnail\" \/><\/a>\n\t\t\t<\/dt><\/dl><dl class='gallery-item'>\n\t\t\t<dt class='gallery-icon portrait'>\n\t\t\t\t<a href='https:\/\/muzeumpapiernictwa.pl\/wp-content\/uploads\/2020\/09\/W.-Herrmann-Spurensuche1-e1599634100571.jpg' title=\"\" data-rl_title=\"\" class=\"rl-gallery-link\" data-rl_caption=\"\" data-rel=\"lightbox-gallery-4\"><img loading=\"lazy\" decoding=\"async\" width=\"150\" height=\"150\" src=\"https:\/\/muzeumpapiernictwa.pl\/wp-content\/uploads\/2020\/09\/W.-Herrmann-Spurensuche1-150x150.jpg\" class=\"attachment-thumbnail size-thumbnail\" \/><\/a>\n\t\t\t<\/dt><\/dl><br style=\"clear: both\" \/>\n\t\t<\/div>\n<\/p>","protected":false},"excerpt":{"rendered":"<p>Posledn\u00edm majitelem dusznick\u00e9ho pap\u00edrensk\u00e9ho ml\u00fdna byl Karl II. Wiehr. V\u00a0dubnu roku 1939 prodal ji\u017e zav\u0159enou pap\u00edrnu m\u011bstu Duszniki s nad\u011bji, \u017ee m\u011bstsk\u00fd \u00fa\u0159ad z\u0159\u00edd\u00ed v n\u00ed muzeum. Nedo\u010dkal se v\u0161ak otev\u0159en\u00ed muzea, proto\u017ee zem\u0159el v roce 1941. Muzeum otev\u0159ely teprve polsk\u00e9 \u00fa\u0159ady v\u00a0roce 1968. Karl Wiehr a jeho man\u017eelka Hedvig m\u011bli syna Alexe a dceru [&hellip;]<\/p>\n","protected":false},"author":4,"featured_media":15979,"parent":137,"menu_order":688,"comment_status":"open","ping_status":"open","template":"","meta":{"_acf_changed":false,"ngg_post_thumbnail":0,"footnotes":""},"class_list":["post-15978","page","type-page","status-publish","has-post-thumbnail","hentry"],"acf":[],"_links":{"self":[{"href":"https:\/\/muzeumpapiernictwa.pl\/cz\/wp-json\/wp\/v2\/pages\/15978","targetHints":{"allow":["GET"]}}],"collection":[{"href":"https:\/\/muzeumpapiernictwa.pl\/cz\/wp-json\/wp\/v2\/pages"}],"about":[{"href":"https:\/\/muzeumpapiernictwa.pl\/cz\/wp-json\/wp\/v2\/types\/page"}],"author":[{"embeddable":true,"href":"https:\/\/muzeumpapiernictwa.pl\/cz\/wp-json\/wp\/v2\/users\/4"}],"replies":[{"embeddable":true,"href":"https:\/\/muzeumpapiernictwa.pl\/cz\/wp-json\/wp\/v2\/comments?post=15978"}],"version-history":[{"count":6,"href":"https:\/\/muzeumpapiernictwa.pl\/cz\/wp-json\/wp\/v2\/pages\/15978\/revisions"}],"predecessor-version":[{"id":16044,"href":"https:\/\/muzeumpapiernictwa.pl\/cz\/wp-json\/wp\/v2\/pages\/15978\/revisions\/16044"}],"up":[{"embeddable":true,"href":"https:\/\/muzeumpapiernictwa.pl\/cz\/wp-json\/wp\/v2\/pages\/137"}],"wp:featuredmedia":[{"embeddable":true,"href":"https:\/\/muzeumpapiernictwa.pl\/cz\/wp-json\/wp\/v2\/media\/15979"}],"wp:attachment":[{"href":"https:\/\/muzeumpapiernictwa.pl\/cz\/wp-json\/wp\/v2\/media?parent=15978"}],"curies":[{"name":"wp","href":"https:\/\/api.w.org\/{rel}","templated":true}]}}