{"id":1591,"date":"2012-05-10T13:20:26","date_gmt":"2012-05-10T11:20:26","guid":{"rendered":"http:\/\/muzeumpapiernictwa.pl\/?page_id=1591"},"modified":"2014-12-22T10:50:30","modified_gmt":"2014-12-22T09:50:30","slug":"dusznickie-paszporty-w-schengen","status":"publish","type":"page","link":"https:\/\/muzeumpapiernictwa.pl\/cz\/aktuality\/dusnicke-pasy-v-schengen\/","title":{"rendered":"Du\u0161nick\u00e9 pasy v Schengen"},"content":{"rendered":"<p>Od 10. kv\u011btna do 10. \u010dervna v\u00a0Evropsk\u00e9m muzeu v\u00a0Schengenu si lze prohl\u00ed\u017eet v\u00fdstavu \u201ePasy st\u00e1t\u016f Evropsk\u00e9 unie\u201c. Tato lucembursk\u00e1 obec se v\u0161eobecn\u011b spojuje se sklonkem \u00e9ry pas\u016f, a proto prezentace na\u0161\u00ed v\u00fdstavy m\u00e1 pr\u00e1v\u011b tam mimo\u0159\u00e1dnou odezvu.<\/p>\n<p>Slavnostn\u00ed vernis\u00e1\u017ee, kter\u00e1 se uskute\u010dnila 10. kv\u011btna, se z\u00fa\u010dastnili mj.: Bartosz Jaz\u0142owiecki \u2013 velvyslanec Polsk\u00e9 republiky v Lucembursku, Robert Goebbels \u2013 ministr zahrani\u010dn\u00edch v\u011bc\u00ed Lucemburska v osmdes\u00e1t\u00fdch letech 20. stolet\u00ed (kter\u00fd podepisoval za tuto zemi Schengenskou \u00famluvu), Roger Weber \u2013 starosta Schengenu, prof. Marek Safjan \u2013 soudce Evropsk\u00e9ho soudn\u00edho dvora, Bart\u0142omiej Ostrowski \u2013 \u0159editel odboru pro spolupr\u00e1ci se zahrani\u010d\u00edm Mar\u0161\u00e1lkovsk\u00e9ho \u00fa\u0159adu, Martina Kneip \u2013 \u0159editelka schengensk\u00e9ho muzea a Jan Ba\u0142chan \u2013 autor v\u00fdstavy, z\u00e1stupce Muzea pap\u00edrenstv\u00ed.<\/p>\n<p>V\u00fdstava \u201ePasy st\u00e1t\u016f Evropsk\u00e9 unie\u201c se skl\u00e1d\u00e1 z n\u011bkolika \u010d\u00e1st\u00ed. Prvn\u00ed z nich tvo\u0159\u00ed historick\u00e9 cestovn\u00ed doklady, kter\u00e9 p\u0159edal p\u0159ed dv\u011bma lety do sb\u00edrek Muzea pap\u00edrenstv\u00ed sb\u011bratel Andrzej Mazur. Druhou \u010d\u00e1st\u00ed jsou sou\u010dasn\u00e9 vzory pas\u016f ze v\u0161ech st\u00e1t\u016f Evropsk\u00e9 unie, kter\u00e9 poskytlo Hlavn\u00ed velitelstv\u00ed Pohrani\u010dn\u00ed str\u00e1\u017ee ve Var\u0161av\u011b, a uniformy polsk\u00fdch str\u00e1\u017en\u00edk\u016f zap\u016fj\u010den\u00e9 od Sudetsk\u00e9ho odd\u00edlu Pohrani\u010dn\u00ed str\u00e1\u017ee z\u00a0Klodzka. Cenn\u00fdm dopln\u011bn\u00edm expozice jsou informace ohledn\u011b sou\u010dasn\u00fdch zp\u016fsob\u016f v\u00fdroby pas\u016f, kter\u00e9 p\u0159edstavila Polsk\u00e1 tisk\u00e1rna cenin S.A. \u2013 v\u00fdrobce cestovn\u00edch doklad\u016f pro n\u011bkolik st\u00e1t\u016f.<\/p>\n<p><em>Maciej Szymczyk<\/em><\/p>\n<p><em>\u0158editel Muzea pap\u00edrenstv\u00ed<\/em><\/p>\n<p>\n\t\t<style type=\"text\/css\">\n\t\t\t#gallery-4 {\n\t\t\t\tmargin: auto;\n\t\t\t}\n\t\t\t#gallery-4 .gallery-item {\n\t\t\t\tfloat: left;\n\t\t\t\tmargin-top: 10px;\n\t\t\t\ttext-align: center;\n\t\t\t\twidth: 33%;\n\t\t\t}\n\t\t\t#gallery-4 img {\n\t\t\t\tborder: 2px solid #cfcfcf;\n\t\t\t}\n\t\t\t#gallery-4 .gallery-caption {\n\t\t\t\tmargin-left: 0;\n\t\t\t}\n\t\t\t\/* see gallery_shortcode() in wp-includes\/media.php *\/\n\t\t<\/style>\n\t\t<div id='gallery-4' class='gallery galleryid-1591 gallery-columns-3 gallery-size-thumbnail'><dl class='gallery-item'>\n\t\t\t<dt class='gallery-icon portrait'>\n\t\t\t\t<a href='https:\/\/muzeumpapiernictwa.pl\/wp-content\/uploads\/2014\/11\/0117.jpg' title=\"\" data-rl_title=\"\" class=\"rl-gallery-link\" data-rl_caption=\"\" data-rel=\"lightbox-gallery-4\"><img loading=\"lazy\" decoding=\"async\" width=\"150\" height=\"150\" src=\"https:\/\/muzeumpapiernictwa.pl\/wp-content\/uploads\/2014\/11\/0117-150x150.jpg\" class=\"attachment-thumbnail size-thumbnail\" \/><\/a>\n\t\t\t<\/dt><\/dl><dl class='gallery-item'>\n\t\t\t<dt class='gallery-icon landscape'>\n\t\t\t\t<a href='https:\/\/muzeumpapiernictwa.pl\/wp-content\/uploads\/2014\/11\/0215.jpg' title=\"\" data-rl_title=\"\" class=\"rl-gallery-link\" data-rl_caption=\"\" data-rel=\"lightbox-gallery-4\"><img loading=\"lazy\" decoding=\"async\" width=\"150\" height=\"150\" src=\"https:\/\/muzeumpapiernictwa.pl\/wp-content\/uploads\/2014\/11\/0215-150x150.jpg\" class=\"attachment-thumbnail size-thumbnail\" \/><\/a>\n\t\t\t<\/dt><\/dl><dl class='gallery-item'>\n\t\t\t<dt class='gallery-icon landscape'>\n\t\t\t\t<a href='https:\/\/muzeumpapiernictwa.pl\/wp-content\/uploads\/2014\/11\/0315.jpg' title=\"\" data-rl_title=\"\" class=\"rl-gallery-link\" data-rl_caption=\"\" data-rel=\"lightbox-gallery-4\"><img loading=\"lazy\" decoding=\"async\" width=\"150\" height=\"150\" src=\"https:\/\/muzeumpapiernictwa.pl\/wp-content\/uploads\/2014\/11\/0315-150x150.jpg\" class=\"attachment-thumbnail size-thumbnail\" \/><\/a>\n\t\t\t<\/dt><\/dl><br style=\"clear: both\" \/><dl class='gallery-item'>\n\t\t\t<dt class='gallery-icon landscape'>\n\t\t\t\t<a href='https:\/\/muzeumpapiernictwa.pl\/wp-content\/uploads\/2014\/11\/0410.jpg' title=\"\" data-rl_title=\"\" class=\"rl-gallery-link\" data-rl_caption=\"\" data-rel=\"lightbox-gallery-4\"><img loading=\"lazy\" decoding=\"async\" width=\"150\" height=\"150\" src=\"https:\/\/muzeumpapiernictwa.pl\/wp-content\/uploads\/2014\/11\/0410-150x150.jpg\" class=\"attachment-thumbnail size-thumbnail\" \/><\/a>\n\t\t\t<\/dt><\/dl><dl class='gallery-item'>\n\t\t\t<dt class='gallery-icon landscape'>\n\t\t\t\t<a href='https:\/\/muzeumpapiernictwa.pl\/wp-content\/uploads\/2014\/11\/056.jpg' title=\"\" data-rl_title=\"\" class=\"rl-gallery-link\" data-rl_caption=\"\" data-rel=\"lightbox-gallery-4\"><img loading=\"lazy\" decoding=\"async\" width=\"150\" height=\"150\" src=\"https:\/\/muzeumpapiernictwa.pl\/wp-content\/uploads\/2014\/11\/056-150x150.jpg\" class=\"attachment-thumbnail size-thumbnail\" \/><\/a>\n\t\t\t<\/dt><\/dl><dl class='gallery-item'>\n\t\t\t<dt class='gallery-icon landscape'>\n\t\t\t\t<a href='https:\/\/muzeumpapiernictwa.pl\/wp-content\/uploads\/2014\/11\/064.jpg' title=\"\" data-rl_title=\"\" class=\"rl-gallery-link\" data-rl_caption=\"\" data-rel=\"lightbox-gallery-4\"><img loading=\"lazy\" decoding=\"async\" width=\"150\" height=\"150\" src=\"https:\/\/muzeumpapiernictwa.pl\/wp-content\/uploads\/2014\/11\/064-150x150.jpg\" class=\"attachment-thumbnail size-thumbnail\" \/><\/a>\n\t\t\t<\/dt><\/dl><br style=\"clear: both\" \/><dl class='gallery-item'>\n\t\t\t<dt class='gallery-icon landscape'>\n\t\t\t\t<a href='https:\/\/muzeumpapiernictwa.pl\/wp-content\/uploads\/2014\/11\/072.jpg' title=\"\" data-rl_title=\"\" class=\"rl-gallery-link\" data-rl_caption=\"\" data-rel=\"lightbox-gallery-4\"><img loading=\"lazy\" decoding=\"async\" width=\"150\" height=\"150\" src=\"https:\/\/muzeumpapiernictwa.pl\/wp-content\/uploads\/2014\/11\/072-150x150.jpg\" class=\"attachment-thumbnail size-thumbnail\" \/><\/a>\n\t\t\t<\/dt><\/dl>\n\t\t\t<br style='clear: both' \/>\n\t\t<\/div>\n<\/p>","protected":false},"excerpt":{"rendered":"<p>Od 10. kv\u011btna do 10. \u010dervna v\u00a0Evropsk\u00e9m muzeu v\u00a0Schengenu si lze prohl\u00ed\u017eet v\u00fdstavu \u201ePasy st\u00e1t\u016f Evropsk\u00e9 unie\u201c. Tato lucembursk\u00e1 obec se v\u0161eobecn\u011b spojuje se sklonkem \u00e9ry pas\u016f, a proto prezentace na\u0161\u00ed v\u00fdstavy m\u00e1 pr\u00e1v\u011b tam mimo\u0159\u00e1dnou odezvu. Slavnostn\u00ed vernis\u00e1\u017ee, kter\u00e1 se uskute\u010dnila 10. kv\u011btna, se z\u00fa\u010dastnili mj.: Bartosz Jaz\u0142owiecki \u2013 velvyslanec Polsk\u00e9 republiky v Lucembursku, [&hellip;]<\/p>\n","protected":false},"author":1,"featured_media":1594,"parent":137,"menu_order":343,"comment_status":"open","ping_status":"open","template":"","meta":{"_acf_changed":false,"ngg_post_thumbnail":0,"footnotes":""},"class_list":["post-1591","page","type-page","status-publish","has-post-thumbnail","hentry"],"acf":[],"_links":{"self":[{"href":"https:\/\/muzeumpapiernictwa.pl\/cz\/wp-json\/wp\/v2\/pages\/1591","targetHints":{"allow":["GET"]}}],"collection":[{"href":"https:\/\/muzeumpapiernictwa.pl\/cz\/wp-json\/wp\/v2\/pages"}],"about":[{"href":"https:\/\/muzeumpapiernictwa.pl\/cz\/wp-json\/wp\/v2\/types\/page"}],"author":[{"embeddable":true,"href":"https:\/\/muzeumpapiernictwa.pl\/cz\/wp-json\/wp\/v2\/users\/1"}],"replies":[{"embeddable":true,"href":"https:\/\/muzeumpapiernictwa.pl\/cz\/wp-json\/wp\/v2\/comments?post=1591"}],"version-history":[{"count":1,"href":"https:\/\/muzeumpapiernictwa.pl\/cz\/wp-json\/wp\/v2\/pages\/1591\/revisions"}],"predecessor-version":[{"id":2499,"href":"https:\/\/muzeumpapiernictwa.pl\/cz\/wp-json\/wp\/v2\/pages\/1591\/revisions\/2499"}],"up":[{"embeddable":true,"href":"https:\/\/muzeumpapiernictwa.pl\/cz\/wp-json\/wp\/v2\/pages\/137"}],"wp:featuredmedia":[{"embeddable":true,"href":"https:\/\/muzeumpapiernictwa.pl\/cz\/wp-json\/wp\/v2\/media\/1594"}],"wp:attachment":[{"href":"https:\/\/muzeumpapiernictwa.pl\/cz\/wp-json\/wp\/v2\/media?parent=1591"}],"curies":[{"name":"wp","href":"https:\/\/api.w.org\/{rel}","templated":true}]}}