{"id":15087,"date":"2020-04-30T11:50:22","date_gmt":"2020-04-30T09:50:22","guid":{"rendered":"http:\/\/muzeumpapiernictwa.pl\/?page_id=15087"},"modified":"2020-08-13T10:22:17","modified_gmt":"2020-08-13T08:22:17","slug":"otwieramy","status":"publish","type":"page","link":"https:\/\/muzeumpapiernictwa.pl\/cz\/aktuality\/otwieramy\/","title":{"rendered":"Muzeum pap\u00edrenstv\u00ed otev\u0159en\u00e9 pro n\u00e1v\u0161t\u011bvn\u00edky podle nov\u00fdch podm\u00ednek"},"content":{"rendered":"<p>Pandemie koronaviru v\u00fdrazn\u011b zm\u011bnila n\u00e1\u0161 \u017eivot. P\u0159eru\u0161ila tak\u00e9 velmi dobr\u00e9 obdob\u00ed pro Muzeum pap\u00edrenstv\u00ed, kter\u00e9 se v prvn\u00edch t\u00fddnech roku 2020 t\u011b\u0161ilo obrovsk\u00e9mu z\u00e1jmu turist\u016f. V lednu a \u00fanoru jsme zaznamenali 75% n\u00e1r\u016fst po\u010dtu n\u00e1v\u0161t\u011bvn\u00edk\u016f ve srovn\u00e1n\u00ed se stejn\u00fdm obdob\u00edm roku 2019.<\/p>\n<p>Na z\u00e1klad\u011b rozhodnut\u00ed st\u00e1tn\u00edch org\u00e1n\u016f muzeum nep\u0159ij\u00edmalo n\u00e1v\u0161t\u011bvn\u00edky od 12. b\u0159ezna. Zintenz\u00edvnili jsme sv\u00e9 aktivity v \u201es\u00edti\u201c a vytvo\u0159ili jsme na na\u0161ich str\u00e1nk\u00e1ch z\u00e1lo\u017eku <em># Z\u016fsta\u0148te doma s\u00a0Muzeem pap\u00edrenstv\u00ed<\/em>, ve kter\u00e9 jsme publikovali vzd\u011bl\u00e1vac\u00ed videa a popul\u00e1rn\u011bv\u011bdeck\u00e9 \u010dl\u00e1nky. Nep\u0159estali jsme se p\u0159ipravovat na z\u00e1pis nejcenn\u011bj\u0161\u00edch pap\u00edrensk\u00fdch ml\u00fdn\u016f na seznam UNESCO. Projekt, kter\u00e9ho se \u00fa\u010dastn\u00ed historick\u00e9 pap\u00edrny z Polska (Duszniki-Zdr\u00f3j), \u010cesk\u00e9 republiky (Velk\u00e9 Losiny), N\u011bmecka (Homburg v Bavorsku) a Francie (Ambert), pokra\u010duje, i kdy\u017e \u00fakoly pl\u00e1novan\u00e9 na jaro leto\u0161n\u00edho roku mus\u00edme p\u0159elo\u017eit na letn\u00ed m\u011bs\u00edce.<\/p>\n<p>V dubnu jsme se za\u010dali p\u0159ipravovat na otev\u0159en\u00ed muzea podle nov\u00fdch podm\u00ednek. Vypracovali jsme nov\u00e1 pravidla n\u00e1v\u0161t\u011bvn\u00edho \u0159\u00e1du, kter\u00e1 jsme konzultovali s Okresn\u00ed sanit\u00e1rn\u00ed a epidemiologickou stanic\u00ed v K\u0142odzku. Ji\u017e koncem dubna bylo Muzeum pap\u00edrenstv\u00ed p\u0159ipraveno na otev\u0159en\u00ed \u2013 chyb\u011blo pouze rozhodnut\u00ed spr\u00e1vn\u00edch org\u00e1n\u016f umo\u017e\u0148uj\u00edc\u00edch fungov\u00e1n\u00ed muze\u00ed. Uk\u00e1zalo se, \u017ee muzea a galerie budou moci obnovit provoz ve \u201edruh\u00e9 etap\u011b odmrazov\u00e1n\u00ed ekonomiky\u201c, kter\u00e1 byla zah\u00e1jena 4. kv\u011btna. Proto Muzeum pap\u00edrenstv\u00ed bylo ji\u017e 4. kv\u011btna otev\u0159eno pro n\u00e1v\u0161t\u011bvn\u00edky jako jedno z\u00a0prvn\u00edch muze\u00ed v Polsku. Vzhledem k p\u0159etrv\u00e1vaj\u00edc\u00edmu riziku n\u00e1kazy pracujeme na pon\u011bkud odli\u0161n\u00fdch principech:<\/p>\n<p>\u2013 mus\u00edme se vyhnout shlukov\u00e1n\u00ed lid\u00ed, proto omezujeme po\u010det n\u00e1v\u0161t\u011bvn\u00edk\u016f muzea na 10 osob na p\u016fl hodiny,<\/p>\n<p>\u2013 abychom zabr\u00e1nili front\u00e1m do muzea, zavedli jsme telefonickou rezervaci, proto p\u0159ed pl\u00e1novanou n\u00e1v\u0161t\u011bvou je nejl\u00e9pe zavolat na \u010d\u00edslo <strong>748\u00a0627\u00a0427 (EN), 748 627 413 (DE) nebo email biuro@muzpap.pl<\/strong>\u00a0a dohodnout \u010das vstupu,<\/p>\n<p>\u2013 stejn\u011b jako v\u00a0cel\u00e9m Polsku jsou prohl\u00eddky mo\u017en\u00e9 v rou\u0161ce a pou\u017e\u00edvaj\u00ed se dezinfek\u010dn\u00ed prost\u0159edky na ruce,<\/p>\n<p>\u2013 pro n\u00e1v\u0161t\u011bvn\u00edky jsme p\u0159ipravili obsah zvukov\u00e9ho pr\u016fvodce ke sta\u017een\u00ed na smartphony (na\u0161e zvukov\u00e9 pr\u016fvodce jsou tak\u00e9 dostupn\u00e9 a po ka\u017ed\u00e9m pou\u017eit\u00ed jsou dezinfikov\u00e1ny),<\/p>\n<p>\u2013 je mo\u017en\u00e9 vyrobit si vlastn\u00ed list pap\u00edru, tak\u00e9 s dodr\u017een\u00edm zvl\u00e1\u0161tn\u00edch bezpe\u010dnostn\u00edch opat\u0159en\u00ed.<\/p>\n<p><strong>Zavedli jsme nov\u00e9 jazykov\u00e9 verze zvukov\u00fdch pr\u016fvodc\u016f; dosud bylo mo\u017en\u00e9 poslechnout si koment\u00e1\u0159e k expozic\u00edm v\u00a0jazyce polsk\u00e9m a anglick\u00e9m a nyn\u00ed jsou k\u00a0dispozici dal\u0161\u00ed verze v\u00a0jazyce \u010desk\u00e9m a n\u011bmeck\u00e9m.<\/strong><\/p>\n<p>Muzeum je otev\u0159eno od pond\u011bl\u00ed do soboty 9.00\u201318.00 hod. a v\u00a0ned\u011bli 9.00\u201316.00 hod. Zveme v\u00e1s!<\/p>\n<p style=\"text-align: right;\"><em>Maciej Szymczyk<\/em><\/p>\n<p style=\"text-align: right;\"><em>\u0158editel muzea pap\u00edru<\/em><\/p>\n<hr>\n<p style=\"text-align: left;\"><a href=\"http:\/\/muzeumpapiernictwa.pl\/wp-content\/uploads\/2020\/04\/czekamy-na-was-drzwi-otwarte-od-poniedzialku-4-maj.jpg\" data-rel=\"lightbox-image-0\" data-rl_title=\"\" data-rl_caption=\"\" title=\"\"><img loading=\"lazy\" decoding=\"async\" class=\"alignnone size-medium wp-image-15101\" src=\"http:\/\/muzeumpapiernictwa.pl\/wp-content\/uploads\/2020\/04\/czekamy-na-was-drzwi-otwarte-od-poniedzialku-4-maj-300x300.jpg\" alt=\"Czekamy na Was! Drzwi otwarte od poniedzia\u0142ku 4 maja :) #muzeumpapiernictwa #koronawirus #dusznikizdroj #czekamynawas #dozobaczeniawkr\u00f3tce #odpoczywajwpolsce\" width=\"300\" height=\"300\" srcset=\"https:\/\/muzeumpapiernictwa.pl\/wp-content\/uploads\/2020\/04\/czekamy-na-was-drzwi-otwarte-od-poniedzialku-4-maj-300x300.jpg 300w, https:\/\/muzeumpapiernictwa.pl\/wp-content\/uploads\/2020\/04\/czekamy-na-was-drzwi-otwarte-od-poniedzialku-4-maj-150x150.jpg 150w, https:\/\/muzeumpapiernictwa.pl\/wp-content\/uploads\/2020\/04\/czekamy-na-was-drzwi-otwarte-od-poniedzialku-4-maj-600x600.jpg 600w, https:\/\/muzeumpapiernictwa.pl\/wp-content\/uploads\/2020\/04\/czekamy-na-was-drzwi-otwarte-od-poniedzialku-4-maj.jpg 640w\" sizes=\"auto, (max-width: 300px) 100vw, 300px\" \/><\/a><\/p>\n<p><\/p>","protected":false},"excerpt":{"rendered":"<p>Pandemie koronaviru v\u00fdrazn\u011b zm\u011bnila n\u00e1\u0161 \u017eivot. P\u0159eru\u0161ila tak\u00e9 velmi dobr\u00e9 obdob\u00ed pro Muzeum pap\u00edrenstv\u00ed, kter\u00e9 se v prvn\u00edch t\u00fddnech roku 2020 t\u011b\u0161ilo obrovsk\u00e9mu z\u00e1jmu turist\u016f. V lednu a \u00fanoru jsme zaznamenali 75% n\u00e1r\u016fst po\u010dtu n\u00e1v\u0161t\u011bvn\u00edk\u016f ve srovn\u00e1n\u00ed se stejn\u00fdm obdob\u00edm roku 2019. Na z\u00e1klad\u011b rozhodnut\u00ed st\u00e1tn\u00edch org\u00e1n\u016f muzeum nep\u0159ij\u00edmalo n\u00e1v\u0161t\u011bvn\u00edky od 12. b\u0159ezna. Zintenz\u00edvnili jsme [&hellip;]<\/p>\n","protected":false},"author":2,"featured_media":15101,"parent":137,"menu_order":623,"comment_status":"open","ping_status":"open","template":"","meta":{"_acf_changed":false,"ngg_post_thumbnail":0,"footnotes":""},"class_list":["post-15087","page","type-page","status-publish","has-post-thumbnail","hentry"],"acf":[],"_links":{"self":[{"href":"https:\/\/muzeumpapiernictwa.pl\/cz\/wp-json\/wp\/v2\/pages\/15087","targetHints":{"allow":["GET"]}}],"collection":[{"href":"https:\/\/muzeumpapiernictwa.pl\/cz\/wp-json\/wp\/v2\/pages"}],"about":[{"href":"https:\/\/muzeumpapiernictwa.pl\/cz\/wp-json\/wp\/v2\/types\/page"}],"author":[{"embeddable":true,"href":"https:\/\/muzeumpapiernictwa.pl\/cz\/wp-json\/wp\/v2\/users\/2"}],"replies":[{"embeddable":true,"href":"https:\/\/muzeumpapiernictwa.pl\/cz\/wp-json\/wp\/v2\/comments?post=15087"}],"version-history":[{"count":19,"href":"https:\/\/muzeumpapiernictwa.pl\/cz\/wp-json\/wp\/v2\/pages\/15087\/revisions"}],"predecessor-version":[{"id":15202,"href":"https:\/\/muzeumpapiernictwa.pl\/cz\/wp-json\/wp\/v2\/pages\/15087\/revisions\/15202"}],"up":[{"embeddable":true,"href":"https:\/\/muzeumpapiernictwa.pl\/cz\/wp-json\/wp\/v2\/pages\/137"}],"wp:featuredmedia":[{"embeddable":true,"href":"https:\/\/muzeumpapiernictwa.pl\/cz\/wp-json\/wp\/v2\/media\/15101"}],"wp:attachment":[{"href":"https:\/\/muzeumpapiernictwa.pl\/cz\/wp-json\/wp\/v2\/media?parent=15087"}],"curies":[{"name":"wp","href":"https:\/\/api.w.org\/{rel}","templated":true}]}}