{"id":1492,"date":"2012-07-29T16:38:33","date_gmt":"2012-07-29T14:38:33","guid":{"rendered":"http:\/\/muzeumpapiernictwa.pl\/?page_id=1492"},"modified":"2015-08-24T10:36:30","modified_gmt":"2015-08-24T08:36:30","slug":"xii-swieto-papieru-juz-za-nami","status":"publish","type":"page","link":"https:\/\/muzeumpapiernictwa.pl\/cz\/aktuality\/xii-svatek-papiru-28-29-cervence-2012\/","title":{"rendered":"XII. Sv\u00e1tek Pap\u00edru 28.\u201329. \u010cervence 2012"},"content":{"rendered":"<p><strong>Sv\u00e1tek pap\u00edru<\/strong> je nejv\u011bt\u0161\u00ed akc\u00ed, kterou od roku 2001 po\u0159\u00e1d\u00e1 Muzeum pap\u00edrenstv\u00ed v Dusznikach Zdroji. Prob\u00edh\u00e1 v\u00a0posledn\u00edm \u010dervencov\u00e9m v\u00edkendu na n\u00e1dvo\u0159\u00ed muzea od 10.00 do 18.00hodin. V\u00fdznam tohoto p\u0159edsevzet\u00ed roste ka\u017ed\u00fdm rokem. Zaznamen\u00e1v\u00e1me tak\u00e9 \u010d\u00edm d\u00e1l v\u011bt\u0161\u00ed z\u00e1jem o akci.<\/p>\n<p>Sv\u00e1tek je dvoudenn\u00ed slavnost seznamuj\u00edc\u00ed s naukou o pap\u00edru a jeho histori\u00ed, s jeho v\u00fdznamem pro rozvoj civilizace a \u00falohou v\u00a0sou\u010dasn\u00e9m sv\u011bt\u011b. Akce m\u00e1 tak\u00e9 za c\u00edl propagovat du\u0161nick\u00fd pap\u00edrensk\u00fd ml\u00fdn, kter\u00fd pat\u0159\u00ed k nejcenn\u011bj\u0161\u00edm technick\u00fdm pam\u00e1tk\u00e1m a nejv\u011bt\u0161\u00edm turistick\u00fdm atrakc\u00edm v Polsku (v roce 2011 z rozhodnut\u00ed prezidenta Polsk\u00e9 republiky byl pap\u00edrn\u011b ud\u011blen status historick\u00e9ho pomn\u00edku). V\u00a0roce 1562 byla zaps\u00e1na prvn\u00ed zm\u00ednka o pap\u00edrn\u011b v Dusznikach \u2013 v souvislosti se 450. v\u00fdro\u010d\u00edm t\u00e9to ud\u00e1losti budeme \u0161iroce popularizovat historii pap\u00edrensk\u00e9ho ml\u00fdna.<\/p>\n<p>My\u0161lenkou slavnosti je umo\u017enit n\u00e1v\u0161t\u011bvn\u00edk\u016fm aktivn\u011b se \u00fa\u010dastnit p\u0159ipravovan\u00fdch workshop\u016f a ka\u017ed\u00fd si bude moci odn\u00e9st v\u00fdsledky sv\u00e9 pr\u00e1ce na pam\u00e1tku n\u00e1v\u0161t\u011bvy Muzea pap\u00edrenstv\u00ed. Host\u00e9 si budou moci sami vyrobit arch \u010derpan\u00e9ho pap\u00edru, prozkoumat jeho vlastnosti a charakter (pomoc\u00ed star\u00fdch laboratorn\u00edch p\u0159\u00edstroj\u016f), poznat tiska\u0159sk\u00e9 techniky (typografii, hlubotisk a knihtisk) a starobyl\u00e9 zp\u016fsoby zdoben\u00ed arch\u016f pap\u00edru (mramorov\u00e1n\u00ed, shibori, batika). Akci dopl\u0148uj\u00ed st\u00e1nky v\u00fdtvarn\u00edk\u016f pap\u00edrov\u00e9ho um\u011bn\u00ed a st\u00e1nky s\u00a0ru\u010dn\u00edmi v\u00fdrobky a region\u00e1ln\u00edmi suven\u00fdry.<\/p>\n<p>\n\t\t<style type=\"text\/css\">\n\t\t\t#gallery-4 {\n\t\t\t\tmargin: auto;\n\t\t\t}\n\t\t\t#gallery-4 .gallery-item {\n\t\t\t\tfloat: left;\n\t\t\t\tmargin-top: 10px;\n\t\t\t\ttext-align: center;\n\t\t\t\twidth: 33%;\n\t\t\t}\n\t\t\t#gallery-4 img {\n\t\t\t\tborder: 2px solid #cfcfcf;\n\t\t\t}\n\t\t\t#gallery-4 .gallery-caption {\n\t\t\t\tmargin-left: 0;\n\t\t\t}\n\t\t\t\/* see gallery_shortcode() in wp-includes\/media.php *\/\n\t\t<\/style>\n\t\t<div id='gallery-4' class='gallery galleryid-1492 gallery-columns-3 gallery-size-thumbnail'><dl class='gallery-item'>\n\t\t\t<dt class='gallery-icon portrait'>\n\t\t\t\t<a href='https:\/\/muzeumpapiernictwa.pl\/wp-content\/uploads\/2014\/11\/01.plakat-na-wwwSP2012.jpg' title=\"\" data-rl_title=\"\" class=\"rl-gallery-link\" data-rl_caption=\"\" data-rel=\"lightbox-gallery-4\"><img loading=\"lazy\" decoding=\"async\" width=\"150\" height=\"150\" src=\"https:\/\/muzeumpapiernictwa.pl\/wp-content\/uploads\/2014\/11\/01.plakat-na-wwwSP2012-150x150.jpg\" class=\"attachment-thumbnail size-thumbnail\" \/><\/a>\n\t\t\t<\/dt><\/dl><dl class='gallery-item'>\n\t\t\t<dt class='gallery-icon landscape'>\n\t\t\t\t<a href='https:\/\/muzeumpapiernictwa.pl\/wp-content\/uploads\/2014\/11\/02.XII_.jpg' title=\"\" data-rl_title=\"\" class=\"rl-gallery-link\" data-rl_caption=\"\" data-rel=\"lightbox-gallery-4\"><img loading=\"lazy\" decoding=\"async\" width=\"150\" height=\"150\" src=\"https:\/\/muzeumpapiernictwa.pl\/wp-content\/uploads\/2014\/11\/02.XII_-150x150.jpg\" class=\"attachment-thumbnail size-thumbnail\" \/><\/a>\n\t\t\t<\/dt><\/dl><dl class='gallery-item'>\n\t\t\t<dt class='gallery-icon landscape'>\n\t\t\t\t<a href='https:\/\/muzeumpapiernictwa.pl\/wp-content\/uploads\/2014\/11\/Sp-2012-na-str.jpg' title=\"\" data-rl_title=\"\" class=\"rl-gallery-link\" data-rl_caption=\"\" data-rel=\"lightbox-gallery-4\"><img loading=\"lazy\" decoding=\"async\" width=\"150\" height=\"150\" src=\"https:\/\/muzeumpapiernictwa.pl\/wp-content\/uploads\/2014\/11\/Sp-2012-na-str-150x150.jpg\" class=\"attachment-thumbnail size-thumbnail\" \/><\/a>\n\t\t\t<\/dt><\/dl><br style=\"clear: both\" \/><dl class='gallery-item'>\n\t\t\t<dt class='gallery-icon landscape'>\n\t\t\t\t<a href='https:\/\/muzeumpapiernictwa.pl\/wp-content\/uploads\/2014\/11\/SP2012-na-str.jpg' title=\"\" data-rl_title=\"\" class=\"rl-gallery-link\" data-rl_caption=\"\" data-rel=\"lightbox-gallery-4\"><img loading=\"lazy\" decoding=\"async\" width=\"150\" height=\"150\" src=\"https:\/\/muzeumpapiernictwa.pl\/wp-content\/uploads\/2014\/11\/SP2012-na-str-150x150.jpg\" class=\"attachment-thumbnail size-thumbnail\" \/><\/a>\n\t\t\t<\/dt><\/dl><dl class='gallery-item'>\n\t\t\t<dt class='gallery-icon landscape'>\n\t\t\t\t<a href='https:\/\/muzeumpapiernictwa.pl\/wp-content\/uploads\/2014\/11\/Wystep-zespolu-Allegro.jpg' title=\"\" data-rl_title=\"\" class=\"rl-gallery-link\" data-rl_caption=\"\" data-rel=\"lightbox-gallery-4\"><img loading=\"lazy\" decoding=\"async\" width=\"150\" height=\"150\" src=\"https:\/\/muzeumpapiernictwa.pl\/wp-content\/uploads\/2014\/11\/Wystep-zespolu-Allegro-150x150.jpg\" class=\"attachment-thumbnail size-thumbnail\" \/><\/a>\n\t\t\t<\/dt><\/dl>\n\t\t\t<br style='clear: both' \/>\n\t\t<\/div>\n<\/p>","protected":false},"excerpt":{"rendered":"<p>Sv\u00e1tek pap\u00edru je nejv\u011bt\u0161\u00ed akc\u00ed, kterou od roku 2001 po\u0159\u00e1d\u00e1 Muzeum pap\u00edrenstv\u00ed v Dusznikach Zdroji. Prob\u00edh\u00e1 v\u00a0posledn\u00edm \u010dervencov\u00e9m v\u00edkendu na n\u00e1dvo\u0159\u00ed muzea od 10.00 do 18.00hodin. V\u00fdznam tohoto p\u0159edsevzet\u00ed roste ka\u017ed\u00fdm rokem. Zaznamen\u00e1v\u00e1me tak\u00e9 \u010d\u00edm d\u00e1l v\u011bt\u0161\u00ed z\u00e1jem o akci. Sv\u00e1tek je dvoudenn\u00ed slavnost seznamuj\u00edc\u00ed s naukou o pap\u00edru a jeho histori\u00ed, s jeho v\u00fdznamem [&hellip;]<\/p>\n","protected":false},"author":1,"featured_media":1496,"parent":137,"menu_order":1034,"comment_status":"open","ping_status":"open","template":"","meta":{"_acf_changed":false,"ngg_post_thumbnail":0,"footnotes":""},"class_list":["post-1492","page","type-page","status-publish","has-post-thumbnail","hentry"],"acf":[],"_links":{"self":[{"href":"https:\/\/muzeumpapiernictwa.pl\/cz\/wp-json\/wp\/v2\/pages\/1492","targetHints":{"allow":["GET"]}}],"collection":[{"href":"https:\/\/muzeumpapiernictwa.pl\/cz\/wp-json\/wp\/v2\/pages"}],"about":[{"href":"https:\/\/muzeumpapiernictwa.pl\/cz\/wp-json\/wp\/v2\/types\/page"}],"author":[{"embeddable":true,"href":"https:\/\/muzeumpapiernictwa.pl\/cz\/wp-json\/wp\/v2\/users\/1"}],"replies":[{"embeddable":true,"href":"https:\/\/muzeumpapiernictwa.pl\/cz\/wp-json\/wp\/v2\/comments?post=1492"}],"version-history":[{"count":2,"href":"https:\/\/muzeumpapiernictwa.pl\/cz\/wp-json\/wp\/v2\/pages\/1492\/revisions"}],"predecessor-version":[{"id":2465,"href":"https:\/\/muzeumpapiernictwa.pl\/cz\/wp-json\/wp\/v2\/pages\/1492\/revisions\/2465"}],"up":[{"embeddable":true,"href":"https:\/\/muzeumpapiernictwa.pl\/cz\/wp-json\/wp\/v2\/pages\/137"}],"wp:featuredmedia":[{"embeddable":true,"href":"https:\/\/muzeumpapiernictwa.pl\/cz\/wp-json\/wp\/v2\/media\/1496"}],"wp:attachment":[{"href":"https:\/\/muzeumpapiernictwa.pl\/cz\/wp-json\/wp\/v2\/media?parent=1492"}],"curies":[{"name":"wp","href":"https:\/\/api.w.org\/{rel}","templated":true}]}}