{"id":14132,"date":"2019-10-16T11:42:46","date_gmt":"2019-10-16T09:42:46","guid":{"rendered":"http:\/\/muzeumpapiernictwa.pl\/?page_id=14132"},"modified":"2020-05-07T10:40:04","modified_gmt":"2020-05-07T08:40:04","slug":"papiernia-na-liscie-informacyjnej-unesco","status":"publish","type":"page","link":"https:\/\/muzeumpapiernictwa.pl\/cz\/aktuality\/papiernia-na-liscie-informacyjnej-unesco\/","title":{"rendered":"Pap\u00edrensk\u00fd ml\u00fdn v Dusznikach-Zdroji je polsk\u00fdm uchaze\u010dem o z\u00e1pis na seznam UNESCO"},"content":{"rendered":"<p><strong>Dne 16. \u0159\u00edjna 2019 ministerstvo kultury a n\u00e1rodn\u00edho d\u011bdictv\u00ed navrhlo pap\u00edrensk\u00fd ml\u00fdn v Dusznikach-Zdroji jako uchaze\u010de Polska o z\u00e1pis na Seznam sv\u011btov\u00e9ho kulturn\u00edho d\u011bdictv\u00ed UNESCO. Dokumentaci p\u0159ipravenou N\u00e1rodn\u00edm institutem d\u011bdictv\u00ed ve spolupr\u00e1ci s ministerstvem kultury a Muzeem pap\u00edrenstv\u00ed podepsala n\u00e1m\u011bstkyn\u011b ministra kultury, gener\u00e1ln\u00ed konzerv\u00e1tor pam\u00e1tek prof. dr hab. Magdalena Gawin.<\/strong><\/p>\n<p>Pap\u00edrna postaven\u00e1 v Dusznikach-Zdroji p\u0159ed rokem 1562 se dnes pova\u017euje za jednu z nejkr\u00e1sn\u011bj\u0161\u00edch postindustri\u00e1ln\u00edch budov na sv\u011bt\u011b. Budova m\u00e1 bohat\u011b zdoben\u00e9 fas\u00e1dy a uvnit\u0159 polychromie s\u00a0tajemnou biblickou sc\u00e9nou Josef a man\u017eelka Putifara. Um\u011bleck\u00e1 hodnota nev\u0161edn\u00ed u jin\u00fdch objekt\u016f se pou\u017e\u00edv\u00e1 p\u0159i stanoven\u00ed ceny dusznick\u00e9ho objektu, odli\u0161uj\u00edc\u00ed jej od ostatn\u00edch technick\u00fdch pam\u00e1tek.<\/p>\n<p>\u00a0Po pod\u00e1n\u00ed p\u0159ihl\u00e1\u0161ky ministerstvem bude ml\u00fdn zaps\u00e1n na tzv. indikativn\u00ed seznam UNESCO (Tentative List), co\u017e je jednozna\u010dn\u00e9 se zve\u0159ejn\u011bn\u00edm kandidatury. Tato ud\u00e1lost zahajuje novou kapitolu v p\u0159\u00edprav\u011b na\u00a0z\u00e1pis na seznam UNESCO nejcenn\u011bj\u0161\u00edch evropsk\u00fdch pap\u00edrensk\u00fdch ml\u00fdn\u016f. Pod veden\u00edm Muzea pap\u00edrenstv\u00ed v Dusznikach-Zdroji \u017e\u00e1daj\u00ed o spole\u010dn\u00fd z\u00e1pis tak\u00e9 historick\u00e9 pap\u00edrny z\u00a0\u010cesk\u00e9 republiky (Velk\u00e9 Losiny), N\u011bmecka (Homburg) a Francie (Ambert). C\u00edlem dal\u0161\u00edch aktivit bude p\u0159\u00edprava v obdob\u00ed asi \u010dty\u0159 let spole\u010dn\u00e9 mezin\u00e1rodn\u00ed nominace na seznam UNESCO, kter\u00e1 bude obsahovat nejcenn\u011bj\u0161\u00ed historick\u00e9 pap\u00edrny z Polska, \u010cesk\u00e9 republiky, N\u011bmecka, Francie a mo\u017en\u00e1 i z\u00a0jin\u00fdch zem\u00ed.<\/p>\n<p>\u00a0Muzeum pap\u00edrenstv\u00ed mus\u00ed prov\u00e9st \u0159adu p\u0159\u00edpravn\u00fdch \u010dinnost\u00ed. Je t\u0159eba zintenzivnit v\u00fdzkum historie pap\u00edrenstv\u00ed, a to nejen v Polsku, ale i ve sv\u011bt\u011b. To umo\u017en\u00ed polsk\u00e9mu za\u0159\u00edzen\u00ed p\u0159em\u011bnit se v mezin\u00e1rodn\u00ed st\u0159edisko pro shroma\u017e\u010fov\u00e1n\u00ed a \u0161\u00ed\u0159en\u00ed znalost\u00ed o historii pap\u00edrenstv\u00ed. V\u00fdsledky v\u00fdzkumu budou tak\u00e9 pou\u017eity pro vypracov\u00e1n\u00ed \u017e\u00e1dosti o z\u00e1pis pap\u00edrny na seznam UNESCO, ve kter\u00e9 budou n\u00e1\u0161 objekt a dal\u0161\u00ed evropsk\u00e9 pap\u00edrny p\u0159esn\u011b pops\u00e1ny. Dal\u0161\u00edm mimo\u0159\u00e1dn\u011b d\u016fle\u017eit\u00fdm \u00fakolem bude modernizace muze\u00e1ln\u00edch expozic, aby zvl\u00e1dly mnohem v\u011bt\u0161\u00ed po\u010det n\u00e1v\u0161t\u011bvn\u00edk\u016f ne\u017e nyn\u00ed. Nezbytn\u00e9 je tak\u00e9 vytvo\u0159en\u00ed odpov\u00eddaj\u00edc\u00ed turistick\u00e9 infrastruktury v\u00a0pap\u00edrn\u011b \u2013 mj. centra turistick\u00fdch slu\u017eeb, stravovac\u00edch za\u0159\u00edzen\u00ed, parkovac\u00edch m\u00edst. Z\u00e1pis na seznam UNESCO je spojen s n\u011bkolikan\u00e1sobn\u00fdm n\u00e1r\u016fstem po\u010dtu n\u00e1v\u0161t\u011bvn\u00edk\u016f. Mus\u00edme se na to dob\u0159e p\u0159ipravit.<\/p>\n<p>\u00a0Indikativn\u00ed seznam UNESCO (Tentative List) je seznam m\u00edst, kter\u00e1 si zaslou\u017e\u00ed b\u00fdt zaps\u00e1na na Seznam sv\u011btov\u00e9ho d\u011bdictv\u00ed, nach\u00e1zej\u00edc\u00edch se na \u00fazem\u00ed jednotliv\u00fdch zem\u00ed sv\u011bta. Seznam tvo\u0159\u00ed objekty, kter\u00e9 st\u00e1t chce v\u00a0kr\u00e1tkodob\u00e9m horizontu navrhnout pro z\u00e1pis na Seznam sv\u011btov\u00e9ho d\u011bdictv\u00ed UNESCO.<\/p>\n<p>\u00a0<em>Dr hab. Maciej Szymczyk<br \/>\n<\/em><em>\u0159editel Muzea pap\u00edrenstv\u00ed<\/em><\/p>","protected":false},"excerpt":{"rendered":"<p>Dne 16. \u0159\u00edjna 2019 ministerstvo kultury a n\u00e1rodn\u00edho d\u011bdictv\u00ed navrhlo pap\u00edrensk\u00fd ml\u00fdn v Dusznikach-Zdroji jako uchaze\u010de Polska o z\u00e1pis na Seznam sv\u011btov\u00e9ho kulturn\u00edho d\u011bdictv\u00ed UNESCO. Dokumentaci p\u0159ipravenou N\u00e1rodn\u00edm institutem d\u011bdictv\u00ed ve spolupr\u00e1ci s ministerstvem kultury a Muzeem pap\u00edrenstv\u00ed podepsala n\u00e1m\u011bstkyn\u011b ministra kultury, gener\u00e1ln\u00ed konzerv\u00e1tor pam\u00e1tek prof. dr hab. Magdalena Gawin. Pap\u00edrna postaven\u00e1 v Dusznikach-Zdroji p\u0159ed [&hellip;]<\/p>\n","protected":false},"author":4,"featured_media":14141,"parent":137,"menu_order":796,"comment_status":"open","ping_status":"open","template":"","meta":{"_acf_changed":false,"ngg_post_thumbnail":0,"footnotes":""},"class_list":["post-14132","page","type-page","status-publish","has-post-thumbnail","hentry"],"acf":[],"_links":{"self":[{"href":"https:\/\/muzeumpapiernictwa.pl\/cz\/wp-json\/wp\/v2\/pages\/14132","targetHints":{"allow":["GET"]}}],"collection":[{"href":"https:\/\/muzeumpapiernictwa.pl\/cz\/wp-json\/wp\/v2\/pages"}],"about":[{"href":"https:\/\/muzeumpapiernictwa.pl\/cz\/wp-json\/wp\/v2\/types\/page"}],"author":[{"embeddable":true,"href":"https:\/\/muzeumpapiernictwa.pl\/cz\/wp-json\/wp\/v2\/users\/4"}],"replies":[{"embeddable":true,"href":"https:\/\/muzeumpapiernictwa.pl\/cz\/wp-json\/wp\/v2\/comments?post=14132"}],"version-history":[{"count":21,"href":"https:\/\/muzeumpapiernictwa.pl\/cz\/wp-json\/wp\/v2\/pages\/14132\/revisions"}],"predecessor-version":[{"id":15129,"href":"https:\/\/muzeumpapiernictwa.pl\/cz\/wp-json\/wp\/v2\/pages\/14132\/revisions\/15129"}],"up":[{"embeddable":true,"href":"https:\/\/muzeumpapiernictwa.pl\/cz\/wp-json\/wp\/v2\/pages\/137"}],"wp:featuredmedia":[{"embeddable":true,"href":"https:\/\/muzeumpapiernictwa.pl\/cz\/wp-json\/wp\/v2\/media\/14141"}],"wp:attachment":[{"href":"https:\/\/muzeumpapiernictwa.pl\/cz\/wp-json\/wp\/v2\/media?parent=14132"}],"curies":[{"name":"wp","href":"https:\/\/api.w.org\/{rel}","templated":true}]}}