{"id":12960,"date":"2019-05-31T15:40:18","date_gmt":"2019-05-31T13:40:18","guid":{"rendered":"http:\/\/muzeumpapiernictwa.pl\/?page_id=12960"},"modified":"2019-05-31T15:40:18","modified_gmt":"2019-05-31T13:40:18","slug":"zawiadomienie-o-wyborze-najkorzystniejszej-oferty-na-swiadczenie-kompleksowej-uslugi-sprzatania","status":"publish","type":"page","link":"https:\/\/muzeumpapiernictwa.pl\/cz\/polski-bip\/polski-ogloszenia\/zawiadomienie-o-wyborze-najkorzystniejszej-oferty-na-swiadczenie-kompleksowej-uslugi-sprzatania\/","title":{"rendered":"Zawiadomienie o wyborze najkorzystniejszej oferty na \u015bwiadczenie kompleksowej us\u0142ugi sprz\u0105tania"},"content":{"rendered":"<p class=\"qtranxs-available-languages-message qtranxs-available-languages-message-cz\"><span><\/span><\/p>","protected":false},"excerpt":{"rendered":"","protected":false},"author":4,"featured_media":0,"parent":3125,"menu_order":1667,"comment_status":"open","ping_status":"open","template":"bip.php","meta":{"_acf_changed":false,"ngg_post_thumbnail":0,"footnotes":""},"class_list":["post-12960","page","type-page","status-publish","hentry"],"acf":[],"_links":{"self":[{"href":"https:\/\/muzeumpapiernictwa.pl\/cz\/wp-json\/wp\/v2\/pages\/12960","targetHints":{"allow":["GET"]}}],"collection":[{"href":"https:\/\/muzeumpapiernictwa.pl\/cz\/wp-json\/wp\/v2\/pages"}],"about":[{"href":"https:\/\/muzeumpapiernictwa.pl\/cz\/wp-json\/wp\/v2\/types\/page"}],"author":[{"embeddable":true,"href":"https:\/\/muzeumpapiernictwa.pl\/cz\/wp-json\/wp\/v2\/users\/4"}],"replies":[{"embeddable":true,"href":"https:\/\/muzeumpapiernictwa.pl\/cz\/wp-json\/wp\/v2\/comments?post=12960"}],"version-history":[{"count":0,"href":"https:\/\/muzeumpapiernictwa.pl\/cz\/wp-json\/wp\/v2\/pages\/12960\/revisions"}],"up":[{"embeddable":true,"href":"https:\/\/muzeumpapiernictwa.pl\/cz\/wp-json\/wp\/v2\/pages\/3125"}],"wp:attachment":[{"href":"https:\/\/muzeumpapiernictwa.pl\/cz\/wp-json\/wp\/v2\/media?parent=12960"}],"curies":[{"name":"wp","href":"https:\/\/api.w.org\/{rel}","templated":true}]}}