{"id":11812,"date":"2018-12-13T09:06:26","date_gmt":"2018-12-13T08:06:26","guid":{"rendered":"http:\/\/muzeumpapiernictwa.pl\/?page_id=11812"},"modified":"2025-05-19T15:38:30","modified_gmt":"2025-05-19T13:38:30","slug":"zaplanuj-wizyte-w-muzeum","status":"publish","type":"page","link":"https:\/\/muzeumpapiernictwa.pl\/cz\/polski-zaplanuj-wizyte-w-muzeum\/","title":{"rendered":"Napl\u00e1nujte si n\u00e1v\u0161t\u011bvu muzea"},"content":{"rendered":"<p><\/p>\n<p><strong>Otev\u00edrac\u00ed doba<\/strong><\/p>\n<p>listopad \u2013 duben:<br \/>\n\u00fater\u00fd \u2013 ned\u011ble 9:00-15:00<\/p>\n<p>kv\u011bten \u2013 srpen:<br \/>\nopnd\u011bl\u00ed \u2013 sobota 9:00-18:00<br \/>\nned\u011ble 9:00\u201316:00<\/p>\n<p>z\u00e1\u0159\u00ed \u2013 \u0159\u00edjen:<br \/>\npond\u011bl\u00ed \u2013 sobota 9:00-17:00,<br \/>\nned\u011ble 9:00-16:00<\/p>\n<p><strong>B\u011bhem zimn\u00edch pr\u00e1zdnin je muzeum otev\u0159eno:<\/strong><\/p>\n<p>pond\u011bl\u00ed \u2013 sobota 9:00-18:00<br \/>\nned\u011ble 9:00-16:00<\/p>\n<hr>\n<p><strong>V n\u00e1sleduj\u00edc\u00edch dnech je muzeum uzav\u0159eno<\/strong><\/p>\n<p>Pond\u011bl\u00ed \u2013 od listopadu do dubna (krom\u011b zimn\u00edch pr\u00e1zdnin)<br \/>\nNov\u00fd rok \u2013 1. ledna<br \/>\nEpiphany \u2013 6. ledna<br \/>\nVelikonoce \u2013 1. a 2. sv\u00e1tek<br \/>\nT\u011blo kristovo<br \/>\nV\u0161ech svat\u00fdch \u2013 1. listopadu<br \/>\nDen nez\u00e1vislosti \u2013 11. listopadu<br \/>\nV\u00e1noce \u2013 25. a 26. prosince<\/p>\n<hr>\n<p><strong>D\u016fle\u017eit\u00e9<\/strong><\/p>\n<p>Na prohl\u00eddku cel\u00e9ho muzea byste si m\u011bli vyhradit p\u0159ibli\u017en\u011b 1,5 hodiny.<br \/>\nZah\u00e1jen\u00ed prohl\u00eddky je mo\u017en\u00e9 nejpozd\u011bji 1,5 hodiny p\u0159ed uzav\u0159en\u00edm.<\/p>\n<p>Pokud n\u00e1v\u0161t\u011bvn\u00edci doraz\u00ed pozd\u011bji ne\u017e v tuto dobu, bude jim k dispozici pouze \u010d\u00e1st prohl\u00eddky. Nedostatek \u010dasu n\u00e1v\u0161t\u011bvn\u00edk\u016f v\u00fdstavy nen\u00ed d\u016fvodem k reklamaci.<\/p>\n<hr>\n<p><strong>Pokyny pro n\u00e1v\u0161t\u011bvn\u00edky<\/strong><\/p>\n<p>P\u0159i pohybu uvnit\u0159 pap\u00edrny d\u00e1vejte pozor na pr\u016fchody mezi m\u00edstnostmi. Pozor pros\u00edm na n\u00edzk\u00e9 z\u00e1rubn\u011b, strm\u00e9 schody a nestandardn\u00ed stupn\u011b.<br \/>\nBudovy pap\u00edren v Duszniki-Zdr\u00f3j byly postaveny od 16. do 18. stolet\u00ed. V d\u016fsledku toho mnoho zde pou\u017eit\u00fdch architektonick\u00fdch \u0159e\u0161en\u00ed neodpov\u00edd\u00e1 sou\u010dasn\u00fdm stavebn\u00edm p\u0159edpis\u016fm pro novostavby. Z tohoto d\u016fvodu na n\u011bkter\u00fdch m\u00edstech tras hroz\u00ed potenci\u00e1ln\u00ed nebezpe\u010d\u00ed.<\/p>\n<p>&nbsp;<\/p>\n<p><a href=\"https:\/\/muzeumpapiernictwa.pl\/cz\/regulamin-zwiedzania-muzeum-papiernictwa\/\">Pravidla pro n\u00e1v\u0161t\u011bvu Muzea pap\u00edru<\/a><\/p>\n<p>&nbsp;<\/p>\n<h1>VYBERTE MO\u017dNOST:<\/h1>\n<p>&nbsp;<\/p>\n<p><a href=\"#zwiedzanie-indywidualne\"><img loading=\"lazy\" decoding=\"async\" class=\"alignleft wp-image-20616\" src=\"https:\/\/muzeumpapiernictwa.pl\/wp-content\/uploads\/2023\/05\/zwiedzanie-indywidualne-CZ-150x150.png\" alt=\"\" width=\"500\" height=\"155\" srcset=\"https:\/\/muzeumpapiernictwa.pl\/wp-content\/uploads\/2023\/05\/zwiedzanie-indywidualne-CZ-300x93.png 300w, https:\/\/muzeumpapiernictwa.pl\/wp-content\/uploads\/2023\/05\/zwiedzanie-indywidualne-CZ-1024x318.png 1024w, https:\/\/muzeumpapiernictwa.pl\/wp-content\/uploads\/2023\/05\/zwiedzanie-indywidualne-CZ-768x238.png 768w, https:\/\/muzeumpapiernictwa.pl\/wp-content\/uploads\/2023\/05\/zwiedzanie-indywidualne-CZ-600x186.png 600w, https:\/\/muzeumpapiernictwa.pl\/wp-content\/uploads\/2023\/05\/zwiedzanie-indywidualne-CZ-1536x477.png 1536w, https:\/\/muzeumpapiernictwa.pl\/wp-content\/uploads\/2023\/05\/zwiedzanie-indywidualne-CZ-2048x636.png 2048w\" sizes=\"auto, (max-width: 500px) 100vw, 500px\" \/><\/a><\/p>\n<p>&nbsp;<\/p>\n<p><a href=\"#zwiedzanie-w-grupie\"><img loading=\"lazy\" decoding=\"async\" class=\"alignleft wp-image-20617\" src=\"https:\/\/muzeumpapiernictwa.pl\/wp-content\/uploads\/2023\/05\/zwiedzanie-w-grupie-CZ-150x150.png\" alt=\"\" width=\"500\" height=\"175\" srcset=\"https:\/\/muzeumpapiernictwa.pl\/wp-content\/uploads\/2023\/05\/zwiedzanie-w-grupie-CZ-300x105.png 300w, https:\/\/muzeumpapiernictwa.pl\/wp-content\/uploads\/2023\/05\/zwiedzanie-w-grupie-CZ-1024x358.png 1024w, https:\/\/muzeumpapiernictwa.pl\/wp-content\/uploads\/2023\/05\/zwiedzanie-w-grupie-CZ-768x269.png 768w, https:\/\/muzeumpapiernictwa.pl\/wp-content\/uploads\/2023\/05\/zwiedzanie-w-grupie-CZ-600x210.png 600w, https:\/\/muzeumpapiernictwa.pl\/wp-content\/uploads\/2023\/05\/zwiedzanie-w-grupie-CZ-1536x538.png 1536w, https:\/\/muzeumpapiernictwa.pl\/wp-content\/uploads\/2023\/05\/zwiedzanie-w-grupie-CZ-2048x717.png 2048w\" sizes=\"auto, (max-width: 500px) 100vw, 500px\" \/><\/a><\/p>\n<p>&nbsp;<\/p>\n<p>&nbsp;<\/p>\n<p>&nbsp;<\/p>\n<p>&nbsp;<\/p>\n<p>&nbsp;<\/p>\n<p>&nbsp;<\/p>\n<p>&nbsp;<\/p>\n<p>&nbsp;<\/p>\n<p>&nbsp;<\/p>\n<p>&nbsp;<\/p>\n<p>&nbsp;<\/p>\n<p>&nbsp;<\/p>\n<p>&nbsp;<\/p>\n<p>&nbsp;<\/p>\n<h1>&nbsp;<\/h1>\n<h1>&nbsp;<\/h1>\n<h1>&nbsp;<\/h1>\n<h1>&nbsp;<\/h1>\n<h1>&nbsp;<\/h1>\n<h1>&nbsp;<\/h1>\n<h1>&nbsp;<\/h1>\n<h1>&nbsp;<\/h1>\n<p id=\"zwiedzanie-indywidualne\"><strong>&nbsp;<\/strong><\/p>\n<h1>Individu\u00e1ln\u00ed prohl\u00eddka<\/h1>\n<hr>\n<p><strong>Jak nav\u0161t\u00edvit<\/strong><\/p>\n<p>N\u00e1v\u0161t\u011bva muzea zahrnuje komentovanou\/audiopr\u016fvodcovou prohl\u00eddku Route I With Paper Through Two Millennia a nez\u00e1vislou prohl\u00eddku Route II Art and Money, tedy aktu\u00e1ln\u00ed do\u010dasn\u00e9 v\u00fdstavy (v\u010detn\u011b Paper Art Gallery), m\u00edstnosti s polychromiemi a polsk\u00e9 pap\u00edrov\u00e9 pen\u00edze v\u00fdstava.<\/p>\n<hr>\n<p><strong>Jak pou\u017e\u00edvat audiopr\u016fvodce<\/strong><\/p>\n<p>Ka\u017ed\u00fd n\u00e1v\u0161t\u011bvn\u00edk m\u016f\u017ee vyu\u017e\u00edt audiopr\u016fvodce, za jeho\u017e pron\u00e1jem ne\u00fa\u010dtujeme \u017e\u00e1dn\u00e9 dal\u0161\u00ed poplatky.<\/p>\n<p>Audiopr\u016fvodci jsou k dispozici v n\u00e1sleduj\u00edc\u00edch jazykov\u00fdch verz\u00edch: pol\u0161tina, \u010de\u0161tina, angli\u010dtina, n\u011bm\u010dina a ukrajin\u0161tina. V polsk\u00e9 verzi si nav\u00edc m\u016f\u017eete zvolit tzv rodinn\u00e1 cesta navr\u017een\u00e1 s ohledem na d\u011bti.<\/p>\n<p>Zvukov\u00fd pr\u016fvodce je k dispozici jako soubor MP3 pro v\u00e1\u0161 telefon nebo tablet. Sta\u010d\u00ed m\u00edt u sebe sluch\u00e1tka a u pokladny naskenovat QR k\u00f3d s odkazem nebo st\u00e1hnout soubor<\/p>\n<p><a href=\"https:\/\/muzeumpapiernictwa.pl\/wp-content\/uploads\/2023\/05\/2023-05-audioprzewodnik-CZ_mixdown2.mp3\">St\u00e1hn\u011bte si audiopr\u016fvodce<\/a><\/p>\n<hr>\n<p><strong>D\u00edlna na v\u00fdrobu pap\u00edru<\/strong><\/p>\n<p>Za p\u0159\u00edplatek se m\u016f\u017eete z\u00fa\u010dastnit workshop\u016f v\u00fdroby pap\u00edru, kter\u00e9 prob\u00edhaj\u00ed v pracovn\u00ed dny muzea v celou hodinu. Vstupenky je mo\u017en\u00e9 zakoupit v pracovn\u00ed dny na pokladn\u011b, o v\u00edkendu i online. Posledn\u00ed lekce za\u010d\u00ednaj\u00ed hodinu p\u0159ed zav\u00edrac\u00ed dobou.<\/p>\n<p>\u00da\u010dastn\u00edci workshopu vyr\u00e1b\u011bj\u00ed karty r\u016fzn\u00fdch tvar\u016f s rostlinn\u00fdmi prvky, co\u017e je technika vyvinut\u00e1 ve st\u0159edov\u011bk\u00e9 It\u00e1lii. Ru\u010dn\u011b vyroben\u00e1 prost\u011bradla jsou ulo\u017eena jako pam\u00e1tka na pobyt v muzeu.<\/p>\n<p>Maxim\u00e1ln\u00ed po\u010det \u00fa\u010dastn\u00edk\u016f: 7 \/ 1 h<\/p>\n<p>V\u011bkov\u00e1 skupina: 5+<\/p>\n<hr>\n<p><a href=\"https:\/\/bilety.muzeumpapiernictwa.pl\/rezerwacja\/wydarzenie.html?d=3&amp;lang=en\"><img loading=\"lazy\" decoding=\"async\" class=\"alignleft wp-image-20623\" src=\"https:\/\/muzeumpapiernictwa.pl\/wp-content\/uploads\/2023\/05\/kup-bilet-CZ-150x150.png\" alt=\"\" width=\"150\" height=\"73\" srcset=\"https:\/\/muzeumpapiernictwa.pl\/wp-content\/uploads\/2023\/05\/kup-bilet-CZ-300x146.png 300w, https:\/\/muzeumpapiernictwa.pl\/wp-content\/uploads\/2023\/05\/kup-bilet-CZ-600x292.png 600w, https:\/\/muzeumpapiernictwa.pl\/wp-content\/uploads\/2023\/05\/kup-bilet-CZ.png 658w\" sizes=\"auto, (max-width: 150px) 100vw, 150px\" \/><\/a><\/p>\n<p>&nbsp;<\/p>\n<p>&nbsp;<\/p>\n<p>&nbsp;<\/p>\n<h1>&nbsp;<\/h1>\n<h1>&nbsp;<\/h1>\n<h1>&nbsp;<\/h1>\n<h1>&nbsp;<\/h1>\n<h1>&nbsp;<\/h1>\n<p id=\"zwiedzanie-w-grupie\"><strong>&nbsp;<\/strong><\/p>\n<h1>Skupinov\u00e1 prohl\u00eddka (min. 10 osob)<\/h1>\n<hr>\n<p><strong>Muzejn\u00ed v\u00fdstavy<\/strong><\/p>\n<p>Na prohl\u00eddku cel\u00e9ho muzea si mus\u00edte vyhradit alespo\u0148 2 hodiny.<\/p>\n<p>Prohl\u00eddka m\u016f\u017ee za\u010d\u00edt nejpozd\u011bji 2 hodiny p\u0159ed zav\u00edrac\u00ed dobou. Pokud n\u00e1v\u0161t\u011bvn\u00edci doraz\u00ed do za\u0159\u00edzen\u00ed pozd\u011bji, m\u016f\u017ee jim b\u00fdt zp\u0159\u00edstupn\u011bna pouze trasa I (podrobnosti n\u00ed\u017ee). P\u0159\u00edli\u0161 m\u00e1lo \u010dasu, kter\u00fd n\u00e1v\u0161t\u011bvn\u00edci v\u011bnuj\u00ed n\u00e1v\u0161t\u011bv\u011b v\u00fdstavy, nen\u00ed d\u016fvodem ke st\u00ed\u017enosti.<\/p>\n<hr>\n<p><strong>Jak nav\u0161t\u00edvit<\/strong><\/p>\n<p>N\u00e1v\u0161t\u011bva muzea zahrnuje komentovanou\/audiopr\u016fvodcovou prohl\u00eddku Route I With Paper Through Two Millennia a nez\u00e1vislou prohl\u00eddku Route II Art and Money, tedy aktu\u00e1ln\u00ed do\u010dasn\u00e9 v\u00fdstavy (v\u010detn\u011b Paper Art Gallery), m\u00edstnosti s polychromiemi a polsk\u00e9 pap\u00edrov\u00e9 pen\u00edze v\u00fdstava.<\/p>\n<hr>\n<p><strong>Muzejn\u00ed lekce<\/strong><\/p>\n<ul style=\"list-style-type: circle;\">\n<li>v\u010detn\u011b n\u00e1v\u0161t\u011bvy z\u00e1kladn\u00ed trasy o historii pap\u00edru a v\u00fdroby pap\u00edru S pap\u00edrem p\u0159es dv\u011b tis\u00edcilet\u00ed a praktick\u00e9 hodiny,<\/li>\n<li>jsou ur\u010deny pouze pro skupiny,<\/li>\n<li>prob\u00edhaj\u00ed od pond\u011bl\u00ed do p\u00e1tku.<\/li>\n<\/ul>\n<p>Praktick\u00e1 cvi\u010den\u00ed jsou dokonal\u00fdm dopl\u0148kem u\u010diva historie, um\u011bn\u00ed a techniky, usnad\u0148uj\u00ed \u00fa\u010dastn\u00edk\u016fm kontakt s muzejn\u00edm expon\u00e1tem a u\u010d\u00ed je objevovat v n\u011bm r\u016fzn\u00e9 obsahy. Praktick\u00e1 \u010d\u00e1st lekce usnad\u0148uje osvojen\u00ed nov\u00fdch znalost\u00ed a dovednost\u00ed a odveden\u00e1 pr\u00e1ce \u00fa\u010dastn\u00edk\u016f je zaj\u00edmav\u00fdm suven\u00fdrem z pobytu v pap\u00edrn\u011b.<\/p>\n<hr>\n<p><a href=\"https:\/\/bilety.muzeumpapiernictwa.pl\/index.html?lang=en\"><img loading=\"lazy\" decoding=\"async\" class=\"alignleft wp-image-20624\" src=\"https:\/\/muzeumpapiernictwa.pl\/wp-content\/uploads\/2023\/05\/kup-bilet-zarezerwuj-CZ-150x150.png\" alt=\"\" width=\"150\" height=\"73\" srcset=\"https:\/\/muzeumpapiernictwa.pl\/wp-content\/uploads\/2023\/05\/kup-bilet-zarezerwuj-CZ-300x146.png 300w, https:\/\/muzeumpapiernictwa.pl\/wp-content\/uploads\/2023\/05\/kup-bilet-zarezerwuj-CZ-600x292.png 600w, https:\/\/muzeumpapiernictwa.pl\/wp-content\/uploads\/2023\/05\/kup-bilet-zarezerwuj-CZ.png 658w\" sizes=\"auto, (max-width: 150px) 100vw, 150px\" \/><\/a><\/p>\n<p><\/p>","protected":false},"excerpt":{"rendered":"<p>Otev\u00edrac\u00ed doba listopad \u2013 duben: \u00fater\u00fd \u2013 ned\u011ble 9:00-15:00 kv\u011bten \u2013 srpen: opnd\u011bl\u00ed \u2013 sobota 9:00-18:00 ned\u011ble 9:00\u201316:00 z\u00e1\u0159\u00ed \u2013 \u0159\u00edjen: pond\u011bl\u00ed \u2013 sobota 9:00-17:00, ned\u011ble 9:00-16:00 B\u011bhem zimn\u00edch pr\u00e1zdnin je muzeum otev\u0159eno: pond\u011bl\u00ed \u2013 sobota 9:00-18:00 ned\u011ble 9:00-16:00 V n\u00e1sleduj\u00edc\u00edch dnech je muzeum uzav\u0159eno Pond\u011bl\u00ed \u2013 od listopadu do dubna (krom\u011b zimn\u00edch pr\u00e1zdnin) Nov\u00fd [&hellip;]<\/p>\n","protected":false},"author":2,"featured_media":0,"parent":0,"menu_order":226,"comment_status":"open","ping_status":"open","template":"","meta":{"_acf_changed":false,"ngg_post_thumbnail":0,"footnotes":""},"class_list":["post-11812","page","type-page","status-publish","hentry"],"acf":[],"_links":{"self":[{"href":"https:\/\/muzeumpapiernictwa.pl\/cz\/wp-json\/wp\/v2\/pages\/11812","targetHints":{"allow":["GET"]}}],"collection":[{"href":"https:\/\/muzeumpapiernictwa.pl\/cz\/wp-json\/wp\/v2\/pages"}],"about":[{"href":"https:\/\/muzeumpapiernictwa.pl\/cz\/wp-json\/wp\/v2\/types\/page"}],"author":[{"embeddable":true,"href":"https:\/\/muzeumpapiernictwa.pl\/cz\/wp-json\/wp\/v2\/users\/2"}],"replies":[{"embeddable":true,"href":"https:\/\/muzeumpapiernictwa.pl\/cz\/wp-json\/wp\/v2\/comments?post=11812"}],"version-history":[{"count":328,"href":"https:\/\/muzeumpapiernictwa.pl\/cz\/wp-json\/wp\/v2\/pages\/11812\/revisions"}],"predecessor-version":[{"id":24236,"href":"https:\/\/muzeumpapiernictwa.pl\/cz\/wp-json\/wp\/v2\/pages\/11812\/revisions\/24236"}],"wp:attachment":[{"href":"https:\/\/muzeumpapiernictwa.pl\/cz\/wp-json\/wp\/v2\/media?parent=11812"}],"curies":[{"name":"wp","href":"https:\/\/api.w.org\/{rel}","templated":true}]}}