{"id":104,"date":"2014-11-13T17:17:05","date_gmt":"2014-11-13T16:17:05","guid":{"rendered":"http:\/\/muzeumpapiernictwa.pl\/?page_id=104"},"modified":"2024-01-03T11:38:08","modified_gmt":"2024-01-03T10:38:08","slug":"lekcje-muzealne-i-warsztaty","status":"publish","type":"page","link":"https:\/\/muzeumpapiernictwa.pl\/cz\/vzdelavani\/muzejni-vyucovani-a-workshopy\/","title":{"rendered":"Muzejn\u00ed vyu\u010dov\u00e1n\u00ed a workshopy"},"content":{"rendered":"<p><\/p>\n<p>COVID-19!!! Vzhledem k p\u0159etrv\u00e1vaj\u00edc\u00edmu riziku n\u00e1kazy pracujeme na pon\u011bkud odli\u0161n\u00fdch principech: \u2013 mus\u00edme se vyhnout shlukov\u00e1n\u00ed lid\u00ed, proto omezujeme po\u010det n\u00e1v\u0161t\u011bvn\u00edk\u016f muzea na 10 osob na p\u016fl hodiny, \u2013 abychom zabr\u00e1nili front\u00e1m do muzea, zavedli jsme telefonickou rezervaci, proto p\u0159ed pl\u00e1novanou n\u00e1v\u0161t\u011bvou je nejl\u00e9pe zavolat na \u010d\u00edslo\u00a0<strong>748\u00a0627\u00a0424<\/strong>\u00a0a dohodnout \u010das vstupu, \u2013 stejn\u011b jako v\u00a0cel\u00e9m Polsku jsou prohl\u00eddky mo\u017en\u00e9 v rou\u0161ce a pou\u017e\u00edvaj\u00ed se dezinfek\u010dn\u00ed prost\u0159edky na ruce, \u2013 pro n\u00e1v\u0161t\u011bvn\u00edky jsme p\u0159ipravili obsah zvukov\u00e9ho pr\u016fvodce ke sta\u017een\u00ed na smartphony (na\u0161e zvukov\u00e9 pr\u016fvodce jsou tak\u00e9 dostupn\u00e9 a po ka\u017ed\u00e9m pou\u017eit\u00ed jsou dezinfikov\u00e1ny), \u2013 je mo\u017en\u00e9 vyrobit si vlastn\u00ed list pap\u00edru, tak\u00e9 s dodr\u017een\u00edm zvl\u00e1\u0161tn\u00edch bezpe\u010dnostn\u00edch opat\u0159en\u00ed. V r\u00e1mci na\u0161\u00ed vzd\u011bl\u00e1vac\u00ed nab\u00eddky nab\u00edz\u00edme d\u00edlny ur\u010den\u00e9 v\u0161em v\u011bkov\u00fdm skupin\u00e1m. Popularizujeme d\u011bjiny pap\u00edru, techniky jeho vytv\u00e1\u0159en\u00ed a tak\u00e9 r\u016fzn\u00e9 zp\u016fsoby vyu\u017e\u00edv\u00e1n\u00ed tohoto materi\u00e1lu. Muzejn\u00ed vyu\u010dov\u00e1n\u00ed jsou dokonal\u00fdm dopln\u011bn\u00edm vyu\u010dovac\u00edho programu d\u011bjin, um\u011bn\u00ed nebo fyziky, usnad\u0148uj\u00ed \u00fa\u010dastn\u00edk\u016fm kontakt s muzejn\u00edm expon\u00e1tem cestou objevov\u00e1n\u00ed v n\u011bm r\u016fznorod\u00fdch v\u00fdznam\u016f. Workshopy zase usnad\u0148uj\u00ed osvojen\u00ed nov\u00fdch v\u011bdomost\u00ed a dovednost\u00ed. Pr\u00e1ce, kter\u00e9 \u00fa\u010dastn\u00edci vytvo\u0159\u00ed, jsou zaj\u00edmav\u00fdm suven\u00fdrem z pobytu v pap\u00edrensk\u00e9m ml\u00fdn\u011b.<\/p>\n<p><a href=\"http:\/\/muzeumpapiernictwa.pl\/cz\/galerie\/galerie-workshopy\/\" target=\"_blank\" rel=\"noopener noreferrer\">Galerie &#8211; Workshopy<\/a><\/p>\n<h3>Muzejn\u00ed vyu\u010dov\u00e1n\u00ed<\/h3>\n<ul>\n<li>zahrnuj\u00ed prohl\u00eddku muzea s pr\u016fvodcem a workshopy;<\/li>\n<li>jsou ur\u010deny skupin\u00e1m;<\/li>\n<li>je nutn\u00e1 p\u0159edchoz\u00ed <a href=\"https:\/\/bilety.muzeumpapiernictwa.pl\/index.html?lang=en\">rezervace<\/a>;<\/li>\n<\/ul>\n<h3><strong>Workshopy<\/strong><\/h3>\n<ul>\n<li>to jsou praktick\u00e9 hodiny veden\u00e9 zam\u011bstnanci muzea;<\/li>\n<li>jsou ur\u010deny osob\u00e1m, kter\u00e9 muzeum ji\u017e nav\u0161t\u00edvily;<\/li>\n<li>jsou ur\u010deny skupin\u00e1m, s v\u00fdjimkou workshopu Ru\u010dn\u00ed pr\u00e1ce z pap\u00edru (samostatn\u00e9 \u010derp\u00e1n\u00ed pap\u00edru), kter\u00fd je dostupn\u00fd rovn\u011b\u017e pro individu\u00e1ln\u00ed n\u00e1v\u0161t\u011bvn\u00edky;<\/li>\n<li>workshopy pro skupiny je nutn\u00e9 p\u0159edem <a href=\"https:\/\/bilety.muzeumpapiernictwa.pl\/index.html?lang=en\">rezervovat<\/a>.<\/li>\n<\/ul>\n<p><a href=\"https:\/\/bilety.muzeumpapiernictwa.pl\/index.html?lang=en\">Koupit j\u00edzdenku<\/a>.<\/p>\n<h3><strong>Informace:<\/strong><\/h3>\n<p>Vzd\u011bl\u00e1vac\u00ed odd\u011blen\u00ed<\/p>\n<p>tel. +48 748 627 426<br \/>\nedukacja@muzpap.pl<\/p>\n<p><\/p>","protected":false},"excerpt":{"rendered":"<p>COVID-19!!! Vzhledem k p\u0159etrv\u00e1vaj\u00edc\u00edmu riziku n\u00e1kazy pracujeme na pon\u011bkud odli\u0161n\u00fdch principech: \u2013 mus\u00edme se vyhnout shlukov\u00e1n\u00ed lid\u00ed, proto omezujeme po\u010det n\u00e1v\u0161t\u011bvn\u00edk\u016f muzea na 10 osob na p\u016fl hodiny, \u2013 abychom zabr\u00e1nili front\u00e1m do muzea, zavedli jsme telefonickou rezervaci, proto p\u0159ed pl\u00e1novanou n\u00e1v\u0161t\u011bvou je nejl\u00e9pe zavolat na \u010d\u00edslo\u00a0748\u00a0627\u00a0424\u00a0a dohodnout \u010das vstupu, \u2013 stejn\u011b jako v\u00a0cel\u00e9m Polsku [&hellip;]<\/p>\n","protected":false},"author":1,"featured_media":0,"parent":170,"menu_order":146,"comment_status":"open","ping_status":"open","template":"","meta":{"_acf_changed":false,"ngg_post_thumbnail":0,"footnotes":""},"class_list":["post-104","page","type-page","status-publish","hentry"],"acf":[],"_links":{"self":[{"href":"https:\/\/muzeumpapiernictwa.pl\/cz\/wp-json\/wp\/v2\/pages\/104","targetHints":{"allow":["GET"]}}],"collection":[{"href":"https:\/\/muzeumpapiernictwa.pl\/cz\/wp-json\/wp\/v2\/pages"}],"about":[{"href":"https:\/\/muzeumpapiernictwa.pl\/cz\/wp-json\/wp\/v2\/types\/page"}],"author":[{"embeddable":true,"href":"https:\/\/muzeumpapiernictwa.pl\/cz\/wp-json\/wp\/v2\/users\/1"}],"replies":[{"embeddable":true,"href":"https:\/\/muzeumpapiernictwa.pl\/cz\/wp-json\/wp\/v2\/comments?post=104"}],"version-history":[{"count":165,"href":"https:\/\/muzeumpapiernictwa.pl\/cz\/wp-json\/wp\/v2\/pages\/104\/revisions"}],"predecessor-version":[{"id":21858,"href":"https:\/\/muzeumpapiernictwa.pl\/cz\/wp-json\/wp\/v2\/pages\/104\/revisions\/21858"}],"up":[{"embeddable":true,"href":"https:\/\/muzeumpapiernictwa.pl\/cz\/wp-json\/wp\/v2\/pages\/170"}],"wp:attachment":[{"href":"https:\/\/muzeumpapiernictwa.pl\/cz\/wp-json\/wp\/v2\/media?parent=104"}],"curies":[{"name":"wp","href":"https:\/\/api.w.org\/{rel}","templated":true}]}}