{"id":1023,"date":"2013-07-25T16:06:27","date_gmt":"2013-07-25T14:06:27","guid":{"rendered":"http:\/\/muzeumpapiernictwa.pl\/?page_id=1023"},"modified":"2015-08-24T10:36:55","modified_gmt":"2015-08-24T08:36:55","slug":"wystawa-mandala-wiatru-yasu-suzuki","status":"publish","type":"page","link":"https:\/\/muzeumpapiernictwa.pl\/cz\/aktuality\/japonsky-umelec-na-xiii-svatku-papiru-v-dusznikach-mandala-vetru-a-reinkarnace-kosile\/","title":{"rendered":"Japonsk\u00fd um\u011blec na XIII. Sv\u00e1tku Pap\u00edru v Dusznikach mandala v\u011btru a reinkarnace ko\u0161ile"},"content":{"rendered":"<p>Sv\u00e1tek pap\u00edru v\u00a0roce 2013 m\u011bl velmi v\u00fdrazn\u00e9 japonsk\u00e9 rysy. Hlavn\u011b d\u00edky Yasu Suzuki \u2013 fotografovi, profesorovi na Kyoto University of Art and Design. Vernis\u00e1\u017e v\u00fdstavy jeho prac\u00ed prob\u011bhla v\u00a0sobotu 27. \u010dervence. Inspir\u00e1torem a komisa\u0159em v\u00fdstavy je prof. Jerzy Olek, v\u00fdtvarn\u00fd um\u011blec a teoretik um\u011bn\u00ed, kter\u00fd se v\u011bnuje fotografii a multimedi\u00e1ln\u00edmu um\u011bn\u00ed.<\/p>\n<p>Yasu Suzuka zd\u016fraz\u0148uje, \u017ee zdrojem jeho inspirac\u00ed je v\u00fdchodn\u00ed filozofie a duchovno. \u201eT\u00e9matem m\u00fdch fotografi\u00ed je cyklus, reinkarnace, symbi\u00f3za a klid. \u017divot zrozen\u00fd z\u00a0mo\u0159e se rozv\u00edj\u00ed d\u00edky laskavosti slunce a existuje v\u00a0p\u0159\u00edrod\u011b v\u00a0symbi\u00f3ze s\u00a0jin\u00fdmi bytostmi, a nakonec se vrac\u00ed k\u00a0Matce P\u0159\u00edrod\u011b. Sv\u00fdm um\u011bn\u00edm bych cht\u011bl vyj\u00e1d\u0159it podstatu tohoto cyklu a dotknout se ne viditeln\u00e9ho, ale neviditeln\u00e9ho\u201c \u2013 uv\u00e1d\u00ed fotograf v katalogu v\u00fdstavy.<\/p>\n<p>Aby mohl po\u0159\u00eddit fotografie pro cyklus \u201eMandala v\u011btru\u201c, autor s\u00e1m zkonstruoval velkoform\u00e1tov\u00fd d\u00edrkov\u00fd fotoapar\u00e1t. K\u00a0tomu pou\u017eil techniku camera obscura zn\u00e1mou ji\u017e od starov\u011bku, ale pro\u00a0zhotoven\u00ed otvoru ve tvaru ku\u017eele v\u00a0hlin\u00edkov\u00e9 \u010deln\u00ed desce apar\u00e1tu (oby\u010dejn\u00fd apar\u00e1t m\u00e1 na tomto m\u00edst\u011b objektiv) pou\u017eil po\u010d\u00edta\u010dov\u011b \u0159\u00edzen\u00fd vrtac\u00ed stroj. Obraz dosahovan\u00fd touto technikou se vyzna\u010duje m\u011bkkost\u00ed, jemn\u00fdmi kontrasty, rozmyt\u00edm a pastelovou barevnost\u00ed. A pr\u00e1v\u011b takov\u00e9 jsou fotografie Yasu Suzuki. Efekt je n\u00e1soben pou\u017eit\u00edm ru\u010dn\u011b \u010derpan\u00e9ho pap\u00edru, vyroben\u00e9ho starojaponskou technikou washi, kter\u00fd um\u011blec speci\u00e1ln\u011b zpracoval ve spolupr\u00e1ci s pap\u00edrnou.<\/p>\n<p>Krom\u011b p\u0159ekr\u00e1sn\u00fdch fotogram\u016f Yasu Suzuka p\u0159edstavuje tak\u00e9 na v\u00fdstav\u011b cyklus \u201eportr\u00e9t\u016f\u201c zhotoven\u00fdch z\u00a0ko\u0161il, kter\u00fd pojmenoval \u201eReinkarnace ko\u0161ile \u2013 nirv\u00e1na ko\u0161ile\u201c. Mezi pr\u00e1ce se \u0159ad\u00ed tak\u00e9 ty, kter\u00e9 byly vytvo\u0159eny z\u00a0ko\u0161il, mj. Jana Miodka a Wojciecha Malajkata.<\/p>\n<p>D\u0159\u00edve ne\u017e nastala \u00e9ra levn\u00e9 velkopr\u016fmyslov\u00e9 v\u00fdroby, byla tkanina n\u011b\u010d\u00edm hodnotn\u00fdm. Oble\u010den\u00ed se nosilo dlouh\u00e9 roky, s\u00a0t\u00edm, \u017ee se opravovalo a upravovalo tak, aby d\u00e9le slou\u017eilo. Dnes se zkr\u00e1tka koup\u00ed nov\u00e9 a star\u00e9 se vyhod\u00ed. Yasu Suzuka se rozhodl vdechnout ko\u0161il\u00edm nov\u00fd \u017eivot, dodat jim hodnotu jejich p\u0159em\u011bnou na um\u011bn\u00ed, vyabstrahovat z nich kr\u00e1su. Neporu\u0161en\u00fdmi nech\u00e1v\u00e1 l\u00edmec a \u010d\u00e1st s\u00a0knofl\u00edky a zbytek obnovuje do p\u016fvodn\u00edho stavu \u010dili do etapy \u010dist\u00e9 bavlny nebo hedv\u00e1b\u00ed. K\u00a0tomu pou\u017e\u00edv\u00e1 starojaponsk\u00e9 techniky pou\u017e\u00edvan\u00e9 p\u0159i v\u00fdrob\u011b pap\u00edru washi (japonsk\u00fd ru\u010dn\u011b \u010derpan\u00fd pap\u00edr) a pak dod\u00e1v\u00e1 l\u00e1tce vhodnou formu.<\/p>\n<p>Um\u011blec je\u0161t\u011b p\u0159ed vernis\u00e1\u017e\u00ed p\u0159edstavil sv\u016fj workshop. P\u0159ed zraky publika vyrobil \u201eportr\u00e9t\u201c z\u00a0ko\u0161ile Korneliusze Pacudy, zn\u00e1m\u00e9ho novin\u00e1\u0159e a hudebn\u00edho kritika. Japonsk\u00fd um\u011blec p\u0159ed zah\u00e1jen\u00edm pr\u00e1ce pronesl buddhistickou modlitbu, kter\u00e1 m\u011bla dodat d\u00edlu rovn\u011b\u017e p\u0159\u00edslu\u0161n\u00fd duchovn\u00ed rozm\u011br.<\/p>\n<p>Pr\u00e1ce Yasu Suzuki si budete moci prohl\u00e9dnout v Muzeu pap\u00edrenstv\u00ed do konce pr\u00e1zdnin 2013.<\/p>\n<p>\n\t\t<style type=\"text\/css\">\n\t\t\t#gallery-4 {\n\t\t\t\tmargin: auto;\n\t\t\t}\n\t\t\t#gallery-4 .gallery-item {\n\t\t\t\tfloat: left;\n\t\t\t\tmargin-top: 10px;\n\t\t\t\ttext-align: center;\n\t\t\t\twidth: 33%;\n\t\t\t}\n\t\t\t#gallery-4 img {\n\t\t\t\tborder: 2px solid #cfcfcf;\n\t\t\t}\n\t\t\t#gallery-4 .gallery-caption {\n\t\t\t\tmargin-left: 0;\n\t\t\t}\n\t\t\t\/* see gallery_shortcode() in wp-includes\/media.php *\/\n\t\t<\/style>\n\t\t<div id='gallery-4' class='gallery galleryid-1023 gallery-columns-3 gallery-size-thumbnail'><dl class='gallery-item'>\n\t\t\t<dt class='gallery-icon landscape'>\n\t\t\t\t<a href='https:\/\/muzeumpapiernictwa.pl\/wp-content\/uploads\/2014\/11\/IMG_2013_07_27_4288.jpg' title=\"\" data-rl_title=\"\" class=\"rl-gallery-link\" data-rl_caption=\"\" data-rel=\"lightbox-gallery-4\"><img loading=\"lazy\" decoding=\"async\" width=\"150\" height=\"150\" src=\"https:\/\/muzeumpapiernictwa.pl\/wp-content\/uploads\/2014\/11\/IMG_2013_07_27_4288-150x150.jpg\" class=\"attachment-thumbnail size-thumbnail\" \/><\/a>\n\t\t\t<\/dt><\/dl><dl class='gallery-item'>\n\t\t\t<dt class='gallery-icon landscape'>\n\t\t\t\t<a href='https:\/\/muzeumpapiernictwa.pl\/wp-content\/uploads\/2014\/11\/IMG_2013_07_27_4301.jpg' title=\"\" data-rl_title=\"\" class=\"rl-gallery-link\" data-rl_caption=\"\" data-rel=\"lightbox-gallery-4\"><img loading=\"lazy\" decoding=\"async\" width=\"150\" height=\"150\" src=\"https:\/\/muzeumpapiernictwa.pl\/wp-content\/uploads\/2014\/11\/IMG_2013_07_27_4301-150x150.jpg\" class=\"attachment-thumbnail size-thumbnail\" \/><\/a>\n\t\t\t<\/dt><\/dl><dl class='gallery-item'>\n\t\t\t<dt class='gallery-icon landscape'>\n\t\t\t\t<a href='https:\/\/muzeumpapiernictwa.pl\/wp-content\/uploads\/2014\/11\/IMG_2013_07_27_4304.jpg' title=\"\" data-rl_title=\"\" class=\"rl-gallery-link\" data-rl_caption=\"\" data-rel=\"lightbox-gallery-4\"><img loading=\"lazy\" decoding=\"async\" width=\"150\" height=\"150\" src=\"https:\/\/muzeumpapiernictwa.pl\/wp-content\/uploads\/2014\/11\/IMG_2013_07_27_4304-150x150.jpg\" class=\"attachment-thumbnail size-thumbnail\" \/><\/a>\n\t\t\t<\/dt><\/dl><br style=\"clear: both\" \/><dl class='gallery-item'>\n\t\t\t<dt class='gallery-icon landscape'>\n\t\t\t\t<a href='https:\/\/muzeumpapiernictwa.pl\/wp-content\/uploads\/2014\/11\/IMG_2013_07_27_4526.jpg' title=\"\" data-rl_title=\"\" class=\"rl-gallery-link\" data-rl_caption=\"\" data-rel=\"lightbox-gallery-4\"><img loading=\"lazy\" decoding=\"async\" width=\"150\" height=\"150\" src=\"https:\/\/muzeumpapiernictwa.pl\/wp-content\/uploads\/2014\/11\/IMG_2013_07_27_4526-150x150.jpg\" class=\"attachment-thumbnail size-thumbnail\" \/><\/a>\n\t\t\t<\/dt><\/dl>\n\t\t\t<br style='clear: both' \/>\n\t\t<\/div>\n<\/p>","protected":false},"excerpt":{"rendered":"<p>Sv\u00e1tek pap\u00edru v\u00a0roce 2013 m\u011bl velmi v\u00fdrazn\u00e9 japonsk\u00e9 rysy. Hlavn\u011b d\u00edky Yasu Suzuki \u2013 fotografovi, profesorovi na Kyoto University of Art and Design. Vernis\u00e1\u017e v\u00fdstavy jeho prac\u00ed prob\u011bhla v\u00a0sobotu 27. \u010dervence. Inspir\u00e1torem a komisa\u0159em v\u00fdstavy je prof. Jerzy Olek, v\u00fdtvarn\u00fd um\u011blec a teoretik um\u011bn\u00ed, kter\u00fd se v\u011bnuje fotografii a multimedi\u00e1ln\u00edmu um\u011bn\u00ed. Yasu Suzuka zd\u016fraz\u0148uje, \u017ee [&hellip;]<\/p>\n","protected":false},"author":1,"featured_media":1024,"parent":137,"menu_order":1013,"comment_status":"open","ping_status":"open","template":"","meta":{"_acf_changed":false,"ngg_post_thumbnail":0,"footnotes":""},"class_list":["post-1023","page","type-page","status-publish","has-post-thumbnail","hentry"],"acf":[],"_links":{"self":[{"href":"https:\/\/muzeumpapiernictwa.pl\/cz\/wp-json\/wp\/v2\/pages\/1023","targetHints":{"allow":["GET"]}}],"collection":[{"href":"https:\/\/muzeumpapiernictwa.pl\/cz\/wp-json\/wp\/v2\/pages"}],"about":[{"href":"https:\/\/muzeumpapiernictwa.pl\/cz\/wp-json\/wp\/v2\/types\/page"}],"author":[{"embeddable":true,"href":"https:\/\/muzeumpapiernictwa.pl\/cz\/wp-json\/wp\/v2\/users\/1"}],"replies":[{"embeddable":true,"href":"https:\/\/muzeumpapiernictwa.pl\/cz\/wp-json\/wp\/v2\/comments?post=1023"}],"version-history":[{"count":2,"href":"https:\/\/muzeumpapiernictwa.pl\/cz\/wp-json\/wp\/v2\/pages\/1023\/revisions"}],"predecessor-version":[{"id":2482,"href":"https:\/\/muzeumpapiernictwa.pl\/cz\/wp-json\/wp\/v2\/pages\/1023\/revisions\/2482"}],"up":[{"embeddable":true,"href":"https:\/\/muzeumpapiernictwa.pl\/cz\/wp-json\/wp\/v2\/pages\/137"}],"wp:featuredmedia":[{"embeddable":true,"href":"https:\/\/muzeumpapiernictwa.pl\/cz\/wp-json\/wp\/v2\/media\/1024"}],"wp:attachment":[{"href":"https:\/\/muzeumpapiernictwa.pl\/cz\/wp-json\/wp\/v2\/media?parent=1023"}],"curies":[{"name":"wp","href":"https:\/\/api.w.org\/{rel}","templated":true}]}}