{"id":102,"date":"2014-11-13T17:16:33","date_gmt":"2014-11-13T16:16:33","guid":{"rendered":"http:\/\/muzeumpapiernictwa.pl\/?page_id=102"},"modified":"2022-10-24T10:09:58","modified_gmt":"2022-10-24T08:09:58","slug":"czerpanie-papieru","status":"publish","type":"page","link":"https:\/\/muzeumpapiernictwa.pl\/cz\/papirna\/cerpani-papiru\/","title":{"rendered":"\u010cerp\u00e1n\u00ed pap\u00edru"},"content":{"rendered":"<p><\/p>\n<p><a href=\"http:\/\/muzeumpapiernictwa.pl\/cz\/papirna\/cerpani-papiru\/vice-o-papermakiang\/\">V\u00edce o papermakiang<\/a><\/p>\n<p>P\u0159esto\u017ee \u0159\u00edzen\u00ed profesion\u00e1ln\u00edho p\u0159\u00edstroje na \u010derp\u00e1n\u00ed pap\u00edru vy\u017eaduje v\u011bdomosti a zku\u0161enosti, jak vid\u00edme na obr\u00e1zc\u00edch, samotn\u00e1 metoda nen\u00ed nijak slo\u017eit\u00e1. M\u016f\u017eete to sami zjistit \u2013 v Muzeu pap\u00edrenstv\u00ed udr\u017eujeme historickou funkci pap\u00edrny a sami ru\u010dn\u011b vytv\u00e1\u0159\u00edme pap\u00edr metodou zn\u00e1mou od st\u0159edov\u011bku. M\u016f\u017eete na vlastn\u00ed o\u010di vid\u011bt, jak se to d\u011bl\u00e1 a nav\u00edc \u2013 m\u016f\u017eete si samostatn\u011b na\u010derpat vlastn\u00ed list pap\u00edru. Sta\u010d\u00ed vyu\u017e\u00edt nab\u00eddky na\u0161ich workshop\u016f.<\/p>\n<p><a href=\"http:\/\/muzeumpapiernictwa.pl\/cz\/vzdelavani\/\">Muzejn\u00ed vyu\u010dov\u00e1n\u00ed a workshopy<\/a><\/p>\n<p>Pap\u00edry vytv\u00e1\u0159en\u00e9 na\u0161imi profesion\u00e1ln\u00edmi \u0159emesln\u00edky a tak\u00e9 r\u016fzn\u00e9 dal\u0161\u00ed v\u00fdrobky z \u010derpan\u00e9ho pap\u00edru je mo\u017en\u00e9 zakoupit v muzejn\u00edm obch\u016fdku nebo v na\u0161em e-shopu.<\/p>\n<p><a href=\"#\">Sklep internetowy<\/a><\/p>\n<\/p>\n<p><\/p>","protected":false},"excerpt":{"rendered":"<p>V\u00edce o papermakiang P\u0159esto\u017ee \u0159\u00edzen\u00ed profesion\u00e1ln\u00edho p\u0159\u00edstroje na \u010derp\u00e1n\u00ed pap\u00edru vy\u017eaduje v\u011bdomosti a zku\u0161enosti, jak vid\u00edme na obr\u00e1zc\u00edch, samotn\u00e1 metoda nen\u00ed nijak slo\u017eit\u00e1. M\u016f\u017eete to sami zjistit \u2013 v Muzeu pap\u00edrenstv\u00ed udr\u017eujeme historickou funkci pap\u00edrny a sami ru\u010dn\u011b vytv\u00e1\u0159\u00edme pap\u00edr metodou zn\u00e1mou od st\u0159edov\u011bku. M\u016f\u017eete na vlastn\u00ed o\u010di vid\u011bt, jak se to d\u011bl\u00e1 a nav\u00edc [&hellip;]<\/p>\n","protected":false},"author":1,"featured_media":0,"parent":116,"menu_order":319,"comment_status":"open","ping_status":"open","template":"","meta":{"_acf_changed":false,"ngg_post_thumbnail":0,"footnotes":""},"class_list":["post-102","page","type-page","status-publish","hentry"],"acf":[],"_links":{"self":[{"href":"https:\/\/muzeumpapiernictwa.pl\/cz\/wp-json\/wp\/v2\/pages\/102","targetHints":{"allow":["GET"]}}],"collection":[{"href":"https:\/\/muzeumpapiernictwa.pl\/cz\/wp-json\/wp\/v2\/pages"}],"about":[{"href":"https:\/\/muzeumpapiernictwa.pl\/cz\/wp-json\/wp\/v2\/types\/page"}],"author":[{"embeddable":true,"href":"https:\/\/muzeumpapiernictwa.pl\/cz\/wp-json\/wp\/v2\/users\/1"}],"replies":[{"embeddable":true,"href":"https:\/\/muzeumpapiernictwa.pl\/cz\/wp-json\/wp\/v2\/comments?post=102"}],"version-history":[{"count":25,"href":"https:\/\/muzeumpapiernictwa.pl\/cz\/wp-json\/wp\/v2\/pages\/102\/revisions"}],"predecessor-version":[{"id":19526,"href":"https:\/\/muzeumpapiernictwa.pl\/cz\/wp-json\/wp\/v2\/pages\/102\/revisions\/19526"}],"up":[{"embeddable":true,"href":"https:\/\/muzeumpapiernictwa.pl\/cz\/wp-json\/wp\/v2\/pages\/116"}],"wp:attachment":[{"href":"https:\/\/muzeumpapiernictwa.pl\/cz\/wp-json\/wp\/v2\/media?parent=102"}],"curies":[{"name":"wp","href":"https:\/\/api.w.org\/{rel}","templated":true}]}}