{"id":1011,"date":"2013-07-28T15:21:30","date_gmt":"2013-07-28T13:21:30","guid":{"rendered":"http:\/\/muzeumpapiernictwa.pl\/?page_id=1011"},"modified":"2015-08-24T10:36:50","modified_gmt":"2015-08-24T08:36:50","slug":"to-juz-xiii-swieto-papieru","status":"publish","type":"page","link":"https:\/\/muzeumpapiernictwa.pl\/cz\/aktuality\/je-to-jiz-xiii-svatek-papiru\/","title":{"rendered":"Je to Ji\u017e XIII. Sv\u00e1tek Pap\u00edru!"},"content":{"rendered":"<p>Ve dnech 27. a 28. \u010dervence se uskute\u010dnil t\u0159in\u00e1ct\u00fd Sv\u00e1tek pap\u00edru. Akce se stala jednou z\u00a0nejd\u016fle\u017eit\u011bj\u0161\u00edch pr\u00e1zdninov\u00fdch ud\u00e1lost\u00ed na \u00fazem\u00ed Kladska, na kterou \u010dekalo mnoho turist\u016f. U\u017e mnoho let c\u00edlem slavnosti je popularizov\u00e1n\u00ed znalost\u00ed o pap\u00edru, jeho historii a v\u00fdznamu v\u00a0sou\u010dasn\u00e9m sv\u011bt\u011b (jen t\u011b\u017eko si m\u016f\u017eeme p\u0159edstavit b\u011b\u017en\u00fd den bez pap\u00edru). V pr\u016fb\u011bhu akce propagujeme tak\u00e9 dusznick\u00fd pap\u00edrensk\u00fd ml\u00fdn, kter\u00fd je jednou z\u00a0nejv\u011bt\u0161\u00edch turistick\u00fdch atrakc\u00ed v Polsku.<\/p>\n<p>XIII. ro\u010dn\u00edk byl obohacen japonsk\u00fdmi rysy, proto byl pojmenov\u00e1n \u201ejaponsk\u00e1 t\u0159in\u00e1ctka\u201c. V\u00a0sobotu v\u00fdznamn\u00fd um\u011blec Yasu Suzuka p\u0159edstavil workshop \u201eReinkarnace ko\u0161ile \u2013 nirv\u00e1na ko\u0161ile\u201c, otev\u0159eli jsme jeho v\u00fdstavu \u201eMandala v\u011btru\u201c a poslechli jsme si koncert absolventky japanistiky \u2013 Katarzyny Karpowicz \u2013 na japonsk\u00e9m n\u00e1stroji KOTO. Bylo mo\u017en\u00e9 vyrobit si KOKESHI panenku a nabarvit arch metodou SHIBORI.<\/p>\n<p>Prob\u011bhnuv\u0161\u00ed Sv\u00e1tek pap\u00edru byl velmi hork\u00fd \u2013 vedro sn\u00e1\u0161ej\u00edc\u00ed se z\u00a0nebe potr\u00e1pilo n\u00e1v\u0161t\u011bvn\u00edky, um\u011blce, vystavovatele a zam\u011bstnance muzea. Vz\u00e1jemn\u00e1 p\u0159\u00edze\u0148 a obrovsk\u00fd z\u00e1jem o atrakce se uk\u00e1zaly n\u00e1pomocn\u00fdmi p\u0159i zdol\u00e1v\u00e1n\u00ed \u00fatrap. Krom\u011b workshop\u016f, kter\u00e9 p\u0159ipravili um\u011blci a muzejn\u00ed zam\u011bstnanci, \u010dekalo na n\u00e1v\u0161t\u011bvn\u00edky a\u017e 60 tv\u016frc\u016f region\u00e1ln\u00edch suven\u00fdr\u016f.<\/p>\n<p>Velkou atrakc\u00ed sobotn\u00edho a ned\u011bln\u00edho odpoledne byly koncerty hry na KOTO. Zn\u011bn\u00ed tohoto origin\u00e1ln\u00edho japonsk\u00e9ho t\u0159in\u00e1ctistrunn\u00e9ho n\u00e1stroje jsme mohli poznat d\u00edky Katarzynie Karpowicz \u2013 absolventce japanistiky, kter\u00e1 je fascinov\u00e1na kulturou Zem\u011b kvetouc\u00edch vi\u0161n\u00ed. Sice n\u00e1stroj\u016f KOTO je v\u00a0Polsku n\u011bkolik, ale pouze pan\u00ed Katarzyna pravideln\u011b koncertuje a t\u00edmto zp\u016fsobem popularizuje japonskou hudbu. V pr\u016fb\u011bhu Sv\u00e1tku pap\u00edru bylo mo\u017en\u00e9 poslechnout si sedm skladeb navazuj\u00edc\u00edch na japonskou kulturu.<\/p>\n<p>Akce mohla b\u00fdt uspo\u0159\u00e1d\u00e1na na takov\u00e9 \u00farovni d\u00edky z\u00edskan\u00e9mu dofinancov\u00e1n\u00ed: z\u00a0rozpo\u010dtu Dolnoslezsk\u00e9ho vojevodstv\u00ed, kladsk\u00e9ho okresu a st\u0159ediskov\u00e9 obce Duszniki-Zdr\u00f3j. Oborov\u00fdm sponzorem byla firma Mondi \u015awiecie S.A.<\/p>\n<p>Sv\u00e1tek pap\u00edru se st\u00e1v\u00e1 velkou medi\u00e1ln\u00ed ud\u00e1lost\u00ed. Na akci zvala celost\u00e1tn\u00ed, region\u00e1ln\u00ed a lok\u00e1ln\u00ed m\u00e9dia a \u201e\u017eiv\u00e9\u201c p\u0159enosy vys\u00edlalo R\u00e1dio Wroc\u0142aw a nejobl\u00edben\u011bj\u0161\u00ed zpravodajsk\u00fd kan\u00e1l v\u00a0Polsku TVP INFO. Nejd\u016fle\u017eit\u011bj\u0161\u00ed v\u0161ak bylo, \u017ee se akce setkala s\u00a0uzn\u00e1n\u00edm turist\u016f \u2013 XIII. ro\u010dn\u00edku se z\u00fa\u010dastnilo skoro 8 tis. n\u00e1v\u0161t\u011bvn\u00edk\u016f, kte\u0159\u00ed si p\u0159i t\u00e9to p\u0159\u00edle\u017eitosti prohl\u00e9dli Muzeum pap\u00edrenstv\u00ed.<\/p>\n<p><em>Maciej Szymczyk<\/em><\/p>\n<p><em>\u0159editel Muzea pap\u00edrenstv\u00ed<\/em><\/p>\n<p>\n\t\t<style type=\"text\/css\">\n\t\t\t#gallery-4 {\n\t\t\t\tmargin: auto;\n\t\t\t}\n\t\t\t#gallery-4 .gallery-item {\n\t\t\t\tfloat: left;\n\t\t\t\tmargin-top: 10px;\n\t\t\t\ttext-align: center;\n\t\t\t\twidth: 33%;\n\t\t\t}\n\t\t\t#gallery-4 img {\n\t\t\t\tborder: 2px solid #cfcfcf;\n\t\t\t}\n\t\t\t#gallery-4 .gallery-caption {\n\t\t\t\tmargin-left: 0;\n\t\t\t}\n\t\t\t\/* see gallery_shortcode() in wp-includes\/media.php *\/\n\t\t<\/style>\n\t\t<div id='gallery-4' class='gallery galleryid-1011 gallery-columns-3 gallery-size-thumbnail'><dl class='gallery-item'>\n\t\t\t<dt class='gallery-icon landscape'>\n\t\t\t\t<a href='https:\/\/muzeumpapiernictwa.pl\/wp-content\/uploads\/2013\/07\/IMG_2013_07_27_4083.jpg' title=\"\" data-rl_title=\"\" class=\"rl-gallery-link\" data-rl_caption=\"\" data-rel=\"lightbox-gallery-4\"><img loading=\"lazy\" decoding=\"async\" width=\"150\" height=\"150\" src=\"https:\/\/muzeumpapiernictwa.pl\/wp-content\/uploads\/2013\/07\/IMG_2013_07_27_4083-150x150.jpg\" class=\"attachment-thumbnail size-thumbnail\" \/><\/a>\n\t\t\t<\/dt><\/dl><dl class='gallery-item'>\n\t\t\t<dt class='gallery-icon portrait'>\n\t\t\t\t<a href='https:\/\/muzeumpapiernictwa.pl\/wp-content\/uploads\/2013\/07\/IMG_2013_07_28_4634.jpg' title=\"\" data-rl_title=\"\" class=\"rl-gallery-link\" data-rl_caption=\"\" data-rel=\"lightbox-gallery-4\"><img loading=\"lazy\" decoding=\"async\" width=\"150\" height=\"150\" src=\"https:\/\/muzeumpapiernictwa.pl\/wp-content\/uploads\/2013\/07\/IMG_2013_07_28_4634-150x150.jpg\" class=\"attachment-thumbnail size-thumbnail\" \/><\/a>\n\t\t\t<\/dt><\/dl><dl class='gallery-item'>\n\t\t\t<dt class='gallery-icon landscape'>\n\t\t\t\t<a href='https:\/\/muzeumpapiernictwa.pl\/wp-content\/uploads\/2013\/07\/IMG_2322.jpg' title=\"\" data-rl_title=\"\" class=\"rl-gallery-link\" data-rl_caption=\"\" data-rel=\"lightbox-gallery-4\"><img loading=\"lazy\" decoding=\"async\" width=\"150\" height=\"150\" src=\"https:\/\/muzeumpapiernictwa.pl\/wp-content\/uploads\/2013\/07\/IMG_2322-150x150.jpg\" class=\"attachment-thumbnail size-thumbnail\" \/><\/a>\n\t\t\t<\/dt><\/dl><br style=\"clear: both\" \/><dl class='gallery-item'>\n\t\t\t<dt class='gallery-icon landscape'>\n\t\t\t\t<a href='https:\/\/muzeumpapiernictwa.pl\/wp-content\/uploads\/2013\/07\/IMG_2329.jpg' title=\"\" data-rl_title=\"\" class=\"rl-gallery-link\" data-rl_caption=\"\" data-rel=\"lightbox-gallery-4\"><img loading=\"lazy\" decoding=\"async\" width=\"150\" height=\"150\" src=\"https:\/\/muzeumpapiernictwa.pl\/wp-content\/uploads\/2013\/07\/IMG_2329-150x150.jpg\" class=\"attachment-thumbnail size-thumbnail\" \/><\/a>\n\t\t\t<\/dt><\/dl><dl class='gallery-item'>\n\t\t\t<dt class='gallery-icon landscape'>\n\t\t\t\t<a href='https:\/\/muzeumpapiernictwa.pl\/wp-content\/uploads\/2013\/07\/IMG_2382.jpg' title=\"\" data-rl_title=\"\" class=\"rl-gallery-link\" data-rl_caption=\"\" data-rel=\"lightbox-gallery-4\"><img loading=\"lazy\" decoding=\"async\" width=\"150\" height=\"150\" src=\"https:\/\/muzeumpapiernictwa.pl\/wp-content\/uploads\/2013\/07\/IMG_2382-150x150.jpg\" class=\"attachment-thumbnail size-thumbnail\" \/><\/a>\n\t\t\t<\/dt><\/dl>\n\t\t\t<br style='clear: both' \/>\n\t\t<\/div>\n<\/p>","protected":false},"excerpt":{"rendered":"<p>Ve dnech 27. a 28. \u010dervence se uskute\u010dnil t\u0159in\u00e1ct\u00fd Sv\u00e1tek pap\u00edru. Akce se stala jednou z\u00a0nejd\u016fle\u017eit\u011bj\u0161\u00edch pr\u00e1zdninov\u00fdch ud\u00e1lost\u00ed na \u00fazem\u00ed Kladska, na kterou \u010dekalo mnoho turist\u016f. U\u017e mnoho let c\u00edlem slavnosti je popularizov\u00e1n\u00ed znalost\u00ed o pap\u00edru, jeho historii a v\u00fdznamu v\u00a0sou\u010dasn\u00e9m sv\u011bt\u011b (jen t\u011b\u017eko si m\u016f\u017eeme p\u0159edstavit b\u011b\u017en\u00fd den bez pap\u00edru). V pr\u016fb\u011bhu akce propagujeme [&hellip;]<\/p>\n","protected":false},"author":1,"featured_media":1013,"parent":137,"menu_order":939,"comment_status":"open","ping_status":"open","template":"","meta":{"_acf_changed":false,"ngg_post_thumbnail":0,"footnotes":""},"class_list":["post-1011","page","type-page","status-publish","has-post-thumbnail","hentry"],"acf":[],"_links":{"self":[{"href":"https:\/\/muzeumpapiernictwa.pl\/cz\/wp-json\/wp\/v2\/pages\/1011","targetHints":{"allow":["GET"]}}],"collection":[{"href":"https:\/\/muzeumpapiernictwa.pl\/cz\/wp-json\/wp\/v2\/pages"}],"about":[{"href":"https:\/\/muzeumpapiernictwa.pl\/cz\/wp-json\/wp\/v2\/types\/page"}],"author":[{"embeddable":true,"href":"https:\/\/muzeumpapiernictwa.pl\/cz\/wp-json\/wp\/v2\/users\/1"}],"replies":[{"embeddable":true,"href":"https:\/\/muzeumpapiernictwa.pl\/cz\/wp-json\/wp\/v2\/comments?post=1011"}],"version-history":[{"count":4,"href":"https:\/\/muzeumpapiernictwa.pl\/cz\/wp-json\/wp\/v2\/pages\/1011\/revisions"}],"predecessor-version":[{"id":3389,"href":"https:\/\/muzeumpapiernictwa.pl\/cz\/wp-json\/wp\/v2\/pages\/1011\/revisions\/3389"}],"up":[{"embeddable":true,"href":"https:\/\/muzeumpapiernictwa.pl\/cz\/wp-json\/wp\/v2\/pages\/137"}],"wp:featuredmedia":[{"embeddable":true,"href":"https:\/\/muzeumpapiernictwa.pl\/cz\/wp-json\/wp\/v2\/media\/1013"}],"wp:attachment":[{"href":"https:\/\/muzeumpapiernictwa.pl\/cz\/wp-json\/wp\/v2\/media?parent=1011"}],"curies":[{"name":"wp","href":"https:\/\/api.w.org\/{rel}","templated":true}]}}